{"id":887,"date":"2024-10-28T13:57:38","date_gmt":"2024-10-28T12:57:38","guid":{"rendered":"https:\/\/roflexs.shop\/?post_type=product&#038;p=887"},"modified":"2025-12-03T20:50:56","modified_gmt":"2025-12-03T19:50:56","slug":"gift-voucher","status":"publish","type":"product","link":"https:\/\/roflexs.shop\/en\/shop\/geschenkgutschein\/","title":{"rendered":"Voucher - 25\u20ac"},"content":{"rendered":"<p><strong>Gift voucher - to print yourself<\/strong><\/p>\n<p>Are you looking for a gift that brings joy and can be used flexibly? Our print-it-yourself gift voucher is the perfect choice! Ideal for anyone who wants something special and wants to decide for themselves how to redeem it.<\/p>\n<h3>Product details:<\/h3>\n<ul>\n<li><strong>Flexibly redeemable<\/strong>: The voucher can be used across our entire range - from popular classics to exclusive new products.<\/li>\n<li><strong>Available immediately<\/strong>: After the purchase, a download button is displayed so that you can download the voucher directly as a PDF and print it out. The voucher code will also be sent to you by e-mail.<\/li>\n<li><strong>Values<\/strong>Available in the amounts of \u20ac25, \u20ac50 and \u20ac100.<\/li>\n<li><strong>Validity<\/strong>Redeemable for 3 years from date of purchase, with no hidden costs.<\/li>\n<li><strong>Important note<\/strong>Cash payment of the voucher value is not possible.<\/li>\n<\/ul>\n<h3>This is how it works:<\/h3>\n<ol>\n<li>Select the desired voucher amount and add it to the shopping basket.<\/li>\n<li>After the purchase, a download button will appear with which you can download the voucher directly. You will also receive the voucher code by e-mail.<\/li>\n<li>Print out the voucher and hand it over in person or send it on digitally.<\/li>\n<\/ol>\n<h3>Perfect for any occasion:<\/h3>\n<p>Whether it's a birthday, anniversary, Christmas or just a little treat in between - our gift voucher makes every moment a little more special.<\/p>\n<p>Give the gift of joy when and how you want - with our print-it-yourself voucher in denominations of \u20ac25, \u20ac50 and \u20ac100!<\/p>","protected":false},"excerpt":{"rendered":"<p>Geschenkgutschein \u2013 Zum Selberdrucken Suchen Sie nach einem Geschenk, das Freude macht und flexibel eingesetzt werden kann? Unser Geschenkgutschein zum Selberdrucken ist die perfekte Wahl! Ideal f\u00fcr alle, die sich etwas Besonderes w\u00fcnschen und selbst entscheiden m\u00f6chten, wie sie ihn einl\u00f6sen. Produktdetails: Flexibel einl\u00f6sbar: Der Gutschein kann in unserem gesamten Sortiment eingesetzt werden \u2013 von&hellip;<\/p>","protected":false},"featured_media":934,"comment_status":"open","ping_status":"closed","template":"","meta":[],"product_brand":[],"product_cat":[88],"product_tag":[],"class_list":{"0":"post-887","1":"product","2":"type-product","3":"status-publish","4":"has-post-thumbnail","6":"product_cat-geschenkgutscheine","8":"first","9":"instock","10":"downloadable","11":"virtual","12":"taxable","13":"purchasable","14":"product-type-simple"},"yoast_head":"<!-- This site is optimized with the Yoast SEO plugin v27.4 - https:\/\/yoast.com\/product\/yoast-seo-wordpress\/ -->\n<title>Gutschein - 25\u20ac - RoFlexs<\/title>\n<meta name=\"description\" content=\"Geschenkgutschein \u2013 Zum Selberdrucken. Suchen Sie nach einem Geschenk, das Freude macht und flexibel eingesetzt werden kann? Unser 25\u20ac Geschenkgutschein zum Selberdrucken ist die perfekte Wahl! Ideal f\u00fcr alle, die sich etwas Besonderes w\u00fcnschen und selbst entscheiden m\u00f6chten, wie sie ihn einl\u00f6sen.\" \/>\n<meta name=\"robots\" content=\"index, follow, max-snippet:-1, max-image-preview:large, max-video-preview:-1\" \/>\n<link rel=\"canonical\" href=\"https:\/\/roflexs.shop\/en\/shop\/gift-voucher\/\" \/>\n<meta property=\"og:locale\" content=\"en_GB\" \/>\n<meta property=\"og:type\" content=\"article\" \/>\n<meta property=\"og:title\" content=\"Gutschein - 25\u20ac - RoFlexs\" \/>\n<meta property=\"og:description\" content=\"Geschenkgutschein \u2013 Zum Selberdrucken. Suchen Sie nach einem Geschenk, das Freude macht und flexibel eingesetzt werden kann? Unser 25\u20ac Geschenkgutschein zum Selberdrucken ist die perfekte Wahl! Ideal f\u00fcr alle, die sich etwas Besonderes w\u00fcnschen und selbst entscheiden m\u00f6chten, wie sie ihn einl\u00f6sen.\" \/>\n<meta property=\"og:url\" content=\"https:\/\/roflexs.shop\/en\/shop\/gift-voucher\/\" \/>\n<meta property=\"og:site_name\" content=\"RoFlexs\" \/>\n<meta property=\"article:publisher\" content=\"https:\/\/www.facebook.com\/RoFlexs\" \/>\n<meta property=\"article:modified_time\" content=\"2025-12-03T19:50:56+00:00\" \/>\n<meta property=\"og:image\" content=\"https:\/\/roflexs.shop\/wp-content\/uploads\/Gutschein-2500.png\" \/>\n\t<meta property=\"og:image:width\" content=\"484\" \/>\n\t<meta property=\"og:image:height\" content=\"456\" \/>\n\t<meta property=\"og:image:type\" content=\"image\/png\" \/>\n<meta name=\"twitter:card\" content=\"summary_large_image\" \/>\n<meta name=\"twitter:label1\" content=\"Estimated reading time\" \/>\n\t<meta name=\"twitter:data1\" content=\"2 minutes\" \/>\n<script type=\"application\/ld+json\" class=\"yoast-schema-graph\">{\"@context\":\"https:\\\/\\\/schema.org\",\"@graph\":[{\"@type\":\"WebPage\",\"@id\":\"https:\\\/\\\/roflexs.shop\\\/shop\\\/geschenkgutschein\\\/\",\"url\":\"https:\\\/\\\/roflexs.shop\\\/shop\\\/geschenkgutschein\\\/\",\"name\":\"Gutschein - 25\u20ac - RoFlexs\",\"isPartOf\":{\"@id\":\"https:\\\/\\\/roflexs.shop\\\/#website\"},\"primaryImageOfPage\":{\"@id\":\"https:\\\/\\\/roflexs.shop\\\/shop\\\/geschenkgutschein\\\/#primaryimage\"},\"image\":{\"@id\":\"https:\\\/\\\/roflexs.shop\\\/shop\\\/geschenkgutschein\\\/#primaryimage\"},\"thumbnailUrl\":\"https:\\\/\\\/roflexs.shop\\\/wp-content\\\/uploads\\\/Gutschein-2500.png\",\"datePublished\":\"2024-10-28T12:57:38+00:00\",\"dateModified\":\"2025-12-03T19:50:56+00:00\",\"description\":\"Geschenkgutschein \u2013 Zum Selberdrucken. Suchen Sie nach einem Geschenk, das Freude macht und flexibel eingesetzt werden kann? Unser 25\u20ac Geschenkgutschein zum Selberdrucken ist die perfekte Wahl! Ideal f\u00fcr alle, die sich etwas Besonderes w\u00fcnschen und selbst entscheiden m\u00f6chten, wie sie ihn einl\u00f6sen.\",\"breadcrumb\":{\"@id\":\"https:\\\/\\\/roflexs.shop\\\/shop\\\/geschenkgutschein\\\/#breadcrumb\"},\"inLanguage\":\"en-GB\",\"potentialAction\":[{\"@type\":\"ReadAction\",\"target\":[\"https:\\\/\\\/roflexs.shop\\\/shop\\\/geschenkgutschein\\\/\"]}]},{\"@type\":\"ImageObject\",\"inLanguage\":\"en-GB\",\"@id\":\"https:\\\/\\\/roflexs.shop\\\/shop\\\/geschenkgutschein\\\/#primaryimage\",\"url\":\"https:\\\/\\\/roflexs.shop\\\/wp-content\\\/uploads\\\/Gutschein-2500.png\",\"contentUrl\":\"https:\\\/\\\/roflexs.shop\\\/wp-content\\\/uploads\\\/Gutschein-2500.png\",\"width\":484,\"height\":456},{\"@type\":\"BreadcrumbList\",\"@id\":\"https:\\\/\\\/roflexs.shop\\\/shop\\\/geschenkgutschein\\\/#breadcrumb\",\"itemListElement\":[{\"@type\":\"ListItem\",\"position\":1,\"name\":\"Startseite\",\"item\":\"https:\\\/\\\/roflexs.shop\\\/\"},{\"@type\":\"ListItem\",\"position\":2,\"name\":\"Gutschein &#8211; 25\u20ac\"}]},{\"@type\":\"WebSite\",\"@id\":\"https:\\\/\\\/roflexs.shop\\\/#website\",\"url\":\"https:\\\/\\\/roflexs.shop\\\/\",\"name\":\"RoFlexs\",\"description\":\"\",\"publisher\":{\"@id\":\"https:\\\/\\\/roflexs.shop\\\/#organization\"},\"potentialAction\":[{\"@type\":\"SearchAction\",\"target\":{\"@type\":\"EntryPoint\",\"urlTemplate\":\"https:\\\/\\\/roflexs.shop\\\/?s={search_term_string}\"},\"query-input\":{\"@type\":\"PropertyValueSpecification\",\"valueRequired\":true,\"valueName\":\"search_term_string\"}}],\"inLanguage\":\"en-GB\"},{\"@type\":\"Organization\",\"@id\":\"https:\\\/\\\/roflexs.shop\\\/#organization\",\"name\":\"RoFlexs GmbH\",\"url\":\"https:\\\/\\\/roflexs.shop\\\/\",\"logo\":{\"@type\":\"ImageObject\",\"inLanguage\":\"en-GB\",\"@id\":\"https:\\\/\\\/roflexs.shop\\\/#\\\/schema\\\/logo\\\/image\\\/\",\"url\":\"https:\\\/\\\/roflexs.shop\\\/wp-content\\\/uploads\\\/Logo-Roflex-quer.png\",\"contentUrl\":\"https:\\\/\\\/roflexs.shop\\\/wp-content\\\/uploads\\\/Logo-Roflex-quer.png\",\"width\":496,\"height\":180,\"caption\":\"RoFlexs GmbH\"},\"image\":{\"@id\":\"https:\\\/\\\/roflexs.shop\\\/#\\\/schema\\\/logo\\\/image\\\/\"},\"sameAs\":[\"https:\\\/\\\/www.facebook.com\\\/RoFlexs\",\"https:\\\/\\\/www.instagram.com\\\/roflexs_gmbh\\\/\",\"https:\\\/\\\/www.youtube.com\\\/user\\\/RoFlexs\\\/videos\"]}]}<\/script>\n<!-- \/ Yoast SEO plugin. -->","yoast_head_json":{"title":"Voucher - 25\u20ac - RoFlexs","description":"Gift voucher - to print yourself. Are you looking for a gift that brings joy and can be used flexibly? Our \u20ac25 gift voucher to print yourself is the perfect choice! Ideal for anyone who wants something special and wants to decide for themselves how to redeem it.","robots":{"index":"index","follow":"follow","max-snippet":"max-snippet:-1","max-image-preview":"max-image-preview:large","max-video-preview":"max-video-preview:-1"},"canonical":"https:\/\/roflexs.shop\/en\/shop\/gift-voucher\/","og_locale":"en_GB","og_type":"article","og_title":"Gutschein - 25\u20ac - RoFlexs","og_description":"Geschenkgutschein \u2013 Zum Selberdrucken. Suchen Sie nach einem Geschenk, das Freude macht und flexibel eingesetzt werden kann? Unser 25\u20ac Geschenkgutschein zum Selberdrucken ist die perfekte Wahl! Ideal f\u00fcr alle, die sich etwas Besonderes w\u00fcnschen und selbst entscheiden m\u00f6chten, wie sie ihn einl\u00f6sen.","og_url":"https:\/\/roflexs.shop\/en\/shop\/gift-voucher\/","og_site_name":"RoFlexs","article_publisher":"https:\/\/www.facebook.com\/RoFlexs","article_modified_time":"2025-12-03T19:50:56+00:00","og_image":[{"width":484,"height":456,"url":"https:\/\/roflexs.shop\/wp-content\/uploads\/Gutschein-2500.png","type":"image\/png"}],"twitter_card":"summary_large_image","twitter_misc":{"Estimated reading time":"2 minutes"},"schema":{"@context":"https:\/\/schema.org","@graph":[{"@type":"WebPage","@id":"https:\/\/roflexs.shop\/shop\/geschenkgutschein\/","url":"https:\/\/roflexs.shop\/shop\/geschenkgutschein\/","name":"Voucher - 25\u20ac - RoFlexs","isPartOf":{"@id":"https:\/\/roflexs.shop\/#website"},"primaryImageOfPage":{"@id":"https:\/\/roflexs.shop\/shop\/geschenkgutschein\/#primaryimage"},"image":{"@id":"https:\/\/roflexs.shop\/shop\/geschenkgutschein\/#primaryimage"},"thumbnailUrl":"https:\/\/roflexs.shop\/wp-content\/uploads\/Gutschein-2500.png","datePublished":"2024-10-28T12:57:38+00:00","dateModified":"2025-12-03T19:50:56+00:00","description":"Gift voucher - to print yourself. Are you looking for a gift that brings joy and can be used flexibly? Our \u20ac25 gift voucher to print yourself is the perfect choice! Ideal for anyone who wants something special and wants to decide for themselves how to redeem it.","breadcrumb":{"@id":"https:\/\/roflexs.shop\/shop\/geschenkgutschein\/#breadcrumb"},"inLanguage":"en-GB","potentialAction":[{"@type":"ReadAction","target":["https:\/\/roflexs.shop\/shop\/geschenkgutschein\/"]}]},{"@type":"ImageObject","inLanguage":"en-GB","@id":"https:\/\/roflexs.shop\/shop\/geschenkgutschein\/#primaryimage","url":"https:\/\/roflexs.shop\/wp-content\/uploads\/Gutschein-2500.png","contentUrl":"https:\/\/roflexs.shop\/wp-content\/uploads\/Gutschein-2500.png","width":484,"height":456},{"@type":"BreadcrumbList","@id":"https:\/\/roflexs.shop\/shop\/geschenkgutschein\/#breadcrumb","itemListElement":[{"@type":"ListItem","position":1,"name":"Startseite","item":"https:\/\/roflexs.shop\/"},{"@type":"ListItem","position":2,"name":"Gutschein &#8211; 25\u20ac"}]},{"@type":"WebSite","@id":"https:\/\/roflexs.shop\/#website","url":"https:\/\/roflexs.shop\/","name":"RoFlexs","description":"","publisher":{"@id":"https:\/\/roflexs.shop\/#organization"},"potentialAction":[{"@type":"SearchAction","target":{"@type":"EntryPoint","urlTemplate":"https:\/\/roflexs.shop\/?s={search_term_string}"},"query-input":{"@type":"PropertyValueSpecification","valueRequired":true,"valueName":"search_term_string"}}],"inLanguage":"en-GB"},{"@type":"Organization","@id":"https:\/\/roflexs.shop\/#organization","name":"RoFlexs GmbH","url":"https:\/\/roflexs.shop\/","logo":{"@type":"ImageObject","inLanguage":"en-GB","@id":"https:\/\/roflexs.shop\/#\/schema\/logo\/image\/","url":"https:\/\/roflexs.shop\/wp-content\/uploads\/Logo-Roflex-quer.png","contentUrl":"https:\/\/roflexs.shop\/wp-content\/uploads\/Logo-Roflex-quer.png","width":496,"height":180,"caption":"RoFlexs GmbH"},"image":{"@id":"https:\/\/roflexs.shop\/#\/schema\/logo\/image\/"},"sameAs":["https:\/\/www.facebook.com\/RoFlexs","https:\/\/www.instagram.com\/roflexs_gmbh\/","https:\/\/www.youtube.com\/user\/RoFlexs\/videos"]}]}},"_links":{"self":[{"href":"https:\/\/roflexs.shop\/en\/wp-json\/wp\/v2\/product\/887","targetHints":{"allow":["GET"]}}],"collection":[{"href":"https:\/\/roflexs.shop\/en\/wp-json\/wp\/v2\/product"}],"about":[{"href":"https:\/\/roflexs.shop\/en\/wp-json\/wp\/v2\/types\/product"}],"replies":[{"embeddable":true,"href":"https:\/\/roflexs.shop\/en\/wp-json\/wp\/v2\/comments?post=887"}],"wp:featuredmedia":[{"embeddable":true,"href":"https:\/\/roflexs.shop\/en\/wp-json\/wp\/v2\/media\/934"}],"wp:attachment":[{"href":"https:\/\/roflexs.shop\/en\/wp-json\/wp\/v2\/media?parent=887"}],"wp:term":[{"taxonomy":"product_brand","embeddable":true,"href":"https:\/\/roflexs.shop\/en\/wp-json\/wp\/v2\/product_brand?post=887"},{"taxonomy":"product_cat","embeddable":true,"href":"https:\/\/roflexs.shop\/en\/wp-json\/wp\/v2\/product_cat?post=887"},{"taxonomy":"product_tag","embeddable":true,"href":"https:\/\/roflexs.shop\/en\/wp-json\/wp\/v2\/product_tag?post=887"}],"curies":[{"name":"wp","href":"https:\/\/api.w.org\/{rel}","templated":true}]}}