{"id":704,"date":"2024-06-06T14:15:09","date_gmt":"2024-06-06T12:15:09","guid":{"rendered":"https:\/\/roflexs.shop\/?post_type=product&#038;p=704"},"modified":"2025-12-03T20:46:52","modified_gmt":"2025-12-03T19:46:52","slug":"roflexs-premium-145-trailer-fence-set","status":"publish","type":"product","link":"https:\/\/roflexs.shop\/en\/shop\/roflexs-premium-145-trailer-zaun-set\/","title":{"rendered":"RoFlexs Premium 145 Trailer fence set"},"content":{"rendered":"<div class=\"product--description\">\n<p><strong>RoFlexs Premium 145 Trailer Zaun-Set\u00a0 &#8211;\u00a0 Ein 56m\u00b2-Paddock in zwei Minuten<\/strong><\/p>\n<p><a href=\"https:\/\/roflexs.shop\/en\/video-instructions-roflexs-weidefix-fences-set-up-correctly-roflexs-shop\/\"><span style=\"color: #0000ff;\">Hier geht es zum <strong>Aufbau- und Abbau- Video<\/strong>.<\/span><\/a><\/p>\n<p><strong>Scope of delivery:<\/strong><br \/>\n4 x RoFlexs Premium 145 fence posts<br \/>\n2 x ISO holder<br \/>\n4 x screws<br \/>\n1 x Premium connection cable 0.6 m<\/p>\n<p><span style=\"color: #ff0000;\"><a href=\"https:\/\/roflexs.shop\/en\/shop\/roflexs-tragetasche-150\/\"><strong>Tragetasche<\/strong><\/a> nicht im Lieferumfang enthalten, aber optional erh\u00e4ltlich<\/span><\/p>\n<p>&nbsp;<\/p>\n<p><strong>Technical data:<\/strong><\/p>\n<p>Post length from top to cap: 145 cm<br \/>\nFence band levels: 2<\/p>\n<p>Fence band heights above ground: approx. 65 and 115 cm<br \/>\nFence tape length: 4 x 7.5 m<br \/>\nPaddock size: up to 56 m\u00b2<br \/>\nTotal weight: 14.4 kg<\/p>\n<p>Flashover protection: on aluminium profile up to 4,000 volts, plastic inside<\/p>\n<p><strong>Even higher quality, even more durable:<\/strong><br \/>\nDas RoFlexs Premium 145 Trailer Zaun Set mit speziell isolierter Anh\u00e4ngeranbindung<\/p>\n<p>Das RoFlexs Premium 145 Trailer Zaun Set vereint h\u00f6chste Qualit\u00e4t mit Flexibilit\u00e4t und Schnelligkeit. Veredelte Materialien und langlebigere Einzugsfedern werten die Premium-Serie besonders auf. F\u00fcr den Aufbau direkt neben dem Pferdeanh\u00e4nger liegen dem Trailer-Set bereits zwei <strong>ISO holder<\/strong> bei. Damit kann materialsparend ein extra Anfangspfosten eingespart werden. Zum Anschluss mobiler handels\u00fcblicher Weidezaunger\u00e4te liegt das <strong>RoFlexs Premium 0,6 m Verbindungskabel<\/strong> schon mit im Paket. Der mobilste und flexibelste Weidezaun mit selbst\u00e4ndiger Zaunband-Aufwicklung.<\/p>\n<p><strong>Safe:<\/strong><\/p>\n<ul>\n<li>\u00a0\u00a0\u00a0 Integrated overvoltage protection<\/li>\n<li>\u00a0\u00a0\u00a0 Fence protection reduces the risk of injury for horse and rider<\/li>\n<li>\u00a0\u00a0\u00a0 Better visible 20 mm wide strip<\/li>\n<li>\u00a0\u00a0\u00a0 Conduction of the guard voltage, internal<\/li>\n<li>\u00a0\u00a0\u00a0 Gentle self-winding<\/li>\n<\/ul>\n<p><strong>More robust:<\/strong><\/p>\n<ul>\n<li>\u00a0\u00a0\u00a0 Powerful reeling system, 40,000 load cycles guaranteed<\/li>\n<li>\u00a0\u00a0\u00a0 Reinforced refined aluminium profile, anodised<\/li>\n<li>\u00a0\u00a0\u00a0 Robust fence tape, UV-stable<\/li>\n<li>\u00a0\u00a0\u00a0 Impact-resistant and UV-resistant high-end plastic parts<\/li>\n<li>\u00a0\u00a0\u00a0 Galvanised steel ground spike<\/li>\n<li>\u00a0\u00a0\u00a0 2-year manufacturer's warranty<\/li>\n<li>\u00a0\u00a0\u00a0 5-year guarantee on belt feeder springs<\/li>\n<\/ul>\n<p><strong>Flexible:<\/strong><\/p>\n<ul>\n<li>\u00a0\u00a0\u00a0 Versatile assembly options<\/li>\n<li>\u00a0\u00a0\u00a0 Assembly and disassembly in under 3 minutes<\/li>\n<li>\u00a0\u00a0\u00a0 Paddock area up to 56 m\u00b2<\/li>\n<li>\u00a0\u00a0\u00a0 All RoFlexs fence posts are compatible with each other<\/li>\n<\/ul>\n<\/div>","protected":false},"excerpt":{"rendered":"<p>RoFlexs Premium 145 Trailer Zaun-Set\u00a0 &#8211;\u00a0 Ein 56m\u00b2-Paddock in zwei Minuten Hier geht es zum Aufbau- und Abbau- Video. Lieferumfang: 4 x\u00a0 RoFlexs Premium 145 Zaun Pfosten 2 x\u00a0 ISO-Halter 4 x\u00a0 Schrauben 1 x\u00a0 Premium Verb.-Kabel 0,6 m Tragetasche nicht im Lieferumfang enthalten, aber optional erh\u00e4ltlich &nbsp; Technische Daten: Pfostenl\u00e4nge v. Spitze bis Kappe:\u00a0\u00a0&hellip;<\/p>","protected":false},"featured_media":705,"comment_status":"open","ping_status":"closed","template":"","meta":[],"product_brand":[],"product_cat":[50,54,43],"product_tag":[],"class_list":{"0":"post-704","1":"product","2":"type-product","3":"status-publish","4":"has-post-thumbnail","6":"product_cat-pony-kleinpferde-zaeune","7":"product_cat-roflexs-zaeune","8":"product_cat-roflexs-zaun-set-angebote","10":"first","11":"instock","12":"taxable","13":"shipping-taxable","14":"purchasable","15":"product-type-simple"},"yoast_head":"<!-- This site is optimized with the Yoast SEO plugin v27.4 - https:\/\/yoast.com\/product\/yoast-seo-wordpress\/ -->\n<title>RoFlexs Premium 145 Trailer Zaun-Set - RoFlexs<\/title>\n<meta name=\"robots\" content=\"index, follow, max-snippet:-1, max-image-preview:large, max-video-preview:-1\" \/>\n<link rel=\"canonical\" href=\"https:\/\/roflexs.shop\/en\/shop\/roflexs-premium-145-trailer-fence-set\/\" \/>\n<meta property=\"og:locale\" content=\"en_GB\" \/>\n<meta property=\"og:type\" content=\"article\" \/>\n<meta property=\"og:title\" content=\"RoFlexs Premium 145 Trailer Zaun-Set - RoFlexs\" \/>\n<meta property=\"og:description\" content=\"RoFlexs Premium 145 Trailer Zaun-Set\u00a0 &#8211;\u00a0 Ein 56m\u00b2-Paddock in zwei Minuten Hier geht es zum Aufbau- und Abbau- Video. Lieferumfang: 4 x\u00a0 RoFlexs Premium 145 Zaun Pfosten 2 x\u00a0 ISO-Halter 4 x\u00a0 Schrauben 1 x\u00a0 Premium Verb.-Kabel 0,6 m Tragetasche nicht im Lieferumfang enthalten, aber optional erh\u00e4ltlich &nbsp; Technische Daten: Pfostenl\u00e4nge v. Spitze bis Kappe:\u00a0\u00a0&hellip;\" \/>\n<meta property=\"og:url\" content=\"https:\/\/roflexs.shop\/en\/shop\/roflexs-premium-145-trailer-fence-set\/\" \/>\n<meta property=\"og:site_name\" content=\"RoFlexs\" \/>\n<meta property=\"article:publisher\" content=\"https:\/\/www.facebook.com\/RoFlexs\" \/>\n<meta property=\"article:modified_time\" content=\"2025-12-03T19:46:52+00:00\" \/>\n<meta property=\"og:image\" content=\"https:\/\/roflexs.shop\/wp-content\/uploads\/neuheit_RoFlexs-Premium-145-Trailer-Zaun-Set.jpg\" \/>\n\t<meta property=\"og:image:width\" content=\"687\" \/>\n\t<meta property=\"og:image:height\" content=\"1066\" \/>\n\t<meta property=\"og:image:type\" content=\"image\/jpeg\" \/>\n<meta name=\"twitter:card\" content=\"summary_large_image\" \/>\n<meta name=\"twitter:label1\" content=\"Estimated reading time\" \/>\n\t<meta name=\"twitter:data1\" content=\"2 minutes\" \/>\n<script type=\"application\/ld+json\" class=\"yoast-schema-graph\">{\"@context\":\"https:\\\/\\\/schema.org\",\"@graph\":[{\"@type\":\"WebPage\",\"@id\":\"https:\\\/\\\/roflexs.shop\\\/shop\\\/roflexs-premium-145-trailer-zaun-set\\\/\",\"url\":\"https:\\\/\\\/roflexs.shop\\\/shop\\\/roflexs-premium-145-trailer-zaun-set\\\/\",\"name\":\"RoFlexs Premium 145 Trailer Zaun-Set - RoFlexs\",\"isPartOf\":{\"@id\":\"https:\\\/\\\/roflexs.shop\\\/#website\"},\"primaryImageOfPage\":{\"@id\":\"https:\\\/\\\/roflexs.shop\\\/shop\\\/roflexs-premium-145-trailer-zaun-set\\\/#primaryimage\"},\"image\":{\"@id\":\"https:\\\/\\\/roflexs.shop\\\/shop\\\/roflexs-premium-145-trailer-zaun-set\\\/#primaryimage\"},\"thumbnailUrl\":\"https:\\\/\\\/roflexs.shop\\\/wp-content\\\/uploads\\\/neuheit_RoFlexs-Premium-145-Trailer-Zaun-Set.jpg\",\"datePublished\":\"2024-06-06T12:15:09+00:00\",\"dateModified\":\"2025-12-03T19:46:52+00:00\",\"breadcrumb\":{\"@id\":\"https:\\\/\\\/roflexs.shop\\\/shop\\\/roflexs-premium-145-trailer-zaun-set\\\/#breadcrumb\"},\"inLanguage\":\"en-GB\",\"potentialAction\":[{\"@type\":\"ReadAction\",\"target\":[\"https:\\\/\\\/roflexs.shop\\\/shop\\\/roflexs-premium-145-trailer-zaun-set\\\/\"]}]},{\"@type\":\"ImageObject\",\"inLanguage\":\"en-GB\",\"@id\":\"https:\\\/\\\/roflexs.shop\\\/shop\\\/roflexs-premium-145-trailer-zaun-set\\\/#primaryimage\",\"url\":\"https:\\\/\\\/roflexs.shop\\\/wp-content\\\/uploads\\\/neuheit_RoFlexs-Premium-145-Trailer-Zaun-Set.jpg\",\"contentUrl\":\"https:\\\/\\\/roflexs.shop\\\/wp-content\\\/uploads\\\/neuheit_RoFlexs-Premium-145-Trailer-Zaun-Set.jpg\",\"width\":687,\"height\":1066},{\"@type\":\"BreadcrumbList\",\"@id\":\"https:\\\/\\\/roflexs.shop\\\/shop\\\/roflexs-premium-145-trailer-zaun-set\\\/#breadcrumb\",\"itemListElement\":[{\"@type\":\"ListItem\",\"position\":1,\"name\":\"Startseite\",\"item\":\"https:\\\/\\\/roflexs.shop\\\/\"},{\"@type\":\"ListItem\",\"position\":2,\"name\":\"RoFlexs Premium 145 Trailer Zaun-Set\"}]},{\"@type\":\"WebSite\",\"@id\":\"https:\\\/\\\/roflexs.shop\\\/#website\",\"url\":\"https:\\\/\\\/roflexs.shop\\\/\",\"name\":\"RoFlexs\",\"description\":\"\",\"publisher\":{\"@id\":\"https:\\\/\\\/roflexs.shop\\\/#organization\"},\"potentialAction\":[{\"@type\":\"SearchAction\",\"target\":{\"@type\":\"EntryPoint\",\"urlTemplate\":\"https:\\\/\\\/roflexs.shop\\\/?s={search_term_string}\"},\"query-input\":{\"@type\":\"PropertyValueSpecification\",\"valueRequired\":true,\"valueName\":\"search_term_string\"}}],\"inLanguage\":\"en-GB\"},{\"@type\":\"Organization\",\"@id\":\"https:\\\/\\\/roflexs.shop\\\/#organization\",\"name\":\"RoFlexs GmbH\",\"url\":\"https:\\\/\\\/roflexs.shop\\\/\",\"logo\":{\"@type\":\"ImageObject\",\"inLanguage\":\"en-GB\",\"@id\":\"https:\\\/\\\/roflexs.shop\\\/#\\\/schema\\\/logo\\\/image\\\/\",\"url\":\"https:\\\/\\\/roflexs.shop\\\/wp-content\\\/uploads\\\/Logo-Roflex-quer.png\",\"contentUrl\":\"https:\\\/\\\/roflexs.shop\\\/wp-content\\\/uploads\\\/Logo-Roflex-quer.png\",\"width\":496,\"height\":180,\"caption\":\"RoFlexs GmbH\"},\"image\":{\"@id\":\"https:\\\/\\\/roflexs.shop\\\/#\\\/schema\\\/logo\\\/image\\\/\"},\"sameAs\":[\"https:\\\/\\\/www.facebook.com\\\/RoFlexs\",\"https:\\\/\\\/www.instagram.com\\\/roflexs_gmbh\\\/\",\"https:\\\/\\\/www.youtube.com\\\/user\\\/RoFlexs\\\/videos\"]}]}<\/script>\n<!-- \/ Yoast SEO plugin. -->","yoast_head_json":{"title":"RoFlexs Premium 145 Trailer fence set - RoFlexs","robots":{"index":"index","follow":"follow","max-snippet":"max-snippet:-1","max-image-preview":"max-image-preview:large","max-video-preview":"max-video-preview:-1"},"canonical":"https:\/\/roflexs.shop\/en\/shop\/roflexs-premium-145-trailer-fence-set\/","og_locale":"en_GB","og_type":"article","og_title":"RoFlexs Premium 145 Trailer Zaun-Set - RoFlexs","og_description":"RoFlexs Premium 145 Trailer Zaun-Set\u00a0 &#8211;\u00a0 Ein 56m\u00b2-Paddock in zwei Minuten Hier geht es zum Aufbau- und Abbau- Video. Lieferumfang: 4 x\u00a0 RoFlexs Premium 145 Zaun Pfosten 2 x\u00a0 ISO-Halter 4 x\u00a0 Schrauben 1 x\u00a0 Premium Verb.-Kabel 0,6 m Tragetasche nicht im Lieferumfang enthalten, aber optional erh\u00e4ltlich &nbsp; Technische Daten: Pfostenl\u00e4nge v. Spitze bis Kappe:\u00a0\u00a0&hellip;","og_url":"https:\/\/roflexs.shop\/en\/shop\/roflexs-premium-145-trailer-fence-set\/","og_site_name":"RoFlexs","article_publisher":"https:\/\/www.facebook.com\/RoFlexs","article_modified_time":"2025-12-03T19:46:52+00:00","og_image":[{"width":687,"height":1066,"url":"https:\/\/roflexs.shop\/wp-content\/uploads\/neuheit_RoFlexs-Premium-145-Trailer-Zaun-Set.jpg","type":"image\/jpeg"}],"twitter_card":"summary_large_image","twitter_misc":{"Estimated reading time":"2 minutes"},"schema":{"@context":"https:\/\/schema.org","@graph":[{"@type":"WebPage","@id":"https:\/\/roflexs.shop\/shop\/roflexs-premium-145-trailer-zaun-set\/","url":"https:\/\/roflexs.shop\/shop\/roflexs-premium-145-trailer-zaun-set\/","name":"RoFlexs Premium 145 Trailer fence set - RoFlexs","isPartOf":{"@id":"https:\/\/roflexs.shop\/#website"},"primaryImageOfPage":{"@id":"https:\/\/roflexs.shop\/shop\/roflexs-premium-145-trailer-zaun-set\/#primaryimage"},"image":{"@id":"https:\/\/roflexs.shop\/shop\/roflexs-premium-145-trailer-zaun-set\/#primaryimage"},"thumbnailUrl":"https:\/\/roflexs.shop\/wp-content\/uploads\/neuheit_RoFlexs-Premium-145-Trailer-Zaun-Set.jpg","datePublished":"2024-06-06T12:15:09+00:00","dateModified":"2025-12-03T19:46:52+00:00","breadcrumb":{"@id":"https:\/\/roflexs.shop\/shop\/roflexs-premium-145-trailer-zaun-set\/#breadcrumb"},"inLanguage":"en-GB","potentialAction":[{"@type":"ReadAction","target":["https:\/\/roflexs.shop\/shop\/roflexs-premium-145-trailer-zaun-set\/"]}]},{"@type":"ImageObject","inLanguage":"en-GB","@id":"https:\/\/roflexs.shop\/shop\/roflexs-premium-145-trailer-zaun-set\/#primaryimage","url":"https:\/\/roflexs.shop\/wp-content\/uploads\/neuheit_RoFlexs-Premium-145-Trailer-Zaun-Set.jpg","contentUrl":"https:\/\/roflexs.shop\/wp-content\/uploads\/neuheit_RoFlexs-Premium-145-Trailer-Zaun-Set.jpg","width":687,"height":1066},{"@type":"BreadcrumbList","@id":"https:\/\/roflexs.shop\/shop\/roflexs-premium-145-trailer-zaun-set\/#breadcrumb","itemListElement":[{"@type":"ListItem","position":1,"name":"Startseite","item":"https:\/\/roflexs.shop\/"},{"@type":"ListItem","position":2,"name":"RoFlexs Premium 145 Trailer Zaun-Set"}]},{"@type":"WebSite","@id":"https:\/\/roflexs.shop\/#website","url":"https:\/\/roflexs.shop\/","name":"RoFlexs","description":"","publisher":{"@id":"https:\/\/roflexs.shop\/#organization"},"potentialAction":[{"@type":"SearchAction","target":{"@type":"EntryPoint","urlTemplate":"https:\/\/roflexs.shop\/?s={search_term_string}"},"query-input":{"@type":"PropertyValueSpecification","valueRequired":true,"valueName":"search_term_string"}}],"inLanguage":"en-GB"},{"@type":"Organization","@id":"https:\/\/roflexs.shop\/#organization","name":"RoFlexs GmbH","url":"https:\/\/roflexs.shop\/","logo":{"@type":"ImageObject","inLanguage":"en-GB","@id":"https:\/\/roflexs.shop\/#\/schema\/logo\/image\/","url":"https:\/\/roflexs.shop\/wp-content\/uploads\/Logo-Roflex-quer.png","contentUrl":"https:\/\/roflexs.shop\/wp-content\/uploads\/Logo-Roflex-quer.png","width":496,"height":180,"caption":"RoFlexs GmbH"},"image":{"@id":"https:\/\/roflexs.shop\/#\/schema\/logo\/image\/"},"sameAs":["https:\/\/www.facebook.com\/RoFlexs","https:\/\/www.instagram.com\/roflexs_gmbh\/","https:\/\/www.youtube.com\/user\/RoFlexs\/videos"]}]}},"_links":{"self":[{"href":"https:\/\/roflexs.shop\/en\/wp-json\/wp\/v2\/product\/704","targetHints":{"allow":["GET"]}}],"collection":[{"href":"https:\/\/roflexs.shop\/en\/wp-json\/wp\/v2\/product"}],"about":[{"href":"https:\/\/roflexs.shop\/en\/wp-json\/wp\/v2\/types\/product"}],"replies":[{"embeddable":true,"href":"https:\/\/roflexs.shop\/en\/wp-json\/wp\/v2\/comments?post=704"}],"wp:featuredmedia":[{"embeddable":true,"href":"https:\/\/roflexs.shop\/en\/wp-json\/wp\/v2\/media\/705"}],"wp:attachment":[{"href":"https:\/\/roflexs.shop\/en\/wp-json\/wp\/v2\/media?parent=704"}],"wp:term":[{"taxonomy":"product_brand","embeddable":true,"href":"https:\/\/roflexs.shop\/en\/wp-json\/wp\/v2\/product_brand?post=704"},{"taxonomy":"product_cat","embeddable":true,"href":"https:\/\/roflexs.shop\/en\/wp-json\/wp\/v2\/product_cat?post=704"},{"taxonomy":"product_tag","embeddable":true,"href":"https:\/\/roflexs.shop\/en\/wp-json\/wp\/v2\/product_tag?post=704"}],"curies":[{"name":"wp","href":"https:\/\/api.w.org\/{rel}","templated":true}]}}