{"id":589,"date":"2024-05-23T15:31:19","date_gmt":"2024-05-23T13:31:19","guid":{"rendered":"https:\/\/roflexs.shop\/?post_type=product&#038;p=589"},"modified":"2025-09-12T14:05:46","modified_gmt":"2025-09-12T12:05:46","slug":"roflexs-premium-e-145-fence-set-high-quality-braid-for-horses","status":"publish","type":"product","link":"https:\/\/roflexs.shop\/en\/shop\/roflexs-premium-e-145-zaun-set-hochwertige-litze-fuer-pferde\/","title":{"rendered":"RoFlexs Premium E 145 fence set"},"content":{"rendered":"<div class=\"product--description\">\n<p><strong>RoFlexs Premium E 145 Zaun Set \u2013 Die vollkommen autarke L\u00f6sung f\u00fcr mobile Pferdepaddocks<\/strong><\/p>\n<p><a href=\"https:\/\/roflexs.shop\/en\/video-instructions-roflexs-weidefix-fences-set-up-correctly-roflexs-shop\/\"><span style=\"color: #0000ff;\">Hier geht es zum <strong>Aufbau- und Abbau- Video<\/strong>.<\/span><\/a><\/p>\n<p>Unser Flaggschiff ist das RoFlexs Premium E 145 Zaun Set mit Vollausstattung. H\u00fctesicherheit, maximale Haltbarkeit und vollintegriertes Weidezaunger\u00e4t \u2013 im RoFlexs Premium E 145 Zaun Set kommt das gesamte preisgekr\u00f6nte Know-how von RoFlexs zusammen. Der mobilste und flexibelste Mobil-Paddock mit selbst\u00e4ndiger Zaunband-Aufwicklung.<\/p>\n<h4>Advantages of the RoFlexs Premium E 145 fence set:<\/h4>\n<ul>\n<li><strong>High-quality stranded wire:<\/strong> The premium braid offers optimum conductivity and robustness so that your horses are safely fenced in.<\/li>\n<li><strong>Simple handling:<\/strong> The set is easy to install and flexible enough to be moved quickly if required.<\/li>\n<li><strong>Longevity:<\/strong> The materials are weatherproof and UV-resistant, which ensures a long service life.<\/li>\n<li><strong>Versatility:<\/strong> Ideal for temporary and permanent fencing, perfect for different pasture sizes and shapes.<\/li>\n<\/ul>\n<p>With the RoFlexs Premium E 145 fence set, you not only get a high-quality product, but also the certainty that your horses are safe and well protected. Visit roflexs.shop and discover our wide range of mobile fences and paddocks for horses.<\/p>\n<p><strong>Scope of delivery:<\/strong><br \/>\n1 x RoFlexs Premium E 145 fence post<br \/>\n3 x RoFlexs Premium 145 fence posts<br \/>\n2 x RoFlexs Premium magnetic key<br \/>\n1 x RoFlexs lanyard<br \/>\n1 x RoFlexs Premium 145 battery \/ incl. 1x MagCode-Can adapter<br \/>\n1 x RoFlexs Premium mobile loader<\/p>\n<p><span style=\"color: #ff0000;\"><a href=\"https:\/\/roflexs.shop\/en\/shop\/roflexs-tragetasche-150\/\"><strong>Tragetasche<\/strong><\/a> und <strong><a href=\"https:\/\/roflexs.shop\/en\/shop\/roflexs-tragetasche-anthrazit\/\">Zubeh\u00f6rtasche<\/a><\/strong> nicht im Lieferumfang enthalten, aber optional erh\u00e4ltlich<\/span><\/p>\n<p>&nbsp;<\/p>\n<p><strong>Technical data:<\/strong><br \/>\nPost length from top to cap: 145 cm<br \/>\nFence band levels: 2<br \/>\nElectric fencing unit: 3,200 volts (integrated in electric post)<br \/>\nPulse energy: 0.45 joules<br \/>\nAkkuleistung:\u00a0\u00a0 1,9 Ah<br \/>\nBetriebsdauer:\u00a0\u00a0 mind. 70h\u00a0 (bei vollgeladenen Akku)<br \/>\nFlashover protection: on aluminium profile up to 4,000 volts, plastic inside<\/p>\n<p>Fence band heights above ground: approx. 65 and 115 cm<br \/>\nFence tape length: 4 x 7.5 m<br \/>\nPaddock size: up to 56 m\u00b2<br \/>\nTotal weight: 15.9 kg<\/p>\n<p><strong>Safer:<\/strong><\/p>\n<ul>\n<li>\u00a0\u00a0\u00a0 Fully integrated electric fence energiser with 3,200 volts \/ 0.45 joules<\/li>\n<li>\u00a0\u00a0\u00a0 Fence protection reduces the risk of injury for horse and rider<\/li>\n<li>\u00a0\u00a0\u00a0 Better visible 20 mm wide strip<\/li>\n<li>\u00a0\u00a0\u00a0 Integrated protection prevents voltage surges<\/li>\n<li>\u00a0\u00a0\u00a0 Conduction of the guard voltage, internal<\/li>\n<li>\u00a0\u00a0\u00a0 Gentle self-winding<\/li>\n<\/ul>\n<p><strong>More robust:<\/strong><\/p>\n<ul>\n<li>\u00a0\u00a0\u00a0 Powerful reeling system, 40,000 load cycles guaranteed<\/li>\n<li>\u00a0\u00a0\u00a0 Reinforced refined aluminium profile, anodised<\/li>\n<li>\u00a0\u00a0\u00a0 Robust fence tape, UV-stable<\/li>\n<li>\u00a0\u00a0\u00a0 Impact-resistant and UV-resistant high-end plastic parts<\/li>\n<li>\u00a0\u00a0\u00a0 Galvanised steel ground spike<\/li>\n<li>\u00a0\u00a0\u00a0 2-year manufacturer's warranty<\/li>\n<li>\u00a0\u00a0\u00a0 5-year guarantee on retractable springs<\/li>\n<\/ul>\n<p><strong>Flexible:<\/strong><\/p>\n<ul>\n<li>\u00a0\u00a0\u00a0 Versatile assembly options<\/li>\n<li>\u00a0\u00a0\u00a0 Assembly and disassembly in under 3 minutes<\/li>\n<li>\u00a0\u00a0\u00a0 Paddock area up to 56 m\u00b2<\/li>\n<li>\u00a0\u00a0\u00a0 All RoFlexs fence posts are compatible with each other<\/li>\n<\/ul>\n<\/div>","protected":false},"excerpt":{"rendered":"<p>RoFlexs Premium E 145 Zaun Set \u2013 Die vollkommen autarke L\u00f6sung f\u00fcr mobile Pferdepaddocks Hier geht es zum Aufbau- und Abbau- Video. Unser Flaggschiff ist das RoFlexs Premium E 145 Zaun Set mit Vollausstattung. H\u00fctesicherheit, maximale Haltbarkeit und vollintegriertes Weidezaunger\u00e4t \u2013 im RoFlexs Premium E 145 Zaun Set kommt das gesamte preisgekr\u00f6nte Know-how von RoFlexs&hellip;<\/p>","protected":false},"featured_media":590,"comment_status":"open","ping_status":"closed","template":"","meta":[],"product_brand":[],"product_cat":[50,47,54,43],"product_tag":[],"class_list":{"0":"post-589","1":"product","2":"type-product","3":"status-publish","4":"has-post-thumbnail","6":"product_cat-pony-kleinpferde-zaeune","7":"product_cat-roflexs-premium-e-zaun-elektrische-zaeune-fuer-maximale-sicherheit-roflexs-shop","8":"product_cat-roflexs-zaeune","9":"product_cat-roflexs-zaun-set-angebote","11":"first","12":"instock","13":"taxable","14":"shipping-taxable","15":"purchasable","16":"product-type-simple"},"yoast_head":"<!-- This site is optimized with the Yoast SEO plugin v27.5 - https:\/\/yoast.com\/product\/yoast-seo-wordpress\/ -->\n<title>RoFlexs Premium E 145 Zaun Set - RoFlexs<\/title>\n<meta name=\"description\" content=\"Unsere hochwertige Litze f\u00fcr Pferde bietet zuverl\u00e4ssige Sicherheit und Flexibilit\u00e4t. Kaufen Sie das RoFlexs Premium E 145 Zaun Set, perfekt f\u00fcr sichere Pferdeweiden. Jetzt entdecken bei roflexs.shop!\" \/>\n<meta name=\"robots\" content=\"index, follow, max-snippet:-1, max-image-preview:large, max-video-preview:-1\" \/>\n<link rel=\"canonical\" href=\"https:\/\/roflexs.shop\/en\/shop\/roflexs-premium-e-145-fence-set-high-quality-braid-for-horses\/\" \/>\n<meta property=\"og:locale\" content=\"en_GB\" \/>\n<meta property=\"og:type\" content=\"article\" \/>\n<meta property=\"og:title\" content=\"RoFlexs Premium E 145 Zaun Set - RoFlexs\" \/>\n<meta property=\"og:description\" content=\"Unsere hochwertige Litze f\u00fcr Pferde bietet zuverl\u00e4ssige Sicherheit und Flexibilit\u00e4t. Kaufen Sie das RoFlexs Premium E 145 Zaun Set, perfekt f\u00fcr sichere Pferdeweiden. Jetzt entdecken bei roflexs.shop!\" \/>\n<meta property=\"og:url\" content=\"https:\/\/roflexs.shop\/en\/shop\/roflexs-premium-e-145-fence-set-high-quality-braid-for-horses\/\" \/>\n<meta property=\"og:site_name\" content=\"RoFlexs\" \/>\n<meta property=\"article:publisher\" content=\"https:\/\/www.facebook.com\/RoFlexs\" \/>\n<meta property=\"article:modified_time\" content=\"2025-09-12T12:05:46+00:00\" \/>\n<meta property=\"og:image\" content=\"https:\/\/roflexs.shop\/wp-content\/uploads\/Screenshot-2024-05-23-153008.png\" \/>\n\t<meta property=\"og:image:width\" content=\"734\" \/>\n\t<meta property=\"og:image:height\" content=\"1100\" \/>\n\t<meta property=\"og:image:type\" content=\"image\/png\" \/>\n<meta name=\"twitter:card\" content=\"summary_large_image\" \/>\n<meta name=\"twitter:label1\" content=\"Estimated reading time\" \/>\n\t<meta name=\"twitter:data1\" content=\"3 minutes\" \/>\n<script type=\"application\/ld+json\" class=\"yoast-schema-graph\">{\"@context\":\"https:\\\/\\\/schema.org\",\"@graph\":[{\"@type\":\"WebPage\",\"@id\":\"https:\\\/\\\/roflexs.shop\\\/shop\\\/roflexs-premium-e-145-zaun-set-hochwertige-litze-fuer-pferde\\\/\",\"url\":\"https:\\\/\\\/roflexs.shop\\\/shop\\\/roflexs-premium-e-145-zaun-set-hochwertige-litze-fuer-pferde\\\/\",\"name\":\"RoFlexs Premium E 145 Zaun Set - RoFlexs\",\"isPartOf\":{\"@id\":\"https:\\\/\\\/roflexs.shop\\\/#website\"},\"primaryImageOfPage\":{\"@id\":\"https:\\\/\\\/roflexs.shop\\\/shop\\\/roflexs-premium-e-145-zaun-set-hochwertige-litze-fuer-pferde\\\/#primaryimage\"},\"image\":{\"@id\":\"https:\\\/\\\/roflexs.shop\\\/shop\\\/roflexs-premium-e-145-zaun-set-hochwertige-litze-fuer-pferde\\\/#primaryimage\"},\"thumbnailUrl\":\"https:\\\/\\\/roflexs.shop\\\/wp-content\\\/uploads\\\/Screenshot-2024-05-23-153008.png\",\"datePublished\":\"2024-05-23T13:31:19+00:00\",\"dateModified\":\"2025-09-12T12:05:46+00:00\",\"description\":\"Unsere hochwertige Litze f\u00fcr Pferde bietet zuverl\u00e4ssige Sicherheit und Flexibilit\u00e4t. Kaufen Sie das RoFlexs Premium E 145 Zaun Set, perfekt f\u00fcr sichere Pferdeweiden. Jetzt entdecken bei roflexs.shop!\",\"breadcrumb\":{\"@id\":\"https:\\\/\\\/roflexs.shop\\\/shop\\\/roflexs-premium-e-145-zaun-set-hochwertige-litze-fuer-pferde\\\/#breadcrumb\"},\"inLanguage\":\"en-GB\",\"potentialAction\":[{\"@type\":\"ReadAction\",\"target\":[\"https:\\\/\\\/roflexs.shop\\\/shop\\\/roflexs-premium-e-145-zaun-set-hochwertige-litze-fuer-pferde\\\/\"]}]},{\"@type\":\"ImageObject\",\"inLanguage\":\"en-GB\",\"@id\":\"https:\\\/\\\/roflexs.shop\\\/shop\\\/roflexs-premium-e-145-zaun-set-hochwertige-litze-fuer-pferde\\\/#primaryimage\",\"url\":\"https:\\\/\\\/roflexs.shop\\\/wp-content\\\/uploads\\\/Screenshot-2024-05-23-153008.png\",\"contentUrl\":\"https:\\\/\\\/roflexs.shop\\\/wp-content\\\/uploads\\\/Screenshot-2024-05-23-153008.png\",\"width\":734,\"height\":1100},{\"@type\":\"BreadcrumbList\",\"@id\":\"https:\\\/\\\/roflexs.shop\\\/shop\\\/roflexs-premium-e-145-zaun-set-hochwertige-litze-fuer-pferde\\\/#breadcrumb\",\"itemListElement\":[{\"@type\":\"ListItem\",\"position\":1,\"name\":\"Startseite\",\"item\":\"https:\\\/\\\/roflexs.shop\\\/\"},{\"@type\":\"ListItem\",\"position\":2,\"name\":\"RoFlexs Premium E 145 Zaun Set\"}]},{\"@type\":\"WebSite\",\"@id\":\"https:\\\/\\\/roflexs.shop\\\/#website\",\"url\":\"https:\\\/\\\/roflexs.shop\\\/\",\"name\":\"RoFlexs\",\"description\":\"\",\"publisher\":{\"@id\":\"https:\\\/\\\/roflexs.shop\\\/#organization\"},\"potentialAction\":[{\"@type\":\"SearchAction\",\"target\":{\"@type\":\"EntryPoint\",\"urlTemplate\":\"https:\\\/\\\/roflexs.shop\\\/?s={search_term_string}\"},\"query-input\":{\"@type\":\"PropertyValueSpecification\",\"valueRequired\":true,\"valueName\":\"search_term_string\"}}],\"inLanguage\":\"en-GB\"},{\"@type\":\"Organization\",\"@id\":\"https:\\\/\\\/roflexs.shop\\\/#organization\",\"name\":\"RoFlexs GmbH\",\"url\":\"https:\\\/\\\/roflexs.shop\\\/\",\"logo\":{\"@type\":\"ImageObject\",\"inLanguage\":\"en-GB\",\"@id\":\"https:\\\/\\\/roflexs.shop\\\/#\\\/schema\\\/logo\\\/image\\\/\",\"url\":\"https:\\\/\\\/roflexs.shop\\\/wp-content\\\/uploads\\\/Logo-Roflex-quer.png\",\"contentUrl\":\"https:\\\/\\\/roflexs.shop\\\/wp-content\\\/uploads\\\/Logo-Roflex-quer.png\",\"width\":496,\"height\":180,\"caption\":\"RoFlexs GmbH\"},\"image\":{\"@id\":\"https:\\\/\\\/roflexs.shop\\\/#\\\/schema\\\/logo\\\/image\\\/\"},\"sameAs\":[\"https:\\\/\\\/www.facebook.com\\\/RoFlexs\",\"https:\\\/\\\/www.instagram.com\\\/roflexs_gmbh\\\/\",\"https:\\\/\\\/www.youtube.com\\\/user\\\/RoFlexs\\\/videos\"]}]}<\/script>\n<!-- \/ Yoast SEO plugin. -->","yoast_head_json":{"title":"RoFlexs Premium E 145 fence set - RoFlexs","description":"Our high-quality stranded wire for horses offers reliable security and flexibility. Buy the RoFlexs Premium E 145 fence set, perfect for safe horse pastures. Discover it now at roflexs.shop!","robots":{"index":"index","follow":"follow","max-snippet":"max-snippet:-1","max-image-preview":"max-image-preview:large","max-video-preview":"max-video-preview:-1"},"canonical":"https:\/\/roflexs.shop\/en\/shop\/roflexs-premium-e-145-fence-set-high-quality-braid-for-horses\/","og_locale":"en_GB","og_type":"article","og_title":"RoFlexs Premium E 145 Zaun Set - RoFlexs","og_description":"Unsere hochwertige Litze f\u00fcr Pferde bietet zuverl\u00e4ssige Sicherheit und Flexibilit\u00e4t. Kaufen Sie das RoFlexs Premium E 145 Zaun Set, perfekt f\u00fcr sichere Pferdeweiden. Jetzt entdecken bei roflexs.shop!","og_url":"https:\/\/roflexs.shop\/en\/shop\/roflexs-premium-e-145-fence-set-high-quality-braid-for-horses\/","og_site_name":"RoFlexs","article_publisher":"https:\/\/www.facebook.com\/RoFlexs","article_modified_time":"2025-09-12T12:05:46+00:00","og_image":[{"width":734,"height":1100,"url":"https:\/\/roflexs.shop\/wp-content\/uploads\/Screenshot-2024-05-23-153008.png","type":"image\/png"}],"twitter_card":"summary_large_image","twitter_misc":{"Estimated reading time":"3 minutes"},"schema":{"@context":"https:\/\/schema.org","@graph":[{"@type":"WebPage","@id":"https:\/\/roflexs.shop\/shop\/roflexs-premium-e-145-zaun-set-hochwertige-litze-fuer-pferde\/","url":"https:\/\/roflexs.shop\/shop\/roflexs-premium-e-145-zaun-set-hochwertige-litze-fuer-pferde\/","name":"RoFlexs Premium E 145 fence set - RoFlexs","isPartOf":{"@id":"https:\/\/roflexs.shop\/#website"},"primaryImageOfPage":{"@id":"https:\/\/roflexs.shop\/shop\/roflexs-premium-e-145-zaun-set-hochwertige-litze-fuer-pferde\/#primaryimage"},"image":{"@id":"https:\/\/roflexs.shop\/shop\/roflexs-premium-e-145-zaun-set-hochwertige-litze-fuer-pferde\/#primaryimage"},"thumbnailUrl":"https:\/\/roflexs.shop\/wp-content\/uploads\/Screenshot-2024-05-23-153008.png","datePublished":"2024-05-23T13:31:19+00:00","dateModified":"2025-09-12T12:05:46+00:00","description":"Our high-quality stranded wire for horses offers reliable security and flexibility. Buy the RoFlexs Premium E 145 fence set, perfect for safe horse pastures. Discover it now at roflexs.shop!","breadcrumb":{"@id":"https:\/\/roflexs.shop\/shop\/roflexs-premium-e-145-zaun-set-hochwertige-litze-fuer-pferde\/#breadcrumb"},"inLanguage":"en-GB","potentialAction":[{"@type":"ReadAction","target":["https:\/\/roflexs.shop\/shop\/roflexs-premium-e-145-zaun-set-hochwertige-litze-fuer-pferde\/"]}]},{"@type":"ImageObject","inLanguage":"en-GB","@id":"https:\/\/roflexs.shop\/shop\/roflexs-premium-e-145-zaun-set-hochwertige-litze-fuer-pferde\/#primaryimage","url":"https:\/\/roflexs.shop\/wp-content\/uploads\/Screenshot-2024-05-23-153008.png","contentUrl":"https:\/\/roflexs.shop\/wp-content\/uploads\/Screenshot-2024-05-23-153008.png","width":734,"height":1100},{"@type":"BreadcrumbList","@id":"https:\/\/roflexs.shop\/shop\/roflexs-premium-e-145-zaun-set-hochwertige-litze-fuer-pferde\/#breadcrumb","itemListElement":[{"@type":"ListItem","position":1,"name":"Startseite","item":"https:\/\/roflexs.shop\/"},{"@type":"ListItem","position":2,"name":"RoFlexs Premium E 145 Zaun Set"}]},{"@type":"WebSite","@id":"https:\/\/roflexs.shop\/#website","url":"https:\/\/roflexs.shop\/","name":"RoFlexs","description":"","publisher":{"@id":"https:\/\/roflexs.shop\/#organization"},"potentialAction":[{"@type":"SearchAction","target":{"@type":"EntryPoint","urlTemplate":"https:\/\/roflexs.shop\/?s={search_term_string}"},"query-input":{"@type":"PropertyValueSpecification","valueRequired":true,"valueName":"search_term_string"}}],"inLanguage":"en-GB"},{"@type":"Organization","@id":"https:\/\/roflexs.shop\/#organization","name":"RoFlexs GmbH","url":"https:\/\/roflexs.shop\/","logo":{"@type":"ImageObject","inLanguage":"en-GB","@id":"https:\/\/roflexs.shop\/#\/schema\/logo\/image\/","url":"https:\/\/roflexs.shop\/wp-content\/uploads\/Logo-Roflex-quer.png","contentUrl":"https:\/\/roflexs.shop\/wp-content\/uploads\/Logo-Roflex-quer.png","width":496,"height":180,"caption":"RoFlexs GmbH"},"image":{"@id":"https:\/\/roflexs.shop\/#\/schema\/logo\/image\/"},"sameAs":["https:\/\/www.facebook.com\/RoFlexs","https:\/\/www.instagram.com\/roflexs_gmbh\/","https:\/\/www.youtube.com\/user\/RoFlexs\/videos"]}]}},"_links":{"self":[{"href":"https:\/\/roflexs.shop\/en\/wp-json\/wp\/v2\/product\/589","targetHints":{"allow":["GET"]}}],"collection":[{"href":"https:\/\/roflexs.shop\/en\/wp-json\/wp\/v2\/product"}],"about":[{"href":"https:\/\/roflexs.shop\/en\/wp-json\/wp\/v2\/types\/product"}],"replies":[{"embeddable":true,"href":"https:\/\/roflexs.shop\/en\/wp-json\/wp\/v2\/comments?post=589"}],"wp:featuredmedia":[{"embeddable":true,"href":"https:\/\/roflexs.shop\/en\/wp-json\/wp\/v2\/media\/590"}],"wp:attachment":[{"href":"https:\/\/roflexs.shop\/en\/wp-json\/wp\/v2\/media?parent=589"}],"wp:term":[{"taxonomy":"product_brand","embeddable":true,"href":"https:\/\/roflexs.shop\/en\/wp-json\/wp\/v2\/product_brand?post=589"},{"taxonomy":"product_cat","embeddable":true,"href":"https:\/\/roflexs.shop\/en\/wp-json\/wp\/v2\/product_cat?post=589"},{"taxonomy":"product_tag","embeddable":true,"href":"https:\/\/roflexs.shop\/en\/wp-json\/wp\/v2\/product_tag?post=589"}],"curies":[{"name":"wp","href":"https:\/\/api.w.org\/{rel}","templated":true}]}}