{"id":585,"date":"2024-05-23T15:19:43","date_gmt":"2024-05-23T13:19:43","guid":{"rendered":"https:\/\/roflexs.shop\/?post_type=product&#038;p=585"},"modified":"2025-09-12T14:02:23","modified_gmt":"2025-09-12T12:02:23","slug":"roflexs-premium-145-fence-set-high-quality-mobile-fences-for-horses-roflexs-shop","status":"publish","type":"product","link":"https:\/\/roflexs.shop\/en\/shop\/roflexs-premium-145-zaun-set-hochwertige-mobile-zaeune-fuer-pferde-roflexs-shop\/","title":{"rendered":"RoFlexs Premium 145 fence set"},"content":{"rendered":"<div class=\"product--description\">\n<p><strong>RoFlexs Premium 145 Zaun Set \u2013 <\/strong><strong>Ein 56m\u00b2-Paddock in unter zwei Minuten<\/strong><\/p>\n<p><a href=\"https:\/\/roflexs.shop\/en\/video-instructions-roflexs-weidefix-fences-set-up-correctly-roflexs-shop\/\"><span style=\"color: #0000ff;\">Hier geht es zum <strong>Aufbau- und Abbau- Video<\/strong>.<\/span><\/a><\/p>\n<p>Wenn es um die Sicherheit und Flexibilit\u00e4t Ihrer kleinen Pferdeweide geht, ist das RoFlexs Premium 145 Zaun Set die optimale L\u00f6sung. Unsere mobilen Z\u00e4une bieten herausragende Qualit\u00e4t und Langlebigkeit, ideal f\u00fcr die Bed\u00fcrfnisse von Pferdehaltern.<\/p>\n<h4>Advantages of the RoFlexs Premium 145 fence set:<\/h4>\n<ul>\n<li><strong>First-class materials:<\/strong> Our fence set is made of high-quality, robust materials that can withstand intensive use and adverse weather conditions.<\/li>\n<li><strong>Simple structure:<\/strong> Thanks to the user-friendly design, you can assemble and dismantle the mobile fence quickly and easily, saving you time and effort.<\/li>\n<li><strong>Flexibility:<\/strong> The mobile properties allow you to easily adapt the fence to different pasture sizes and shapes. Perfect for temporary and permanent fencing.<\/li>\n<li><strong>Maximum security:<\/strong> The stable construction ensures the safety of your horses and reliably prevents them from breaking out.<\/li>\n<\/ul>\n<p>The RoFlexs Premium 145 fence set is the ideal solution for horse owners looking for a reliable and flexible fencing system. Our mobile fences offer you the security and quality you need for your horse pasture.<\/p>\n<p><strong>Scope of delivery:<\/strong><br \/>\n4 x RoFlexs Premium 145 fence posts<\/p>\n<p><span style=\"color: #ff0000;\"><a href=\"https:\/\/roflexs.shop\/en\/shop\/roflexs-tragetasche-150\/\"><strong>Tragetasche<\/strong><\/a> nicht im Lieferumfang enthalten, aber optional erh\u00e4ltlich<\/span><\/p>\n<p><strong>Technical data:<\/strong><\/p>\n<p>Post length from top to cap: 145 cm<br \/>\nFence band levels: 2<\/p>\n<p>Fence band heights above ground: approx. 65 and 115 cm<br \/>\nFence tape length: 4 x 7.5 m<br \/>\nPaddock size: up to 56 m\u00b2<br \/>\nTotal weight: 14.4 kg<\/p>\n<p>Flashover protection: on aluminium profile up to 4,000 volts, plastic inside<\/p>\n<p><strong>Even higher quality, even more durable:<\/strong><br \/>\nThe RoFlexs Premium Fence Set<\/p>\n<p>The RoFlexs Premium fence set combines the latest technology with the highest quality. Thanks to refined materials and more durable retraction springs, these posts are hard to beat in terms of high quality. We recommend the RoFlexs Premium 0.6 m connection cable for connecting mobile, commercially available electric fencing devices. The most mobile and flexible pasture fence with independent fence tape winding.<\/p>\n<p><strong>Safe:<\/strong><\/p>\n<ul>\n<li>\u00a0\u00a0\u00a0 Integrated overvoltage protection<\/li>\n<li>\u00a0\u00a0\u00a0 Fence protection reduces the risk of injury for horse and rider<\/li>\n<li>\u00a0\u00a0\u00a0 Better visible 20 mm wide strip<\/li>\n<li>\u00a0\u00a0\u00a0 Conduction of the guard voltage, internal<\/li>\n<li>\u00a0\u00a0\u00a0 Gentle self-winding<\/li>\n<\/ul>\n<p><strong>More robust:<\/strong><\/p>\n<ul>\n<li>\u00a0\u00a0\u00a0 Powerful reeling system, 40,000 load cycles guaranteed<\/li>\n<li>\u00a0\u00a0\u00a0 Reinforced refined aluminium profile, anodised<\/li>\n<li>\u00a0\u00a0\u00a0 Robust fence tape, UV-stable<\/li>\n<li>\u00a0\u00a0\u00a0 Impact-resistant and UV-resistant high-end plastic parts<\/li>\n<li>\u00a0\u00a0\u00a0 Galvanised steel ground spike<\/li>\n<li>\u00a0\u00a0\u00a0 2-year manufacturer's warranty<\/li>\n<li>\u00a0\u00a0\u00a0 5-year guarantee on belt feeder springs<\/li>\n<\/ul>\n<p><strong>Flexible:<\/strong><\/p>\n<ul>\n<li>\u00a0\u00a0\u00a0 Versatile assembly options<\/li>\n<li>\u00a0\u00a0\u00a0 Assembly and disassembly in under 3 minutes<\/li>\n<li>\u00a0\u00a0\u00a0 Paddock area up to 56 m\u00b2<\/li>\n<li>\u00a0\u00a0\u00a0 All RoFlexs fence posts are compatible with each other<\/li>\n<\/ul>\n<\/div>","protected":false},"excerpt":{"rendered":"<p>RoFlexs Premium 145 Zaun Set \u2013 Ein 56m\u00b2-Paddock in unter zwei Minuten Hier geht es zum Aufbau- und Abbau- Video. Wenn es um die Sicherheit und Flexibilit\u00e4t Ihrer kleinen Pferdeweide geht, ist das RoFlexs Premium 145 Zaun Set die optimale L\u00f6sung. Unsere mobilen Z\u00e4une bieten herausragende Qualit\u00e4t und Langlebigkeit, ideal f\u00fcr die Bed\u00fcrfnisse von Pferdehaltern.&hellip;<\/p>","protected":false},"featured_media":553,"comment_status":"open","ping_status":"closed","template":"","meta":[],"product_brand":[],"product_cat":[50,46,54,43],"product_tag":[],"class_list":{"0":"post-585","1":"product","2":"type-product","3":"status-publish","4":"has-post-thumbnail","6":"product_cat-pony-kleinpferde-zaeune","7":"product_cat-roflexs-premium-zaun-hochwertige-mobile-zaeune-fuer-pferde-roflexs-shop","8":"product_cat-roflexs-zaeune","9":"product_cat-roflexs-zaun-set-angebote","11":"first","12":"instock","13":"taxable","14":"shipping-taxable","15":"purchasable","16":"product-type-simple"},"yoast_head":"<!-- This site is optimized with the Yoast SEO plugin v27.4 - https:\/\/yoast.com\/product\/yoast-seo-wordpress\/ -->\n<title>RoFlexs Premium 145 Zaun Set - RoFlexs<\/title>\n<meta name=\"description\" content=\"Sichern Sie Ihre Pferdeweide mit dem RoFlexs Premium 145 Zaun Set \u2013 hochwertige mobile Z\u00e4une f\u00fcr maximale Sicherheit und Flexibilit\u00e4t. Jetzt kaufen bei roflexs.shop!\" \/>\n<meta name=\"robots\" content=\"index, follow, max-snippet:-1, max-image-preview:large, max-video-preview:-1\" \/>\n<link rel=\"canonical\" href=\"https:\/\/roflexs.shop\/en\/shop\/roflexs-premium-145-fence-set-high-quality-mobile-fences-for-horses-roflexs-shop\/\" \/>\n<meta property=\"og:locale\" content=\"en_GB\" \/>\n<meta property=\"og:type\" content=\"article\" \/>\n<meta property=\"og:title\" content=\"RoFlexs Premium 145 Zaun Set - RoFlexs\" \/>\n<meta property=\"og:description\" content=\"Sichern Sie Ihre Pferdeweide mit dem RoFlexs Premium 145 Zaun Set \u2013 hochwertige mobile Z\u00e4une f\u00fcr maximale Sicherheit und Flexibilit\u00e4t. Jetzt kaufen bei roflexs.shop!\" \/>\n<meta property=\"og:url\" content=\"https:\/\/roflexs.shop\/en\/shop\/roflexs-premium-145-fence-set-high-quality-mobile-fences-for-horses-roflexs-shop\/\" \/>\n<meta property=\"og:site_name\" content=\"RoFlexs\" \/>\n<meta property=\"article:publisher\" content=\"https:\/\/www.facebook.com\/RoFlexs\" \/>\n<meta property=\"article:modified_time\" content=\"2025-09-12T12:02:23+00:00\" \/>\n<meta property=\"og:image\" content=\"https:\/\/roflexs.shop\/wp-content\/uploads\/rolfexs_premium_145_set_600x600@2x.jpg\" \/>\n\t<meta property=\"og:image:width\" content=\"552\" \/>\n\t<meta property=\"og:image:height\" content=\"1200\" \/>\n\t<meta property=\"og:image:type\" content=\"image\/jpeg\" \/>\n<meta name=\"twitter:card\" content=\"summary_large_image\" \/>\n<meta name=\"twitter:label1\" content=\"Estimated reading time\" \/>\n\t<meta name=\"twitter:data1\" content=\"3 minutes\" \/>\n<script type=\"application\/ld+json\" class=\"yoast-schema-graph\">{\"@context\":\"https:\\\/\\\/schema.org\",\"@graph\":[{\"@type\":\"WebPage\",\"@id\":\"https:\\\/\\\/roflexs.shop\\\/shop\\\/roflexs-premium-145-zaun-set-hochwertige-mobile-zaeune-fuer-pferde-roflexs-shop\\\/\",\"url\":\"https:\\\/\\\/roflexs.shop\\\/shop\\\/roflexs-premium-145-zaun-set-hochwertige-mobile-zaeune-fuer-pferde-roflexs-shop\\\/\",\"name\":\"RoFlexs Premium 145 Zaun Set - RoFlexs\",\"isPartOf\":{\"@id\":\"https:\\\/\\\/roflexs.shop\\\/#website\"},\"primaryImageOfPage\":{\"@id\":\"https:\\\/\\\/roflexs.shop\\\/shop\\\/roflexs-premium-145-zaun-set-hochwertige-mobile-zaeune-fuer-pferde-roflexs-shop\\\/#primaryimage\"},\"image\":{\"@id\":\"https:\\\/\\\/roflexs.shop\\\/shop\\\/roflexs-premium-145-zaun-set-hochwertige-mobile-zaeune-fuer-pferde-roflexs-shop\\\/#primaryimage\"},\"thumbnailUrl\":\"https:\\\/\\\/roflexs.shop\\\/wp-content\\\/uploads\\\/rolfexs_premium_145_set_600x600@2x.jpg\",\"datePublished\":\"2024-05-23T13:19:43+00:00\",\"dateModified\":\"2025-09-12T12:02:23+00:00\",\"description\":\"Sichern Sie Ihre Pferdeweide mit dem RoFlexs Premium 145 Zaun Set \u2013 hochwertige mobile Z\u00e4une f\u00fcr maximale Sicherheit und Flexibilit\u00e4t. Jetzt kaufen bei roflexs.shop!\",\"breadcrumb\":{\"@id\":\"https:\\\/\\\/roflexs.shop\\\/shop\\\/roflexs-premium-145-zaun-set-hochwertige-mobile-zaeune-fuer-pferde-roflexs-shop\\\/#breadcrumb\"},\"inLanguage\":\"en-GB\",\"potentialAction\":[{\"@type\":\"ReadAction\",\"target\":[\"https:\\\/\\\/roflexs.shop\\\/shop\\\/roflexs-premium-145-zaun-set-hochwertige-mobile-zaeune-fuer-pferde-roflexs-shop\\\/\"]}]},{\"@type\":\"ImageObject\",\"inLanguage\":\"en-GB\",\"@id\":\"https:\\\/\\\/roflexs.shop\\\/shop\\\/roflexs-premium-145-zaun-set-hochwertige-mobile-zaeune-fuer-pferde-roflexs-shop\\\/#primaryimage\",\"url\":\"https:\\\/\\\/roflexs.shop\\\/wp-content\\\/uploads\\\/rolfexs_premium_145_set_600x600@2x.jpg\",\"contentUrl\":\"https:\\\/\\\/roflexs.shop\\\/wp-content\\\/uploads\\\/rolfexs_premium_145_set_600x600@2x.jpg\",\"width\":552,\"height\":1200},{\"@type\":\"BreadcrumbList\",\"@id\":\"https:\\\/\\\/roflexs.shop\\\/shop\\\/roflexs-premium-145-zaun-set-hochwertige-mobile-zaeune-fuer-pferde-roflexs-shop\\\/#breadcrumb\",\"itemListElement\":[{\"@type\":\"ListItem\",\"position\":1,\"name\":\"Startseite\",\"item\":\"https:\\\/\\\/roflexs.shop\\\/\"},{\"@type\":\"ListItem\",\"position\":2,\"name\":\"RoFlexs Premium 145 Zaun Set\"}]},{\"@type\":\"WebSite\",\"@id\":\"https:\\\/\\\/roflexs.shop\\\/#website\",\"url\":\"https:\\\/\\\/roflexs.shop\\\/\",\"name\":\"RoFlexs\",\"description\":\"\",\"publisher\":{\"@id\":\"https:\\\/\\\/roflexs.shop\\\/#organization\"},\"potentialAction\":[{\"@type\":\"SearchAction\",\"target\":{\"@type\":\"EntryPoint\",\"urlTemplate\":\"https:\\\/\\\/roflexs.shop\\\/?s={search_term_string}\"},\"query-input\":{\"@type\":\"PropertyValueSpecification\",\"valueRequired\":true,\"valueName\":\"search_term_string\"}}],\"inLanguage\":\"en-GB\"},{\"@type\":\"Organization\",\"@id\":\"https:\\\/\\\/roflexs.shop\\\/#organization\",\"name\":\"RoFlexs GmbH\",\"url\":\"https:\\\/\\\/roflexs.shop\\\/\",\"logo\":{\"@type\":\"ImageObject\",\"inLanguage\":\"en-GB\",\"@id\":\"https:\\\/\\\/roflexs.shop\\\/#\\\/schema\\\/logo\\\/image\\\/\",\"url\":\"https:\\\/\\\/roflexs.shop\\\/wp-content\\\/uploads\\\/Logo-Roflex-quer.png\",\"contentUrl\":\"https:\\\/\\\/roflexs.shop\\\/wp-content\\\/uploads\\\/Logo-Roflex-quer.png\",\"width\":496,\"height\":180,\"caption\":\"RoFlexs GmbH\"},\"image\":{\"@id\":\"https:\\\/\\\/roflexs.shop\\\/#\\\/schema\\\/logo\\\/image\\\/\"},\"sameAs\":[\"https:\\\/\\\/www.facebook.com\\\/RoFlexs\",\"https:\\\/\\\/www.instagram.com\\\/roflexs_gmbh\\\/\",\"https:\\\/\\\/www.youtube.com\\\/user\\\/RoFlexs\\\/videos\"]}]}<\/script>\n<!-- \/ Yoast SEO plugin. -->","yoast_head_json":{"title":"RoFlexs Premium 145 fence set - RoFlexs","description":"Secure your horse pasture with the RoFlexs Premium 145 fence set - high-quality mobile fences for maximum security and flexibility. Buy now at roflexs.shop!","robots":{"index":"index","follow":"follow","max-snippet":"max-snippet:-1","max-image-preview":"max-image-preview:large","max-video-preview":"max-video-preview:-1"},"canonical":"https:\/\/roflexs.shop\/en\/shop\/roflexs-premium-145-fence-set-high-quality-mobile-fences-for-horses-roflexs-shop\/","og_locale":"en_GB","og_type":"article","og_title":"RoFlexs Premium 145 Zaun Set - RoFlexs","og_description":"Sichern Sie Ihre Pferdeweide mit dem RoFlexs Premium 145 Zaun Set \u2013 hochwertige mobile Z\u00e4une f\u00fcr maximale Sicherheit und Flexibilit\u00e4t. Jetzt kaufen bei roflexs.shop!","og_url":"https:\/\/roflexs.shop\/en\/shop\/roflexs-premium-145-fence-set-high-quality-mobile-fences-for-horses-roflexs-shop\/","og_site_name":"RoFlexs","article_publisher":"https:\/\/www.facebook.com\/RoFlexs","article_modified_time":"2025-09-12T12:02:23+00:00","og_image":[{"width":552,"height":1200,"url":"https:\/\/roflexs.shop\/wp-content\/uploads\/rolfexs_premium_145_set_600x600@2x.jpg","type":"image\/jpeg"}],"twitter_card":"summary_large_image","twitter_misc":{"Estimated reading time":"3 minutes"},"schema":{"@context":"https:\/\/schema.org","@graph":[{"@type":"WebPage","@id":"https:\/\/roflexs.shop\/shop\/roflexs-premium-145-zaun-set-hochwertige-mobile-zaeune-fuer-pferde-roflexs-shop\/","url":"https:\/\/roflexs.shop\/shop\/roflexs-premium-145-zaun-set-hochwertige-mobile-zaeune-fuer-pferde-roflexs-shop\/","name":"RoFlexs Premium 145 fence set - RoFlexs","isPartOf":{"@id":"https:\/\/roflexs.shop\/#website"},"primaryImageOfPage":{"@id":"https:\/\/roflexs.shop\/shop\/roflexs-premium-145-zaun-set-hochwertige-mobile-zaeune-fuer-pferde-roflexs-shop\/#primaryimage"},"image":{"@id":"https:\/\/roflexs.shop\/shop\/roflexs-premium-145-zaun-set-hochwertige-mobile-zaeune-fuer-pferde-roflexs-shop\/#primaryimage"},"thumbnailUrl":"https:\/\/roflexs.shop\/wp-content\/uploads\/rolfexs_premium_145_set_600x600@2x.jpg","datePublished":"2024-05-23T13:19:43+00:00","dateModified":"2025-09-12T12:02:23+00:00","description":"Secure your horse pasture with the RoFlexs Premium 145 fence set - high-quality mobile fences for maximum security and flexibility. Buy now at roflexs.shop!","breadcrumb":{"@id":"https:\/\/roflexs.shop\/shop\/roflexs-premium-145-zaun-set-hochwertige-mobile-zaeune-fuer-pferde-roflexs-shop\/#breadcrumb"},"inLanguage":"en-GB","potentialAction":[{"@type":"ReadAction","target":["https:\/\/roflexs.shop\/shop\/roflexs-premium-145-zaun-set-hochwertige-mobile-zaeune-fuer-pferde-roflexs-shop\/"]}]},{"@type":"ImageObject","inLanguage":"en-GB","@id":"https:\/\/roflexs.shop\/shop\/roflexs-premium-145-zaun-set-hochwertige-mobile-zaeune-fuer-pferde-roflexs-shop\/#primaryimage","url":"https:\/\/roflexs.shop\/wp-content\/uploads\/rolfexs_premium_145_set_600x600@2x.jpg","contentUrl":"https:\/\/roflexs.shop\/wp-content\/uploads\/rolfexs_premium_145_set_600x600@2x.jpg","width":552,"height":1200},{"@type":"BreadcrumbList","@id":"https:\/\/roflexs.shop\/shop\/roflexs-premium-145-zaun-set-hochwertige-mobile-zaeune-fuer-pferde-roflexs-shop\/#breadcrumb","itemListElement":[{"@type":"ListItem","position":1,"name":"Startseite","item":"https:\/\/roflexs.shop\/"},{"@type":"ListItem","position":2,"name":"RoFlexs Premium 145 Zaun Set"}]},{"@type":"WebSite","@id":"https:\/\/roflexs.shop\/#website","url":"https:\/\/roflexs.shop\/","name":"RoFlexs","description":"","publisher":{"@id":"https:\/\/roflexs.shop\/#organization"},"potentialAction":[{"@type":"SearchAction","target":{"@type":"EntryPoint","urlTemplate":"https:\/\/roflexs.shop\/?s={search_term_string}"},"query-input":{"@type":"PropertyValueSpecification","valueRequired":true,"valueName":"search_term_string"}}],"inLanguage":"en-GB"},{"@type":"Organization","@id":"https:\/\/roflexs.shop\/#organization","name":"RoFlexs GmbH","url":"https:\/\/roflexs.shop\/","logo":{"@type":"ImageObject","inLanguage":"en-GB","@id":"https:\/\/roflexs.shop\/#\/schema\/logo\/image\/","url":"https:\/\/roflexs.shop\/wp-content\/uploads\/Logo-Roflex-quer.png","contentUrl":"https:\/\/roflexs.shop\/wp-content\/uploads\/Logo-Roflex-quer.png","width":496,"height":180,"caption":"RoFlexs GmbH"},"image":{"@id":"https:\/\/roflexs.shop\/#\/schema\/logo\/image\/"},"sameAs":["https:\/\/www.facebook.com\/RoFlexs","https:\/\/www.instagram.com\/roflexs_gmbh\/","https:\/\/www.youtube.com\/user\/RoFlexs\/videos"]}]}},"_links":{"self":[{"href":"https:\/\/roflexs.shop\/en\/wp-json\/wp\/v2\/product\/585","targetHints":{"allow":["GET"]}}],"collection":[{"href":"https:\/\/roflexs.shop\/en\/wp-json\/wp\/v2\/product"}],"about":[{"href":"https:\/\/roflexs.shop\/en\/wp-json\/wp\/v2\/types\/product"}],"replies":[{"embeddable":true,"href":"https:\/\/roflexs.shop\/en\/wp-json\/wp\/v2\/comments?post=585"}],"wp:featuredmedia":[{"embeddable":true,"href":"https:\/\/roflexs.shop\/en\/wp-json\/wp\/v2\/media\/553"}],"wp:attachment":[{"href":"https:\/\/roflexs.shop\/en\/wp-json\/wp\/v2\/media?parent=585"}],"wp:term":[{"taxonomy":"product_brand","embeddable":true,"href":"https:\/\/roflexs.shop\/en\/wp-json\/wp\/v2\/product_brand?post=585"},{"taxonomy":"product_cat","embeddable":true,"href":"https:\/\/roflexs.shop\/en\/wp-json\/wp\/v2\/product_cat?post=585"},{"taxonomy":"product_tag","embeddable":true,"href":"https:\/\/roflexs.shop\/en\/wp-json\/wp\/v2\/product_tag?post=585"}],"curies":[{"name":"wp","href":"https:\/\/api.w.org\/{rel}","templated":true}]}}