{"id":321,"date":"2024-04-05T13:23:11","date_gmt":"2024-04-05T11:23:11","guid":{"rendered":"https:\/\/roflexs.shop\/?post_type=product&#038;p=321"},"modified":"2024-06-06T13:55:04","modified_gmt":"2024-06-06T11:55:04","slug":"roflexs-replacement-ground-spike","status":"publish","type":"product","link":"https:\/\/roflexs.shop\/en\/shop\/roflexs-ersatz-erdspiess\/","title":{"rendered":"RoFlexs replacement earth spike"},"content":{"rendered":"<p><strong>Scope of delivery:<\/strong><br \/>\n1 x RoFlexs replacement earth spike<\/p>\n<p><strong>Technical data:<\/strong><\/p>\n<p>Material: galvanised steel<\/p>\n<p><strong>Changing the ground spike made easy<\/strong><\/p>\n<p>The special replacement spike is quick and easy to replace. Worn spikes can be replaced in no time at all with just 4 screws.<\/p>","protected":false},"excerpt":{"rendered":"<p>Scope of delivery: 1 x RoFlexs replacement ground spike Technical data: Material: Steel, galvanised Changing the ground spike made easy The special replacement ground spike is quick and easy to replace. Worn spikes can be replaced in no time at all with just 4 screws.<\/p>","protected":false},"featured_media":669,"comment_status":"open","ping_status":"closed","template":"","meta":[],"product_brand":[],"product_cat":[84],"product_tag":[],"class_list":{"0":"post-321","1":"product","2":"type-product","3":"status-publish","4":"has-post-thumbnail","6":"product_cat-roflexs-ersatzteile","8":"first","9":"instock","10":"taxable","11":"shipping-taxable","12":"purchasable","13":"product-type-simple"},"yoast_head":"<!-- This site is optimized with the Yoast SEO plugin v27.4 - https:\/\/yoast.com\/product\/yoast-seo-wordpress\/ -->\n<title>RoFlexs Ersatz-Erdspiess - RoFlexs<\/title>\n<meta name=\"robots\" content=\"index, follow, max-snippet:-1, max-image-preview:large, max-video-preview:-1\" \/>\n<link rel=\"canonical\" href=\"https:\/\/roflexs.shop\/en\/shop\/roflexs-replacement-ground-spike\/\" \/>\n<meta property=\"og:locale\" content=\"en_GB\" \/>\n<meta property=\"og:type\" content=\"article\" \/>\n<meta property=\"og:title\" content=\"RoFlexs Ersatz-Erdspiess - RoFlexs\" \/>\n<meta property=\"og:description\" content=\"Lieferumfang: 1 x\u00a0 RoFlexs Ersatz-Erdspiess Technische Daten: Material: Stahl, verzinkt Erdspie\u00df-Wechsel leicht gemacht Einfach und schnell l\u00e4sst sich der spezielle Ersatz-Erdspiess auswechseln. Mit nur 4 Schrauben k\u00f6nnen somit verschlissene Spitzen im Handumdrehen ersetzt werden.\" \/>\n<meta property=\"og:url\" content=\"https:\/\/roflexs.shop\/en\/shop\/roflexs-replacement-ground-spike\/\" \/>\n<meta property=\"og:site_name\" content=\"RoFlexs\" \/>\n<meta property=\"article:publisher\" content=\"https:\/\/www.facebook.com\/RoFlexs\" \/>\n<meta property=\"article:modified_time\" content=\"2024-06-06T11:55:04+00:00\" \/>\n<meta property=\"og:image\" content=\"https:\/\/roflexs.shop\/wp-content\/uploads\/9.0-new.jpg\" \/>\n\t<meta property=\"og:image:width\" content=\"280\" \/>\n\t<meta property=\"og:image:height\" content=\"280\" \/>\n\t<meta property=\"og:image:type\" content=\"image\/jpeg\" \/>\n<meta name=\"twitter:card\" content=\"summary_large_image\" \/>\n<meta name=\"twitter:label1\" content=\"Estimated reading time\" \/>\n\t<meta name=\"twitter:data1\" content=\"1 minute\" \/>\n<script type=\"application\/ld+json\" class=\"yoast-schema-graph\">{\"@context\":\"https:\\\/\\\/schema.org\",\"@graph\":[{\"@type\":\"WebPage\",\"@id\":\"https:\\\/\\\/roflexs.shop\\\/shop\\\/roflexs-ersatz-erdspiess\\\/\",\"url\":\"https:\\\/\\\/roflexs.shop\\\/shop\\\/roflexs-ersatz-erdspiess\\\/\",\"name\":\"RoFlexs Ersatz-Erdspiess - RoFlexs\",\"isPartOf\":{\"@id\":\"https:\\\/\\\/roflexs.shop\\\/#website\"},\"primaryImageOfPage\":{\"@id\":\"https:\\\/\\\/roflexs.shop\\\/shop\\\/roflexs-ersatz-erdspiess\\\/#primaryimage\"},\"image\":{\"@id\":\"https:\\\/\\\/roflexs.shop\\\/shop\\\/roflexs-ersatz-erdspiess\\\/#primaryimage\"},\"thumbnailUrl\":\"https:\\\/\\\/roflexs.shop\\\/wp-content\\\/uploads\\\/9.0-new.jpg\",\"datePublished\":\"2024-04-05T11:23:11+00:00\",\"dateModified\":\"2024-06-06T11:55:04+00:00\",\"breadcrumb\":{\"@id\":\"https:\\\/\\\/roflexs.shop\\\/shop\\\/roflexs-ersatz-erdspiess\\\/#breadcrumb\"},\"inLanguage\":\"en-GB\",\"potentialAction\":[{\"@type\":\"ReadAction\",\"target\":[\"https:\\\/\\\/roflexs.shop\\\/shop\\\/roflexs-ersatz-erdspiess\\\/\"]}]},{\"@type\":\"ImageObject\",\"inLanguage\":\"en-GB\",\"@id\":\"https:\\\/\\\/roflexs.shop\\\/shop\\\/roflexs-ersatz-erdspiess\\\/#primaryimage\",\"url\":\"https:\\\/\\\/roflexs.shop\\\/wp-content\\\/uploads\\\/9.0-new.jpg\",\"contentUrl\":\"https:\\\/\\\/roflexs.shop\\\/wp-content\\\/uploads\\\/9.0-new.jpg\",\"width\":280,\"height\":280},{\"@type\":\"BreadcrumbList\",\"@id\":\"https:\\\/\\\/roflexs.shop\\\/shop\\\/roflexs-ersatz-erdspiess\\\/#breadcrumb\",\"itemListElement\":[{\"@type\":\"ListItem\",\"position\":1,\"name\":\"Startseite\",\"item\":\"https:\\\/\\\/roflexs.shop\\\/\"},{\"@type\":\"ListItem\",\"position\":2,\"name\":\"RoFlexs Ersatz-Erdspiess\"}]},{\"@type\":\"WebSite\",\"@id\":\"https:\\\/\\\/roflexs.shop\\\/#website\",\"url\":\"https:\\\/\\\/roflexs.shop\\\/\",\"name\":\"RoFlexs\",\"description\":\"\",\"publisher\":{\"@id\":\"https:\\\/\\\/roflexs.shop\\\/#organization\"},\"potentialAction\":[{\"@type\":\"SearchAction\",\"target\":{\"@type\":\"EntryPoint\",\"urlTemplate\":\"https:\\\/\\\/roflexs.shop\\\/?s={search_term_string}\"},\"query-input\":{\"@type\":\"PropertyValueSpecification\",\"valueRequired\":true,\"valueName\":\"search_term_string\"}}],\"inLanguage\":\"en-GB\"},{\"@type\":\"Organization\",\"@id\":\"https:\\\/\\\/roflexs.shop\\\/#organization\",\"name\":\"RoFlexs GmbH\",\"url\":\"https:\\\/\\\/roflexs.shop\\\/\",\"logo\":{\"@type\":\"ImageObject\",\"inLanguage\":\"en-GB\",\"@id\":\"https:\\\/\\\/roflexs.shop\\\/#\\\/schema\\\/logo\\\/image\\\/\",\"url\":\"https:\\\/\\\/roflexs.shop\\\/wp-content\\\/uploads\\\/Logo-Roflex-quer.png\",\"contentUrl\":\"https:\\\/\\\/roflexs.shop\\\/wp-content\\\/uploads\\\/Logo-Roflex-quer.png\",\"width\":496,\"height\":180,\"caption\":\"RoFlexs GmbH\"},\"image\":{\"@id\":\"https:\\\/\\\/roflexs.shop\\\/#\\\/schema\\\/logo\\\/image\\\/\"},\"sameAs\":[\"https:\\\/\\\/www.facebook.com\\\/RoFlexs\",\"https:\\\/\\\/www.instagram.com\\\/roflexs_gmbh\\\/\",\"https:\\\/\\\/www.youtube.com\\\/user\\\/RoFlexs\\\/videos\"]}]}<\/script>\n<!-- \/ Yoast SEO plugin. -->","yoast_head_json":{"title":"RoFlexs replacement ground spike - RoFlexs","robots":{"index":"index","follow":"follow","max-snippet":"max-snippet:-1","max-image-preview":"max-image-preview:large","max-video-preview":"max-video-preview:-1"},"canonical":"https:\/\/roflexs.shop\/en\/shop\/roflexs-replacement-ground-spike\/","og_locale":"en_GB","og_type":"article","og_title":"RoFlexs Ersatz-Erdspiess - RoFlexs","og_description":"Lieferumfang: 1 x\u00a0 RoFlexs Ersatz-Erdspiess Technische Daten: Material: Stahl, verzinkt Erdspie\u00df-Wechsel leicht gemacht Einfach und schnell l\u00e4sst sich der spezielle Ersatz-Erdspiess auswechseln. Mit nur 4 Schrauben k\u00f6nnen somit verschlissene Spitzen im Handumdrehen ersetzt werden.","og_url":"https:\/\/roflexs.shop\/en\/shop\/roflexs-replacement-ground-spike\/","og_site_name":"RoFlexs","article_publisher":"https:\/\/www.facebook.com\/RoFlexs","article_modified_time":"2024-06-06T11:55:04+00:00","og_image":[{"width":280,"height":280,"url":"https:\/\/roflexs.shop\/wp-content\/uploads\/9.0-new.jpg","type":"image\/jpeg"}],"twitter_card":"summary_large_image","twitter_misc":{"Estimated reading time":"1 minute"},"schema":{"@context":"https:\/\/schema.org","@graph":[{"@type":"WebPage","@id":"https:\/\/roflexs.shop\/shop\/roflexs-ersatz-erdspiess\/","url":"https:\/\/roflexs.shop\/shop\/roflexs-ersatz-erdspiess\/","name":"RoFlexs replacement ground spike - RoFlexs","isPartOf":{"@id":"https:\/\/roflexs.shop\/#website"},"primaryImageOfPage":{"@id":"https:\/\/roflexs.shop\/shop\/roflexs-ersatz-erdspiess\/#primaryimage"},"image":{"@id":"https:\/\/roflexs.shop\/shop\/roflexs-ersatz-erdspiess\/#primaryimage"},"thumbnailUrl":"https:\/\/roflexs.shop\/wp-content\/uploads\/9.0-new.jpg","datePublished":"2024-04-05T11:23:11+00:00","dateModified":"2024-06-06T11:55:04+00:00","breadcrumb":{"@id":"https:\/\/roflexs.shop\/shop\/roflexs-ersatz-erdspiess\/#breadcrumb"},"inLanguage":"en-GB","potentialAction":[{"@type":"ReadAction","target":["https:\/\/roflexs.shop\/shop\/roflexs-ersatz-erdspiess\/"]}]},{"@type":"ImageObject","inLanguage":"en-GB","@id":"https:\/\/roflexs.shop\/shop\/roflexs-ersatz-erdspiess\/#primaryimage","url":"https:\/\/roflexs.shop\/wp-content\/uploads\/9.0-new.jpg","contentUrl":"https:\/\/roflexs.shop\/wp-content\/uploads\/9.0-new.jpg","width":280,"height":280},{"@type":"BreadcrumbList","@id":"https:\/\/roflexs.shop\/shop\/roflexs-ersatz-erdspiess\/#breadcrumb","itemListElement":[{"@type":"ListItem","position":1,"name":"Startseite","item":"https:\/\/roflexs.shop\/"},{"@type":"ListItem","position":2,"name":"RoFlexs Ersatz-Erdspiess"}]},{"@type":"WebSite","@id":"https:\/\/roflexs.shop\/#website","url":"https:\/\/roflexs.shop\/","name":"RoFlexs","description":"","publisher":{"@id":"https:\/\/roflexs.shop\/#organization"},"potentialAction":[{"@type":"SearchAction","target":{"@type":"EntryPoint","urlTemplate":"https:\/\/roflexs.shop\/?s={search_term_string}"},"query-input":{"@type":"PropertyValueSpecification","valueRequired":true,"valueName":"search_term_string"}}],"inLanguage":"en-GB"},{"@type":"Organization","@id":"https:\/\/roflexs.shop\/#organization","name":"RoFlexs GmbH","url":"https:\/\/roflexs.shop\/","logo":{"@type":"ImageObject","inLanguage":"en-GB","@id":"https:\/\/roflexs.shop\/#\/schema\/logo\/image\/","url":"https:\/\/roflexs.shop\/wp-content\/uploads\/Logo-Roflex-quer.png","contentUrl":"https:\/\/roflexs.shop\/wp-content\/uploads\/Logo-Roflex-quer.png","width":496,"height":180,"caption":"RoFlexs GmbH"},"image":{"@id":"https:\/\/roflexs.shop\/#\/schema\/logo\/image\/"},"sameAs":["https:\/\/www.facebook.com\/RoFlexs","https:\/\/www.instagram.com\/roflexs_gmbh\/","https:\/\/www.youtube.com\/user\/RoFlexs\/videos"]}]}},"_links":{"self":[{"href":"https:\/\/roflexs.shop\/en\/wp-json\/wp\/v2\/product\/321","targetHints":{"allow":["GET"]}}],"collection":[{"href":"https:\/\/roflexs.shop\/en\/wp-json\/wp\/v2\/product"}],"about":[{"href":"https:\/\/roflexs.shop\/en\/wp-json\/wp\/v2\/types\/product"}],"replies":[{"embeddable":true,"href":"https:\/\/roflexs.shop\/en\/wp-json\/wp\/v2\/comments?post=321"}],"wp:featuredmedia":[{"embeddable":true,"href":"https:\/\/roflexs.shop\/en\/wp-json\/wp\/v2\/media\/669"}],"wp:attachment":[{"href":"https:\/\/roflexs.shop\/en\/wp-json\/wp\/v2\/media?parent=321"}],"wp:term":[{"taxonomy":"product_brand","embeddable":true,"href":"https:\/\/roflexs.shop\/en\/wp-json\/wp\/v2\/product_brand?post=321"},{"taxonomy":"product_cat","embeddable":true,"href":"https:\/\/roflexs.shop\/en\/wp-json\/wp\/v2\/product_cat?post=321"},{"taxonomy":"product_tag","embeddable":true,"href":"https:\/\/roflexs.shop\/en\/wp-json\/wp\/v2\/product_tag?post=321"}],"curies":[{"name":"wp","href":"https:\/\/api.w.org\/{rel}","templated":true}]}}