{"id":1852,"date":"2026-02-05T08:22:06","date_gmt":"2026-02-05T07:22:06","guid":{"rendered":"https:\/\/roflexs.shop\/?post_type=product&#038;p=1852"},"modified":"2026-03-16T16:49:23","modified_gmt":"2026-03-16T15:49:23","slug":"roflexs-premium-145-starter-set-2026","status":"publish","type":"product","link":"https:\/\/roflexs.shop\/en\/shop\/roflexs-premium-145-starter-set-2026\/","title":{"rendered":"RoFlexs Premium 145 Starter Zaun Set"},"content":{"rendered":"<div class=\"product--description\">\n<p><strong>RoFlexs Premium 145 Starter Zaun Set \u2013 Inkl. Zusatzpfosten (Kleintorl\u00f6sung) und Tragetasche<\/strong><\/p>\n<p>Mit dem RoFlexs Premium 145 Starter Zaun Set bieten wir Ihnen eine noch hochwertigere und mit dem <a href=\"https:\/\/roflexs.shop\/en\/shop\/roflexs-premium-145-fence-post\/\">Zusatzpfosten<\/a> und der praktischen <a href=\"https:\/\/roflexs.shop\/en\/shop\/roflexs-tragetasche-150\/\">Tragetasche 150 anthrazit<\/a> rundum bequeme Paddock-L\u00f6sung f\u00fcr unterwegs, die speziell f\u00fcr die Anforderungen von Turnierreiter entwickelt wurde. Dieser mobile Paddock-Zaun l\u00e4sst sich flexibel einsetzen, ist in Sekundenschnelle aufgebaut und mit der RoFlexs Tragetasche 150 jetzt sogar noch besser zu transportieren. Zum Anschluss Ihres optional vorhandenen Batterieger\u00e4tes liegt dem Premium Starter Zaun Set auch gleich ein <a href=\"https:\/\/roflexs.shop\/en\/shop\/roflexs-premium-connection-cable-06-m\/\">Verbindungskabel 0,6m<\/a> bei.<\/p>\n<p><strong>Scope of delivery:<\/strong><\/p>\n<p>4 x RoFlexs Premium 145 fence posts<br \/>\n1 x\u00a0 RoFlexs Premium 145 Zaun Pfosten (extra Kleintorl\u00f6sung)<br \/>\n1 x\u00a0 RoFlexs Premium Verbindungskabel 0,6m<br \/>\n1 x RoFlexs carrier bag 150 anthracite<\/p>\n<p><strong>Technical data:<\/strong><\/p>\n<p>Post length from top to cap: 145 cm<br \/>\nFence band levels: 2<\/p>\n<p>Fence band heights above ground: approx. 65 and 115 cm<br \/>\nZaunbandl\u00e4nge:\u00a0 \u00a05 x 7,5 m<br \/>\nPaddockgr\u00f6\u00dfe:\u00a0\u00a0 bis 56 m\u00b2 + Kleintorl\u00f6sung<br \/>\nGesamtgewicht:\u00a0\u00a0 19,6 kg<\/p>\n<p>&nbsp;<\/p>\n<p><strong>Die Premium-Klasse im wickelfreien Paddockbau:<\/strong><\/p>\n<p>Das RoFlexs Premium Starter-Set vereint alle* Materialien, welche zum Errichten einer mobilen Einz\u00e4unung erforderlich sind. RoFlexs &#8211; der mobilste und flexibelste Paddock-Zaun mit selbst\u00e4ndiger Zaunband-Aufwicklung.<\/p>\n<p><strong>Safe:<\/strong><\/p>\n<ul>\n<li>\u00a0\u00a0\u00a0 Integrierter \u00dcberspannungsschutz bis zu 4.000 Volt<\/li>\n<li>\u00a0\u00a0\u00a0 Zaunbandsicherung senkt Verletzungsrisiko f\u00fcr Pferd u. Reiter<\/li>\n<li>\u00a0\u00a0\u00a0 Highly visible 20 mm wide strip<\/li>\n<li>\u00a0\u00a0\u00a0 Integrated conduction of the guard voltage<\/li>\n<li>\u00a0\u00a0\u00a0 Gentle rewinding<\/li>\n<\/ul>\n<p><strong>Robust:<\/strong><\/p>\n<ul>\n<li>\u00a0\u00a0\u00a0 Powerful reeling system, 40,000 load cycles guaranteed<\/li>\n<li>\u00a0\u00a0\u00a0 Reinforced aluminium profile<\/li>\n<li>\u00a0\u00a0\u00a0 Robust fence tape, UV-stable<\/li>\n<li>\u00a0\u00a0\u00a0 Impact-resistant and UV-resistant plastic parts<\/li>\n<li>\u00a0\u00a0\u00a0 Sturdy galvanised ground spike<\/li>\n<li>\u00a0\u00a0\u00a0 2-year manufacturer's warranty<\/li>\n<\/ul>\n<p><strong>Flexible:<\/strong><\/p>\n<ul>\n<li>\u00a0\u00a0\u00a0 Versatile assembly options<\/li>\n<li>\u00a0\u00a0\u00a0 Assembly and disassembly in under 3 minutes<\/li>\n<li>\u00a0\u00a0\u00a0 Paddock area up to 56 m\u00b2<\/li>\n<li>\u00a0\u00a0\u00a0 All RoFlexs fence posts are compatible with each other<\/li>\n<\/ul>\n<\/div>\n<p>&nbsp;<\/p>\n<p>* Weidezaunger\u00e4t nicht im Lieferumfang enthalten<\/p>","protected":false},"excerpt":{"rendered":"<p>Mit dem RoFlexs Premium 145 Starter Zaun Set bieten wir Ihnen eine bew\u00e4hrte und mit dem Zusatzpfosten, dem Verbindungskabel und der praktischen Tragetasche eine rundum bequem zu errichtende Paddock-L\u00f6sung f\u00fcr unterwegs.<\/p>","protected":false},"featured_media":1906,"comment_status":"open","ping_status":"closed","template":"","meta":[],"product_brand":[],"product_cat":[21,43],"product_tag":[],"class_list":{"0":"post-1852","1":"product","2":"type-product","3":"status-publish","4":"has-post-thumbnail","6":"product_cat-neuheiten-innovative-zaeune-und-paddocks-fuer-pferde-roflexs-shop","7":"product_cat-roflexs-zaun-set-angebote","9":"first","10":"instock","11":"sale","12":"taxable","13":"shipping-taxable","14":"purchasable","15":"product-type-simple"},"yoast_head":"<!-- This site is optimized with the Yoast SEO plugin v27.5 - https:\/\/yoast.com\/product\/yoast-seo-wordpress\/ -->\n<title>RoFlexs Premium 145 Starter Zaun Set - RoFlexs<\/title>\n<meta name=\"description\" content=\"Entdecken Sie das RoFlexs Basic 145 Zaun Set \u2013 Ihr perfekter mobiler Zaun f\u00fcr Pferde. Robust, flexibel und einfach zu installieren. Jetzt bestellen bei roflexs.shop!\" \/>\n<meta name=\"robots\" content=\"index, follow, max-snippet:-1, max-image-preview:large, max-video-preview:-1\" \/>\n<link rel=\"canonical\" href=\"https:\/\/roflexs.shop\/en\/shop\/roflexs-premium-145-starter-set-2026\/\" \/>\n<meta property=\"og:locale\" content=\"en_GB\" \/>\n<meta property=\"og:type\" content=\"article\" \/>\n<meta property=\"og:title\" content=\"RoFlexs Premium 145 Starter Zaun Set - RoFlexs\" \/>\n<meta property=\"og:description\" content=\"Entdecken Sie das RoFlexs Basic 145 Zaun Set \u2013 Ihr perfekter mobiler Zaun f\u00fcr Pferde. Robust, flexibel und einfach zu installieren. Jetzt bestellen bei roflexs.shop!\" \/>\n<meta property=\"og:url\" content=\"https:\/\/roflexs.shop\/en\/shop\/roflexs-premium-145-starter-set-2026\/\" \/>\n<meta property=\"og:site_name\" content=\"RoFlexs\" \/>\n<meta property=\"article:publisher\" content=\"https:\/\/www.facebook.com\/RoFlexs\" \/>\n<meta property=\"article:modified_time\" content=\"2026-03-16T15:49:23+00:00\" \/>\n<meta property=\"og:image\" content=\"https:\/\/roflexs.shop\/wp-content\/uploads\/RF-PRE-145-Starter-Set-2026-1.jpg\" \/>\n\t<meta property=\"og:image:width\" content=\"918\" \/>\n\t<meta property=\"og:image:height\" content=\"1007\" \/>\n\t<meta property=\"og:image:type\" content=\"image\/jpeg\" \/>\n<meta name=\"twitter:card\" content=\"summary_large_image\" \/>\n<meta name=\"twitter:label1\" content=\"Estimated reading time\" \/>\n\t<meta name=\"twitter:data1\" content=\"2 minutes\" \/>\n<script type=\"application\/ld+json\" class=\"yoast-schema-graph\">{\"@context\":\"https:\\\/\\\/schema.org\",\"@graph\":[{\"@type\":\"WebPage\",\"@id\":\"https:\\\/\\\/roflexs.shop\\\/shop\\\/roflexs-premium-145-starter-set-2026\\\/\",\"url\":\"https:\\\/\\\/roflexs.shop\\\/shop\\\/roflexs-premium-145-starter-set-2026\\\/\",\"name\":\"RoFlexs Premium 145 Starter Zaun Set - RoFlexs\",\"isPartOf\":{\"@id\":\"https:\\\/\\\/roflexs.shop\\\/#website\"},\"primaryImageOfPage\":{\"@id\":\"https:\\\/\\\/roflexs.shop\\\/shop\\\/roflexs-premium-145-starter-set-2026\\\/#primaryimage\"},\"image\":{\"@id\":\"https:\\\/\\\/roflexs.shop\\\/shop\\\/roflexs-premium-145-starter-set-2026\\\/#primaryimage\"},\"thumbnailUrl\":\"https:\\\/\\\/roflexs.shop\\\/wp-content\\\/uploads\\\/RF-PRE-145-Starter-Set-2026-1.jpg\",\"datePublished\":\"2026-02-05T07:22:06+00:00\",\"dateModified\":\"2026-03-16T15:49:23+00:00\",\"description\":\"Entdecken Sie das RoFlexs Basic 145 Zaun Set \u2013 Ihr perfekter mobiler Zaun f\u00fcr Pferde. Robust, flexibel und einfach zu installieren. Jetzt bestellen bei roflexs.shop!\",\"breadcrumb\":{\"@id\":\"https:\\\/\\\/roflexs.shop\\\/shop\\\/roflexs-premium-145-starter-set-2026\\\/#breadcrumb\"},\"inLanguage\":\"en-GB\",\"potentialAction\":[{\"@type\":\"ReadAction\",\"target\":[\"https:\\\/\\\/roflexs.shop\\\/shop\\\/roflexs-premium-145-starter-set-2026\\\/\"]}]},{\"@type\":\"ImageObject\",\"inLanguage\":\"en-GB\",\"@id\":\"https:\\\/\\\/roflexs.shop\\\/shop\\\/roflexs-premium-145-starter-set-2026\\\/#primaryimage\",\"url\":\"https:\\\/\\\/roflexs.shop\\\/wp-content\\\/uploads\\\/RF-PRE-145-Starter-Set-2026-1.jpg\",\"contentUrl\":\"https:\\\/\\\/roflexs.shop\\\/wp-content\\\/uploads\\\/RF-PRE-145-Starter-Set-2026-1.jpg\",\"width\":918,\"height\":1007},{\"@type\":\"BreadcrumbList\",\"@id\":\"https:\\\/\\\/roflexs.shop\\\/shop\\\/roflexs-premium-145-starter-set-2026\\\/#breadcrumb\",\"itemListElement\":[{\"@type\":\"ListItem\",\"position\":1,\"name\":\"Startseite\",\"item\":\"https:\\\/\\\/roflexs.shop\\\/\"},{\"@type\":\"ListItem\",\"position\":2,\"name\":\"RoFlexs Premium 145 Starter Zaun Set\"}]},{\"@type\":\"WebSite\",\"@id\":\"https:\\\/\\\/roflexs.shop\\\/#website\",\"url\":\"https:\\\/\\\/roflexs.shop\\\/\",\"name\":\"RoFlexs\",\"description\":\"\",\"publisher\":{\"@id\":\"https:\\\/\\\/roflexs.shop\\\/#organization\"},\"potentialAction\":[{\"@type\":\"SearchAction\",\"target\":{\"@type\":\"EntryPoint\",\"urlTemplate\":\"https:\\\/\\\/roflexs.shop\\\/?s={search_term_string}\"},\"query-input\":{\"@type\":\"PropertyValueSpecification\",\"valueRequired\":true,\"valueName\":\"search_term_string\"}}],\"inLanguage\":\"en-GB\"},{\"@type\":\"Organization\",\"@id\":\"https:\\\/\\\/roflexs.shop\\\/#organization\",\"name\":\"RoFlexs GmbH\",\"url\":\"https:\\\/\\\/roflexs.shop\\\/\",\"logo\":{\"@type\":\"ImageObject\",\"inLanguage\":\"en-GB\",\"@id\":\"https:\\\/\\\/roflexs.shop\\\/#\\\/schema\\\/logo\\\/image\\\/\",\"url\":\"https:\\\/\\\/roflexs.shop\\\/wp-content\\\/uploads\\\/Logo-Roflex-quer.png\",\"contentUrl\":\"https:\\\/\\\/roflexs.shop\\\/wp-content\\\/uploads\\\/Logo-Roflex-quer.png\",\"width\":496,\"height\":180,\"caption\":\"RoFlexs GmbH\"},\"image\":{\"@id\":\"https:\\\/\\\/roflexs.shop\\\/#\\\/schema\\\/logo\\\/image\\\/\"},\"sameAs\":[\"https:\\\/\\\/www.facebook.com\\\/RoFlexs\",\"https:\\\/\\\/www.instagram.com\\\/roflexs_gmbh\\\/\",\"https:\\\/\\\/www.youtube.com\\\/user\\\/RoFlexs\\\/videos\"]}]}<\/script>\n<!-- \/ Yoast SEO plugin. -->","yoast_head_json":{"title":"RoFlexs Premium 145 Starter Zaun Set - RoFlexs","description":"Discover the RoFlexs Basic 145 fence set - your perfect mobile fence for horses. Robust, flexible and easy to install. Order now at roflexs.shop!","robots":{"index":"index","follow":"follow","max-snippet":"max-snippet:-1","max-image-preview":"max-image-preview:large","max-video-preview":"max-video-preview:-1"},"canonical":"https:\/\/roflexs.shop\/en\/shop\/roflexs-premium-145-starter-set-2026\/","og_locale":"en_GB","og_type":"article","og_title":"RoFlexs Premium 145 Starter Zaun Set - RoFlexs","og_description":"Entdecken Sie das RoFlexs Basic 145 Zaun Set \u2013 Ihr perfekter mobiler Zaun f\u00fcr Pferde. Robust, flexibel und einfach zu installieren. Jetzt bestellen bei roflexs.shop!","og_url":"https:\/\/roflexs.shop\/en\/shop\/roflexs-premium-145-starter-set-2026\/","og_site_name":"RoFlexs","article_publisher":"https:\/\/www.facebook.com\/RoFlexs","article_modified_time":"2026-03-16T15:49:23+00:00","og_image":[{"width":918,"height":1007,"url":"https:\/\/roflexs.shop\/wp-content\/uploads\/RF-PRE-145-Starter-Set-2026-1.jpg","type":"image\/jpeg"}],"twitter_card":"summary_large_image","twitter_misc":{"Estimated reading time":"2 minutes"},"schema":{"@context":"https:\/\/schema.org","@graph":[{"@type":"WebPage","@id":"https:\/\/roflexs.shop\/shop\/roflexs-premium-145-starter-set-2026\/","url":"https:\/\/roflexs.shop\/shop\/roflexs-premium-145-starter-set-2026\/","name":"RoFlexs Premium 145 Starter Zaun Set - RoFlexs","isPartOf":{"@id":"https:\/\/roflexs.shop\/#website"},"primaryImageOfPage":{"@id":"https:\/\/roflexs.shop\/shop\/roflexs-premium-145-starter-set-2026\/#primaryimage"},"image":{"@id":"https:\/\/roflexs.shop\/shop\/roflexs-premium-145-starter-set-2026\/#primaryimage"},"thumbnailUrl":"https:\/\/roflexs.shop\/wp-content\/uploads\/RF-PRE-145-Starter-Set-2026-1.jpg","datePublished":"2026-02-05T07:22:06+00:00","dateModified":"2026-03-16T15:49:23+00:00","description":"Discover the RoFlexs Basic 145 fence set - your perfect mobile fence for horses. Robust, flexible and easy to install. Order now at roflexs.shop!","breadcrumb":{"@id":"https:\/\/roflexs.shop\/shop\/roflexs-premium-145-starter-set-2026\/#breadcrumb"},"inLanguage":"en-GB","potentialAction":[{"@type":"ReadAction","target":["https:\/\/roflexs.shop\/shop\/roflexs-premium-145-starter-set-2026\/"]}]},{"@type":"ImageObject","inLanguage":"en-GB","@id":"https:\/\/roflexs.shop\/shop\/roflexs-premium-145-starter-set-2026\/#primaryimage","url":"https:\/\/roflexs.shop\/wp-content\/uploads\/RF-PRE-145-Starter-Set-2026-1.jpg","contentUrl":"https:\/\/roflexs.shop\/wp-content\/uploads\/RF-PRE-145-Starter-Set-2026-1.jpg","width":918,"height":1007},{"@type":"BreadcrumbList","@id":"https:\/\/roflexs.shop\/shop\/roflexs-premium-145-starter-set-2026\/#breadcrumb","itemListElement":[{"@type":"ListItem","position":1,"name":"Startseite","item":"https:\/\/roflexs.shop\/"},{"@type":"ListItem","position":2,"name":"RoFlexs Premium 145 Starter Zaun Set"}]},{"@type":"WebSite","@id":"https:\/\/roflexs.shop\/#website","url":"https:\/\/roflexs.shop\/","name":"RoFlexs","description":"","publisher":{"@id":"https:\/\/roflexs.shop\/#organization"},"potentialAction":[{"@type":"SearchAction","target":{"@type":"EntryPoint","urlTemplate":"https:\/\/roflexs.shop\/?s={search_term_string}"},"query-input":{"@type":"PropertyValueSpecification","valueRequired":true,"valueName":"search_term_string"}}],"inLanguage":"en-GB"},{"@type":"Organization","@id":"https:\/\/roflexs.shop\/#organization","name":"RoFlexs GmbH","url":"https:\/\/roflexs.shop\/","logo":{"@type":"ImageObject","inLanguage":"en-GB","@id":"https:\/\/roflexs.shop\/#\/schema\/logo\/image\/","url":"https:\/\/roflexs.shop\/wp-content\/uploads\/Logo-Roflex-quer.png","contentUrl":"https:\/\/roflexs.shop\/wp-content\/uploads\/Logo-Roflex-quer.png","width":496,"height":180,"caption":"RoFlexs GmbH"},"image":{"@id":"https:\/\/roflexs.shop\/#\/schema\/logo\/image\/"},"sameAs":["https:\/\/www.facebook.com\/RoFlexs","https:\/\/www.instagram.com\/roflexs_gmbh\/","https:\/\/www.youtube.com\/user\/RoFlexs\/videos"]}]}},"_links":{"self":[{"href":"https:\/\/roflexs.shop\/en\/wp-json\/wp\/v2\/product\/1852","targetHints":{"allow":["GET"]}}],"collection":[{"href":"https:\/\/roflexs.shop\/en\/wp-json\/wp\/v2\/product"}],"about":[{"href":"https:\/\/roflexs.shop\/en\/wp-json\/wp\/v2\/types\/product"}],"replies":[{"embeddable":true,"href":"https:\/\/roflexs.shop\/en\/wp-json\/wp\/v2\/comments?post=1852"}],"wp:featuredmedia":[{"embeddable":true,"href":"https:\/\/roflexs.shop\/en\/wp-json\/wp\/v2\/media\/1906"}],"wp:attachment":[{"href":"https:\/\/roflexs.shop\/en\/wp-json\/wp\/v2\/media?parent=1852"}],"wp:term":[{"taxonomy":"product_brand","embeddable":true,"href":"https:\/\/roflexs.shop\/en\/wp-json\/wp\/v2\/product_brand?post=1852"},{"taxonomy":"product_cat","embeddable":true,"href":"https:\/\/roflexs.shop\/en\/wp-json\/wp\/v2\/product_cat?post=1852"},{"taxonomy":"product_tag","embeddable":true,"href":"https:\/\/roflexs.shop\/en\/wp-json\/wp\/v2\/product_tag?post=1852"}],"curies":[{"name":"wp","href":"https:\/\/api.w.org\/{rel}","templated":true}]}}