{"id":1262,"date":"2025-05-12T08:55:37","date_gmt":"2025-05-12T06:55:37","guid":{"rendered":"https:\/\/roflexs.shop\/?post_type=product&#038;p=1262"},"modified":"2025-05-13T16:08:56","modified_gmt":"2025-05-13T14:08:56","slug":"weidefix-pro-zusatzhaspel-green","status":"publish","type":"product","link":"https:\/\/roflexs.shop\/en\/shop\/weidefix-pro-zusatzhaspel-green\/","title":{"rendered":"WeideFix PRO Zusatzhaspel green"},"content":{"rendered":"<p><strong>WeideFix Zusatzhaspel \u2013 Die perfekte L\u00f6sung zur Erweiterung Ihres WeideFix Zaunes<\/strong><\/p>\n<p>Eine flexible L\u00f6sung ist entscheidend f\u00fcr eine effektivere Unterteilung Ihrer Pferdeweide. Mit der WeideFix Zusatzhaspel bieten wir Ihnen eine noch sicherere und flexiblere Erweiterung, die speziell f\u00fcr die gemeinsame Weidehaltung von Klein- und Gro\u00dfpferden entwickelt wurde.<\/p>\n<h4>Vorteile der WeideFix PRO Zusatzhaspel:<\/h4>\n<ul>\n<li><strong>Robust materials:<\/strong> Die Zusatzhaspel besteht aus langlebigen und witterungsbest\u00e4ndigen Materialien, die auch unter extremen Bedingungen standhalten.<\/li>\n<li><strong>Simple handling:<\/strong> Die WeideFix Zusatzhaspel l\u00e4sst sich schnell und unkompliziert an Ihrem WeideFix Pro Zaun nachr\u00fcsten, was den t\u00e4glichen Gebrauch weitaus flexibler gestaltet.<\/li>\n<li><strong>Flexibility:<\/strong> Mit einer L\u00e4nge von 7,5 m bietet die Zusatzhaspel ausreichend Spielraum f\u00fcr verschiedene Weidegr\u00f6\u00dfen und -formen und erm\u00f6glicht eine einfache Anpassung an Ihre individuellen Bed\u00fcrfnisse.<\/li>\n<li><strong>Security:<\/strong> Die stabile Konstruktion der Zusatzhaspel sorgt daf\u00fcr, dass der vorhandene PRO Zaun mit dem stufenlos in der H\u00f6he verstellbaren 3. Zaunband noch sicher wird.<\/li>\n<\/ul>\n<p>Mit der WeideFix Zusatzhaspel erhalten Sie eine erstklassige L\u00f6sung f\u00fcr Ihre Unterteilungen, die sowohl in puncto Sicherheit als auch Flexibilit\u00e4t \u00fcberzeugt. Unsere Zusatzhaspel wurde speziell entwickelt, um den hohen Anforderungen der Pferdehaltung gerecht zu werden und gleichzeitig eine einfache Handhabung zu gew\u00e4hrleisten.<\/p>\n<p><strong>Scope of delivery:<\/strong><br \/>\n1 x\u00a0 WeideFix Zusatzhaspel<br \/>\n1 x\u00a0 Umlenker mit Befestigungsfeder<\/p>\n<p><strong>Technical data:<\/strong><\/p>\n<p>Zaunbandl\u00e4nge:\u00a0\u00a0 7,5 m<br \/>\nHousing material: UV and weather-resistant plastic<br \/>\nColour: moss green<\/p>","protected":false},"excerpt":{"rendered":"<p>WeideFix PRO Zusatzhaspel &#8211; Die Erweiterung Ihres WeideFix PRO Zauns.<\/p>","protected":false},"featured_media":377,"comment_status":"open","ping_status":"closed","template":"","meta":[],"product_brand":[],"product_cat":[61,49],"product_tag":[],"class_list":{"0":"post-1262","1":"product","2":"type-product","3":"status-publish","4":"has-post-thumbnail","6":"product_cat-weidefix-zaun-zubehoer","7":"product_cat-weidefix-zaeune","9":"first","10":"instock","11":"taxable","12":"shipping-taxable","13":"purchasable","14":"product-type-simple"},"yoast_head":"<!-- This site is optimized with the Yoast SEO plugin v27.4 - https:\/\/yoast.com\/product\/yoast-seo-wordpress\/ -->\n<title>WeideFix PRO Zusatzhaspel green - RoFlexs<\/title>\n<meta name=\"description\" content=\"Entdecken Sie die WeideFix Torrolle 7 m \u2013 die perfekte Weidezaun Torrolle f\u00fcr sichere und flexible Pferdeweiden. Robuste Qualit\u00e4t und einfache Handhabung. Jetzt kaufen bei roflexs.shop!\" \/>\n<meta name=\"robots\" content=\"index, follow, max-snippet:-1, max-image-preview:large, max-video-preview:-1\" \/>\n<link rel=\"canonical\" href=\"https:\/\/roflexs.shop\/en\/shop\/weidefix-pro-zusatzhaspel-green\/\" \/>\n<meta property=\"og:locale\" content=\"en_GB\" \/>\n<meta property=\"og:type\" content=\"article\" \/>\n<meta property=\"og:title\" content=\"WeideFix PRO Zusatzhaspel green - RoFlexs\" \/>\n<meta property=\"og:description\" content=\"Entdecken Sie die WeideFix Torrolle 7 m \u2013 die perfekte Weidezaun Torrolle f\u00fcr sichere und flexible Pferdeweiden. Robuste Qualit\u00e4t und einfache Handhabung. Jetzt kaufen bei roflexs.shop!\" \/>\n<meta property=\"og:url\" content=\"https:\/\/roflexs.shop\/en\/shop\/weidefix-pro-zusatzhaspel-green\/\" \/>\n<meta property=\"og:site_name\" content=\"RoFlexs\" \/>\n<meta property=\"article:publisher\" content=\"https:\/\/www.facebook.com\/RoFlexs\" \/>\n<meta property=\"article:modified_time\" content=\"2025-05-13T14:08:56+00:00\" \/>\n<meta property=\"og:image\" content=\"https:\/\/roflexs.shop\/wp-content\/uploads\/weidefix_zusatzhaspel_gruen.jpg\" \/>\n\t<meta property=\"og:image:width\" content=\"800\" \/>\n\t<meta property=\"og:image:height\" content=\"634\" \/>\n\t<meta property=\"og:image:type\" content=\"image\/jpeg\" \/>\n<meta name=\"twitter:card\" content=\"summary_large_image\" \/>\n<meta name=\"twitter:label1\" content=\"Estimated reading time\" \/>\n\t<meta name=\"twitter:data1\" content=\"2 minutes\" \/>\n<script type=\"application\/ld+json\" class=\"yoast-schema-graph\">{\"@context\":\"https:\\\/\\\/schema.org\",\"@graph\":[{\"@type\":\"WebPage\",\"@id\":\"https:\\\/\\\/roflexs.shop\\\/shop\\\/weidefix-pro-zusatzhaspel-green\\\/\",\"url\":\"https:\\\/\\\/roflexs.shop\\\/shop\\\/weidefix-pro-zusatzhaspel-green\\\/\",\"name\":\"WeideFix PRO Zusatzhaspel green - RoFlexs\",\"isPartOf\":{\"@id\":\"https:\\\/\\\/roflexs.shop\\\/#website\"},\"primaryImageOfPage\":{\"@id\":\"https:\\\/\\\/roflexs.shop\\\/shop\\\/weidefix-pro-zusatzhaspel-green\\\/#primaryimage\"},\"image\":{\"@id\":\"https:\\\/\\\/roflexs.shop\\\/shop\\\/weidefix-pro-zusatzhaspel-green\\\/#primaryimage\"},\"thumbnailUrl\":\"https:\\\/\\\/roflexs.shop\\\/wp-content\\\/uploads\\\/weidefix_zusatzhaspel_gruen.jpg\",\"datePublished\":\"2025-05-12T06:55:37+00:00\",\"dateModified\":\"2025-05-13T14:08:56+00:00\",\"description\":\"Entdecken Sie die WeideFix Torrolle 7 m \u2013 die perfekte Weidezaun Torrolle f\u00fcr sichere und flexible Pferdeweiden. Robuste Qualit\u00e4t und einfache Handhabung. Jetzt kaufen bei roflexs.shop!\",\"breadcrumb\":{\"@id\":\"https:\\\/\\\/roflexs.shop\\\/shop\\\/weidefix-pro-zusatzhaspel-green\\\/#breadcrumb\"},\"inLanguage\":\"en-GB\",\"potentialAction\":[{\"@type\":\"ReadAction\",\"target\":[\"https:\\\/\\\/roflexs.shop\\\/shop\\\/weidefix-pro-zusatzhaspel-green\\\/\"]}]},{\"@type\":\"ImageObject\",\"inLanguage\":\"en-GB\",\"@id\":\"https:\\\/\\\/roflexs.shop\\\/shop\\\/weidefix-pro-zusatzhaspel-green\\\/#primaryimage\",\"url\":\"https:\\\/\\\/roflexs.shop\\\/wp-content\\\/uploads\\\/weidefix_zusatzhaspel_gruen.jpg\",\"contentUrl\":\"https:\\\/\\\/roflexs.shop\\\/wp-content\\\/uploads\\\/weidefix_zusatzhaspel_gruen.jpg\",\"width\":800,\"height\":634},{\"@type\":\"BreadcrumbList\",\"@id\":\"https:\\\/\\\/roflexs.shop\\\/shop\\\/weidefix-pro-zusatzhaspel-green\\\/#breadcrumb\",\"itemListElement\":[{\"@type\":\"ListItem\",\"position\":1,\"name\":\"Startseite\",\"item\":\"https:\\\/\\\/roflexs.shop\\\/\"},{\"@type\":\"ListItem\",\"position\":2,\"name\":\"WeideFix PRO Zusatzhaspel green\"}]},{\"@type\":\"WebSite\",\"@id\":\"https:\\\/\\\/roflexs.shop\\\/#website\",\"url\":\"https:\\\/\\\/roflexs.shop\\\/\",\"name\":\"RoFlexs\",\"description\":\"\",\"publisher\":{\"@id\":\"https:\\\/\\\/roflexs.shop\\\/#organization\"},\"potentialAction\":[{\"@type\":\"SearchAction\",\"target\":{\"@type\":\"EntryPoint\",\"urlTemplate\":\"https:\\\/\\\/roflexs.shop\\\/?s={search_term_string}\"},\"query-input\":{\"@type\":\"PropertyValueSpecification\",\"valueRequired\":true,\"valueName\":\"search_term_string\"}}],\"inLanguage\":\"en-GB\"},{\"@type\":\"Organization\",\"@id\":\"https:\\\/\\\/roflexs.shop\\\/#organization\",\"name\":\"RoFlexs GmbH\",\"url\":\"https:\\\/\\\/roflexs.shop\\\/\",\"logo\":{\"@type\":\"ImageObject\",\"inLanguage\":\"en-GB\",\"@id\":\"https:\\\/\\\/roflexs.shop\\\/#\\\/schema\\\/logo\\\/image\\\/\",\"url\":\"https:\\\/\\\/roflexs.shop\\\/wp-content\\\/uploads\\\/Logo-Roflex-quer.png\",\"contentUrl\":\"https:\\\/\\\/roflexs.shop\\\/wp-content\\\/uploads\\\/Logo-Roflex-quer.png\",\"width\":496,\"height\":180,\"caption\":\"RoFlexs GmbH\"},\"image\":{\"@id\":\"https:\\\/\\\/roflexs.shop\\\/#\\\/schema\\\/logo\\\/image\\\/\"},\"sameAs\":[\"https:\\\/\\\/www.facebook.com\\\/RoFlexs\",\"https:\\\/\\\/www.instagram.com\\\/roflexs_gmbh\\\/\",\"https:\\\/\\\/www.youtube.com\\\/user\\\/RoFlexs\\\/videos\"]}]}<\/script>\n<!-- \/ Yoast SEO plugin. -->","yoast_head_json":{"title":"WeideFix PRO Zusatzhaspel green - RoFlexs","description":"Discover the WeideFix gate roller 7 m - the perfect pasture fence gate roller for safe and flexible horse pastures. Robust quality and easy handling. Buy now at roflexs.shop!","robots":{"index":"index","follow":"follow","max-snippet":"max-snippet:-1","max-image-preview":"max-image-preview:large","max-video-preview":"max-video-preview:-1"},"canonical":"https:\/\/roflexs.shop\/en\/shop\/weidefix-pro-zusatzhaspel-green\/","og_locale":"en_GB","og_type":"article","og_title":"WeideFix PRO Zusatzhaspel green - RoFlexs","og_description":"Entdecken Sie die WeideFix Torrolle 7 m \u2013 die perfekte Weidezaun Torrolle f\u00fcr sichere und flexible Pferdeweiden. Robuste Qualit\u00e4t und einfache Handhabung. Jetzt kaufen bei roflexs.shop!","og_url":"https:\/\/roflexs.shop\/en\/shop\/weidefix-pro-zusatzhaspel-green\/","og_site_name":"RoFlexs","article_publisher":"https:\/\/www.facebook.com\/RoFlexs","article_modified_time":"2025-05-13T14:08:56+00:00","og_image":[{"width":800,"height":634,"url":"https:\/\/roflexs.shop\/wp-content\/uploads\/weidefix_zusatzhaspel_gruen.jpg","type":"image\/jpeg"}],"twitter_card":"summary_large_image","twitter_misc":{"Estimated reading time":"2 minutes"},"schema":{"@context":"https:\/\/schema.org","@graph":[{"@type":"WebPage","@id":"https:\/\/roflexs.shop\/shop\/weidefix-pro-zusatzhaspel-green\/","url":"https:\/\/roflexs.shop\/shop\/weidefix-pro-zusatzhaspel-green\/","name":"WeideFix PRO Zusatzhaspel green - RoFlexs","isPartOf":{"@id":"https:\/\/roflexs.shop\/#website"},"primaryImageOfPage":{"@id":"https:\/\/roflexs.shop\/shop\/weidefix-pro-zusatzhaspel-green\/#primaryimage"},"image":{"@id":"https:\/\/roflexs.shop\/shop\/weidefix-pro-zusatzhaspel-green\/#primaryimage"},"thumbnailUrl":"https:\/\/roflexs.shop\/wp-content\/uploads\/weidefix_zusatzhaspel_gruen.jpg","datePublished":"2025-05-12T06:55:37+00:00","dateModified":"2025-05-13T14:08:56+00:00","description":"Discover the WeideFix gate roller 7 m - the perfect pasture fence gate roller for safe and flexible horse pastures. Robust quality and easy handling. Buy now at roflexs.shop!","breadcrumb":{"@id":"https:\/\/roflexs.shop\/shop\/weidefix-pro-zusatzhaspel-green\/#breadcrumb"},"inLanguage":"en-GB","potentialAction":[{"@type":"ReadAction","target":["https:\/\/roflexs.shop\/shop\/weidefix-pro-zusatzhaspel-green\/"]}]},{"@type":"ImageObject","inLanguage":"en-GB","@id":"https:\/\/roflexs.shop\/shop\/weidefix-pro-zusatzhaspel-green\/#primaryimage","url":"https:\/\/roflexs.shop\/wp-content\/uploads\/weidefix_zusatzhaspel_gruen.jpg","contentUrl":"https:\/\/roflexs.shop\/wp-content\/uploads\/weidefix_zusatzhaspel_gruen.jpg","width":800,"height":634},{"@type":"BreadcrumbList","@id":"https:\/\/roflexs.shop\/shop\/weidefix-pro-zusatzhaspel-green\/#breadcrumb","itemListElement":[{"@type":"ListItem","position":1,"name":"Startseite","item":"https:\/\/roflexs.shop\/"},{"@type":"ListItem","position":2,"name":"WeideFix PRO Zusatzhaspel green"}]},{"@type":"WebSite","@id":"https:\/\/roflexs.shop\/#website","url":"https:\/\/roflexs.shop\/","name":"RoFlexs","description":"","publisher":{"@id":"https:\/\/roflexs.shop\/#organization"},"potentialAction":[{"@type":"SearchAction","target":{"@type":"EntryPoint","urlTemplate":"https:\/\/roflexs.shop\/?s={search_term_string}"},"query-input":{"@type":"PropertyValueSpecification","valueRequired":true,"valueName":"search_term_string"}}],"inLanguage":"en-GB"},{"@type":"Organization","@id":"https:\/\/roflexs.shop\/#organization","name":"RoFlexs GmbH","url":"https:\/\/roflexs.shop\/","logo":{"@type":"ImageObject","inLanguage":"en-GB","@id":"https:\/\/roflexs.shop\/#\/schema\/logo\/image\/","url":"https:\/\/roflexs.shop\/wp-content\/uploads\/Logo-Roflex-quer.png","contentUrl":"https:\/\/roflexs.shop\/wp-content\/uploads\/Logo-Roflex-quer.png","width":496,"height":180,"caption":"RoFlexs GmbH"},"image":{"@id":"https:\/\/roflexs.shop\/#\/schema\/logo\/image\/"},"sameAs":["https:\/\/www.facebook.com\/RoFlexs","https:\/\/www.instagram.com\/roflexs_gmbh\/","https:\/\/www.youtube.com\/user\/RoFlexs\/videos"]}]}},"_links":{"self":[{"href":"https:\/\/roflexs.shop\/en\/wp-json\/wp\/v2\/product\/1262","targetHints":{"allow":["GET"]}}],"collection":[{"href":"https:\/\/roflexs.shop\/en\/wp-json\/wp\/v2\/product"}],"about":[{"href":"https:\/\/roflexs.shop\/en\/wp-json\/wp\/v2\/types\/product"}],"replies":[{"embeddable":true,"href":"https:\/\/roflexs.shop\/en\/wp-json\/wp\/v2\/comments?post=1262"}],"wp:featuredmedia":[{"embeddable":true,"href":"https:\/\/roflexs.shop\/en\/wp-json\/wp\/v2\/media\/377"}],"wp:attachment":[{"href":"https:\/\/roflexs.shop\/en\/wp-json\/wp\/v2\/media?parent=1262"}],"wp:term":[{"taxonomy":"product_brand","embeddable":true,"href":"https:\/\/roflexs.shop\/en\/wp-json\/wp\/v2\/product_brand?post=1262"},{"taxonomy":"product_cat","embeddable":true,"href":"https:\/\/roflexs.shop\/en\/wp-json\/wp\/v2\/product_cat?post=1262"},{"taxonomy":"product_tag","embeddable":true,"href":"https:\/\/roflexs.shop\/en\/wp-json\/wp\/v2\/product_tag?post=1262"}],"curies":[{"name":"wp","href":"https:\/\/api.w.org\/{rel}","templated":true}]}}