{"id":1022,"date":"2025-01-30T14:24:16","date_gmt":"2025-01-30T13:24:16","guid":{"rendered":"https:\/\/roflexs.shop\/?post_type=product&#038;p=1022"},"modified":"2026-03-01T10:43:22","modified_gmt":"2026-03-01T09:43:22","slug":"roflexs-tragetasche-150","status":"publish","type":"product","link":"https:\/\/roflexs.shop\/en\/shop\/roflexs-tragetasche-150\/","title":{"rendered":"RoFlexs carrier bag 150 anthracite"},"content":{"rendered":"<p><strong>Scope of delivery:<\/strong><br \/>\n1 x RoFlexs carrier bag 150 anthracite<\/p>\n<p><strong>Technical data:<\/strong><\/p>\n<p>Dimensions:   LxHxW: 150cm x 30cm x 28cm<br \/>\nMaterial: Outer material: 600D polyester with PVC coating, strap material: hard-wearing polypropylene<br \/>\nColour: anthracite<br \/>\nWeight: 1,660 g<\/p>\n<p><strong>Pack-Empfehlung:<\/strong><\/p>\n<p>Unsere <a href=\"https:\/\/www.mydrive.ch\/shares\/99815\/ea20aabef27fc91327e0b7519b5a475e\/browse\/40032588\/RoFlexs%20Tragetasche%20150%20anthrazit%20NEU\">Pack-Empfehlung<\/a><\/p>\n<p><img fetchpriority=\"high\" decoding=\"async\" class=\"alignnone wp-image-1498\" src=\"https:\/\/roflexs.shop\/wp-content\/uploads\/QR-Internet-463x512.jpg\" alt=\"\" width=\"229\" height=\"253\" srcset=\"https:\/\/roflexs.shop\/wp-content\/uploads\/QR-Internet-463x512.jpg 463w, https:\/\/roflexs.shop\/wp-content\/uploads\/QR-Internet-768x849.jpg 768w, https:\/\/roflexs.shop\/wp-content\/uploads\/QR-Internet-11x12.jpg 11w, https:\/\/roflexs.shop\/wp-content\/uploads\/QR-Internet-600x663.jpg 600w, https:\/\/roflexs.shop\/wp-content\/uploads\/QR-Internet.jpg 817w\" sizes=\"(max-width: 229px) 100vw, 229px\" \/><\/p>\n<p>Made from robust 600D polyester with PVC coating, the bag offers excellent water repellency and Durability. The hard-wearing polypropylene belt material ensures high load-bearing capacity. <strong>robustem<\/strong> 600D Polyester mit PVC-Beschichtung, bietet die Tasche hervorragende Wasserabweisung und Langlebigkeit. Das <strong>strapazierf\u00e4hige<\/strong> Gurtmaterial Polypropylen sorgt f\u00fcr hohe Tragf\u00e4higkeit.<\/p>\n<p>Additional features and benefits:<\/p>\n<p><strong>Innenverst\u00e4rkung:<\/strong>\u00a0 Internal reinforcement: Both short sides are reinforced with polyethylene, which ensures the bag's dimensional stability and protection even with heavy and angular contents.<\/p>\n<p><strong>Large zip: Equipped with a high-quality size #10 zip, the large zip opening enables effortless storage and removal.<\/strong>\u00a0 Ausgestattet mit einem hochwertigen Rei\u00dfverschluss der Gr\u00f6\u00dfe #10 erm\u00f6glicht die gro\u00dfe Rei\u00dfverschluss-\u00d6ffnung ein m\u00fcheloses Verstauen und Entnehmen.<\/p>","protected":false},"excerpt":{"rendered":"<p><strong>NEW<\/strong> Optimal verstaut. Die strapazierf\u00e4hige und wasserabweisende RoFlexs Tragetasche 150 f\u00fcr den Transport von <strong>vier RoFlexs 145 Zaun Pfosten<\/strong>.<\/p>","protected":false},"featured_media":1023,"comment_status":"open","ping_status":"closed","template":"","meta":[],"product_brand":[],"product_cat":[54,43,48],"product_tag":[],"class_list":{"0":"post-1022","1":"product","2":"type-product","3":"status-publish","4":"has-post-thumbnail","6":"product_cat-roflexs-zaeune","7":"product_cat-roflexs-zaun-set-angebote","8":"product_cat-roflexs-zaun-zubehoer","10":"first","11":"instock","12":"taxable","13":"shipping-taxable","14":"purchasable","15":"product-type-simple"},"yoast_head":"<!-- This site is optimized with the Yoast SEO plugin v27.5 - https:\/\/yoast.com\/product\/yoast-seo-wordpress\/ -->\n<title>RoFlexs Tragetasche 150 anthrazit - RoFlexs<\/title>\n<meta name=\"robots\" content=\"index, follow, max-snippet:-1, max-image-preview:large, max-video-preview:-1\" \/>\n<link rel=\"canonical\" href=\"https:\/\/roflexs.shop\/en\/shop\/roflexs-tragetasche-150\/\" \/>\n<meta property=\"og:locale\" content=\"en_GB\" \/>\n<meta property=\"og:type\" content=\"article\" \/>\n<meta property=\"og:title\" content=\"RoFlexs Tragetasche 150 anthrazit - RoFlexs\" \/>\n<meta property=\"og:description\" content=\"NEU Optimal verstaut. Die strapazierf\u00e4hige und wasserabweisende RoFlexs Tragetasche 150 f\u00fcr den Transport von vier RoFlexs 145 Zaun Pfosten.\" \/>\n<meta property=\"og:url\" content=\"https:\/\/roflexs.shop\/en\/shop\/roflexs-tragetasche-150\/\" \/>\n<meta property=\"og:site_name\" content=\"RoFlexs\" \/>\n<meta property=\"article:publisher\" content=\"https:\/\/www.facebook.com\/RoFlexs\" \/>\n<meta property=\"article:modified_time\" content=\"2026-03-01T09:43:22+00:00\" \/>\n<meta property=\"og:image\" content=\"https:\/\/roflexs.shop\/wp-content\/uploads\/tasche1a.png\" \/>\n\t<meta property=\"og:image:width\" content=\"973\" \/>\n\t<meta property=\"og:image:height\" content=\"272\" \/>\n\t<meta property=\"og:image:type\" content=\"image\/png\" \/>\n<meta name=\"twitter:card\" content=\"summary_large_image\" \/>\n<meta name=\"twitter:label1\" content=\"Estimated reading time\" \/>\n\t<meta name=\"twitter:data1\" content=\"1 minute\" \/>\n<script type=\"application\/ld+json\" class=\"yoast-schema-graph\">{\"@context\":\"https:\\\/\\\/schema.org\",\"@graph\":[{\"@type\":\"WebPage\",\"@id\":\"https:\\\/\\\/roflexs.shop\\\/shop\\\/roflexs-tragetasche-150\\\/\",\"url\":\"https:\\\/\\\/roflexs.shop\\\/shop\\\/roflexs-tragetasche-150\\\/\",\"name\":\"RoFlexs Tragetasche 150 anthrazit - RoFlexs\",\"isPartOf\":{\"@id\":\"https:\\\/\\\/roflexs.shop\\\/#website\"},\"primaryImageOfPage\":{\"@id\":\"https:\\\/\\\/roflexs.shop\\\/shop\\\/roflexs-tragetasche-150\\\/#primaryimage\"},\"image\":{\"@id\":\"https:\\\/\\\/roflexs.shop\\\/shop\\\/roflexs-tragetasche-150\\\/#primaryimage\"},\"thumbnailUrl\":\"https:\\\/\\\/roflexs.shop\\\/wp-content\\\/uploads\\\/tasche1a.png\",\"datePublished\":\"2025-01-30T13:24:16+00:00\",\"dateModified\":\"2026-03-01T09:43:22+00:00\",\"breadcrumb\":{\"@id\":\"https:\\\/\\\/roflexs.shop\\\/shop\\\/roflexs-tragetasche-150\\\/#breadcrumb\"},\"inLanguage\":\"en-GB\",\"potentialAction\":[{\"@type\":\"ReadAction\",\"target\":[\"https:\\\/\\\/roflexs.shop\\\/shop\\\/roflexs-tragetasche-150\\\/\"]}]},{\"@type\":\"ImageObject\",\"inLanguage\":\"en-GB\",\"@id\":\"https:\\\/\\\/roflexs.shop\\\/shop\\\/roflexs-tragetasche-150\\\/#primaryimage\",\"url\":\"https:\\\/\\\/roflexs.shop\\\/wp-content\\\/uploads\\\/tasche1a.png\",\"contentUrl\":\"https:\\\/\\\/roflexs.shop\\\/wp-content\\\/uploads\\\/tasche1a.png\",\"width\":973,\"height\":272},{\"@type\":\"BreadcrumbList\",\"@id\":\"https:\\\/\\\/roflexs.shop\\\/shop\\\/roflexs-tragetasche-150\\\/#breadcrumb\",\"itemListElement\":[{\"@type\":\"ListItem\",\"position\":1,\"name\":\"Startseite\",\"item\":\"https:\\\/\\\/roflexs.shop\\\/\"},{\"@type\":\"ListItem\",\"position\":2,\"name\":\"RoFlexs Tragetasche 150 anthrazit\"}]},{\"@type\":\"WebSite\",\"@id\":\"https:\\\/\\\/roflexs.shop\\\/#website\",\"url\":\"https:\\\/\\\/roflexs.shop\\\/\",\"name\":\"RoFlexs\",\"description\":\"\",\"publisher\":{\"@id\":\"https:\\\/\\\/roflexs.shop\\\/#organization\"},\"potentialAction\":[{\"@type\":\"SearchAction\",\"target\":{\"@type\":\"EntryPoint\",\"urlTemplate\":\"https:\\\/\\\/roflexs.shop\\\/?s={search_term_string}\"},\"query-input\":{\"@type\":\"PropertyValueSpecification\",\"valueRequired\":true,\"valueName\":\"search_term_string\"}}],\"inLanguage\":\"en-GB\"},{\"@type\":\"Organization\",\"@id\":\"https:\\\/\\\/roflexs.shop\\\/#organization\",\"name\":\"RoFlexs GmbH\",\"url\":\"https:\\\/\\\/roflexs.shop\\\/\",\"logo\":{\"@type\":\"ImageObject\",\"inLanguage\":\"en-GB\",\"@id\":\"https:\\\/\\\/roflexs.shop\\\/#\\\/schema\\\/logo\\\/image\\\/\",\"url\":\"https:\\\/\\\/roflexs.shop\\\/wp-content\\\/uploads\\\/Logo-Roflex-quer.png\",\"contentUrl\":\"https:\\\/\\\/roflexs.shop\\\/wp-content\\\/uploads\\\/Logo-Roflex-quer.png\",\"width\":496,\"height\":180,\"caption\":\"RoFlexs GmbH\"},\"image\":{\"@id\":\"https:\\\/\\\/roflexs.shop\\\/#\\\/schema\\\/logo\\\/image\\\/\"},\"sameAs\":[\"https:\\\/\\\/www.facebook.com\\\/RoFlexs\",\"https:\\\/\\\/www.instagram.com\\\/roflexs_gmbh\\\/\",\"https:\\\/\\\/www.youtube.com\\\/user\\\/RoFlexs\\\/videos\"]}]}<\/script>\n<!-- \/ Yoast SEO plugin. -->","yoast_head_json":{"title":"RoFlexs Tragetasche 150 anthrazit - RoFlexs","robots":{"index":"index","follow":"follow","max-snippet":"max-snippet:-1","max-image-preview":"max-image-preview:large","max-video-preview":"max-video-preview:-1"},"canonical":"https:\/\/roflexs.shop\/en\/shop\/roflexs-tragetasche-150\/","og_locale":"en_GB","og_type":"article","og_title":"RoFlexs Tragetasche 150 anthrazit - RoFlexs","og_description":"NEU Optimal verstaut. Die strapazierf\u00e4hige und wasserabweisende RoFlexs Tragetasche 150 f\u00fcr den Transport von vier RoFlexs 145 Zaun Pfosten.","og_url":"https:\/\/roflexs.shop\/en\/shop\/roflexs-tragetasche-150\/","og_site_name":"RoFlexs","article_publisher":"https:\/\/www.facebook.com\/RoFlexs","article_modified_time":"2026-03-01T09:43:22+00:00","og_image":[{"width":973,"height":272,"url":"https:\/\/roflexs.shop\/wp-content\/uploads\/tasche1a.png","type":"image\/png"}],"twitter_card":"summary_large_image","twitter_misc":{"Estimated reading time":"1 minute"},"schema":{"@context":"https:\/\/schema.org","@graph":[{"@type":"WebPage","@id":"https:\/\/roflexs.shop\/shop\/roflexs-tragetasche-150\/","url":"https:\/\/roflexs.shop\/shop\/roflexs-tragetasche-150\/","name":"RoFlexs Tragetasche 150 anthrazit - RoFlexs","isPartOf":{"@id":"https:\/\/roflexs.shop\/#website"},"primaryImageOfPage":{"@id":"https:\/\/roflexs.shop\/shop\/roflexs-tragetasche-150\/#primaryimage"},"image":{"@id":"https:\/\/roflexs.shop\/shop\/roflexs-tragetasche-150\/#primaryimage"},"thumbnailUrl":"https:\/\/roflexs.shop\/wp-content\/uploads\/tasche1a.png","datePublished":"2025-01-30T13:24:16+00:00","dateModified":"2026-03-01T09:43:22+00:00","breadcrumb":{"@id":"https:\/\/roflexs.shop\/shop\/roflexs-tragetasche-150\/#breadcrumb"},"inLanguage":"en-GB","potentialAction":[{"@type":"ReadAction","target":["https:\/\/roflexs.shop\/shop\/roflexs-tragetasche-150\/"]}]},{"@type":"ImageObject","inLanguage":"en-GB","@id":"https:\/\/roflexs.shop\/shop\/roflexs-tragetasche-150\/#primaryimage","url":"https:\/\/roflexs.shop\/wp-content\/uploads\/tasche1a.png","contentUrl":"https:\/\/roflexs.shop\/wp-content\/uploads\/tasche1a.png","width":973,"height":272},{"@type":"BreadcrumbList","@id":"https:\/\/roflexs.shop\/shop\/roflexs-tragetasche-150\/#breadcrumb","itemListElement":[{"@type":"ListItem","position":1,"name":"Startseite","item":"https:\/\/roflexs.shop\/"},{"@type":"ListItem","position":2,"name":"RoFlexs Tragetasche 150 anthrazit"}]},{"@type":"WebSite","@id":"https:\/\/roflexs.shop\/#website","url":"https:\/\/roflexs.shop\/","name":"RoFlexs","description":"","publisher":{"@id":"https:\/\/roflexs.shop\/#organization"},"potentialAction":[{"@type":"SearchAction","target":{"@type":"EntryPoint","urlTemplate":"https:\/\/roflexs.shop\/?s={search_term_string}"},"query-input":{"@type":"PropertyValueSpecification","valueRequired":true,"valueName":"search_term_string"}}],"inLanguage":"en-GB"},{"@type":"Organization","@id":"https:\/\/roflexs.shop\/#organization","name":"RoFlexs GmbH","url":"https:\/\/roflexs.shop\/","logo":{"@type":"ImageObject","inLanguage":"en-GB","@id":"https:\/\/roflexs.shop\/#\/schema\/logo\/image\/","url":"https:\/\/roflexs.shop\/wp-content\/uploads\/Logo-Roflex-quer.png","contentUrl":"https:\/\/roflexs.shop\/wp-content\/uploads\/Logo-Roflex-quer.png","width":496,"height":180,"caption":"RoFlexs GmbH"},"image":{"@id":"https:\/\/roflexs.shop\/#\/schema\/logo\/image\/"},"sameAs":["https:\/\/www.facebook.com\/RoFlexs","https:\/\/www.instagram.com\/roflexs_gmbh\/","https:\/\/www.youtube.com\/user\/RoFlexs\/videos"]}]}},"_links":{"self":[{"href":"https:\/\/roflexs.shop\/en\/wp-json\/wp\/v2\/product\/1022","targetHints":{"allow":["GET"]}}],"collection":[{"href":"https:\/\/roflexs.shop\/en\/wp-json\/wp\/v2\/product"}],"about":[{"href":"https:\/\/roflexs.shop\/en\/wp-json\/wp\/v2\/types\/product"}],"replies":[{"embeddable":true,"href":"https:\/\/roflexs.shop\/en\/wp-json\/wp\/v2\/comments?post=1022"}],"wp:featuredmedia":[{"embeddable":true,"href":"https:\/\/roflexs.shop\/en\/wp-json\/wp\/v2\/media\/1023"}],"wp:attachment":[{"href":"https:\/\/roflexs.shop\/en\/wp-json\/wp\/v2\/media?parent=1022"}],"wp:term":[{"taxonomy":"product_brand","embeddable":true,"href":"https:\/\/roflexs.shop\/en\/wp-json\/wp\/v2\/product_brand?post=1022"},{"taxonomy":"product_cat","embeddable":true,"href":"https:\/\/roflexs.shop\/en\/wp-json\/wp\/v2\/product_cat?post=1022"},{"taxonomy":"product_tag","embeddable":true,"href":"https:\/\/roflexs.shop\/en\/wp-json\/wp\/v2\/product_tag?post=1022"}],"curies":[{"name":"wp","href":"https:\/\/api.w.org\/{rel}","templated":true}]}}