{"id":6,"date":"2026-04-21T15:10:10","date_gmt":"2026-04-21T13:10:10","guid":{"rendered":"https:\/\/roflexs.shop\/?page_id=6"},"modified":"2026-04-21T15:10:10","modified_gmt":"2026-04-21T13:10:10","slug":"imprint","status":"publish","type":"page","link":"https:\/\/roflexs.shop\/en\/impressum\/","title":{"rendered":"Imprint"},"content":{"rendered":"<div data-elementor-type=\"wp-page\" data-elementor-id=\"6\" class=\"elementor elementor-6\" data-elementor-post-type=\"page\">\n\t\t\t\t<div class=\"elementor-element elementor-element-43aa6d7 e-flex e-con-boxed e-con e-parent\" data-id=\"43aa6d7\" data-element_type=\"container\" data-e-type=\"container\">\n\t\t\t\t\t<div class=\"e-con-inner\">\n\t\t\t\t<div class=\"elementor-element elementor-element-1f72746 elementor-widget elementor-widget-shortcode\" data-id=\"1f72746\" data-element_type=\"widget\" data-e-type=\"widget\" data-widget_type=\"shortcode.default\">\n\t\t\t\t<div class=\"elementor-widget-container\">\n\t\t\t\t\t\t\t<div class=\"elementor-shortcode\"><\/div>\n\t\t\t\t\t\t<\/div>\n\t\t\t\t<\/div>\n\t\t\t\t<div class=\"elementor-element elementor-element-76038fe elementor-widget elementor-widget-shortcode\" data-id=\"76038fe\" data-element_type=\"widget\" data-e-type=\"widget\" data-no-translation=\"\" data-widget_type=\"shortcode.default\">\n\t\t\t\t<div class=\"elementor-widget-container\">\n\t\t\t\t\t\t\t<div class=\"elementor-shortcode\">\n  <div  class=\"agb_content agb_imprint  notranslate\"><div>RoFlexs GmbH<br \/>\nPretzierer Dorfstr. 22<br \/>\n29410 Salzwedel<br \/>\nGermany<br \/>\n<br \/>\nPhone.: +49 (0) 39037.95 97 60<br \/>\nFax: +49 (0) 39037.95 54 83<br \/>\ne-mail: roflexs@roflexs.com<br \/>\n<br \/>\nRegister court: Stendal Local Court<br \/>\nRegister number: HRB 17992<br \/>\n<br \/>\nManaging Director: Torsten Menzel<br \/>\n<br \/>\nSales tax identification number: DE283834487<br \/>\n<br \/>\nWe are neither obliged nor willing to participate in dispute resolution proceedings before a consumer arbitration board.<br \/>\n<br \/>\nMember of the &quot;Fairness in Trade&quot; initiative.<br \/>\nFurther information: <a target=\"_blank\" href=\"https:\/\/www.fairness-im-handel.de\">https:\/\/www.fairness-im-handel.de<\/a><\/div><div id=\"itkanzlei_txt_copyright\" style=\"font-size: 12px; margin-top: 8em;\"><div style=\"display: inline-block; vertical-align: top; margin-left: 5px; float: right; white-space: nowrap;\">Version: 21.04.2026, 15:10:07<\/div><div style=\"clear: right;\"><\/div><\/div><\/div>\n<\/div>\n\t\t\t\t\t\t<\/div>\n\t\t\t\t<\/div>\n\t\t\t\t\t<\/div>\n\t\t\t\t<\/div>\n\t\t\t\t<\/div>","protected":false},"excerpt":{"rendered":"","protected":false},"author":1,"featured_media":0,"parent":0,"menu_order":15,"comment_status":"closed","ping_status":"closed","template":"","meta":{"footnotes":""},"class_list":["post-6","page","type-page","status-publish","hentry"],"yoast_head":"<!-- This site is optimized with the Yoast SEO plugin v27.4 - https:\/\/yoast.com\/product\/yoast-seo-wordpress\/ -->\n<title>Impressum - RoFlexs<\/title>\n<meta name=\"description\" content=\"Entdecken Sie das Impressum von roflexs.shop \u2013 Ihrem Experten f\u00fcr mobile Z\u00e4une und Paddocks f\u00fcr Pferde. Erfahren Sie alles \u00fcber unsere Firmendaten, rechtliche Hinweise und Kontaktinformationen. Jetzt informieren!\" \/>\n<meta name=\"robots\" content=\"noindex, nofollow\" \/>\n<meta property=\"og:locale\" content=\"en_GB\" \/>\n<meta property=\"og:type\" content=\"article\" \/>\n<meta property=\"og:title\" content=\"Impressum - RoFlexs\" \/>\n<meta property=\"og:description\" content=\"Entdecken Sie das Impressum von roflexs.shop \u2013 Ihrem Experten f\u00fcr mobile Z\u00e4une und Paddocks f\u00fcr Pferde. Erfahren Sie alles \u00fcber unsere Firmendaten, rechtliche Hinweise und Kontaktinformationen. Jetzt informieren!\" \/>\n<meta property=\"og:url\" content=\"https:\/\/roflexs.shop\/en\/imprint\/\" \/>\n<meta property=\"og:site_name\" content=\"RoFlexs\" \/>\n<meta property=\"article:publisher\" content=\"https:\/\/www.facebook.com\/RoFlexs\" \/>\n<meta property=\"og:image\" content=\"https:\/\/roflexs.shop\/wp-content\/uploads\/Logo-Roflex-quer.png\" \/>\n\t<meta property=\"og:image:width\" content=\"496\" \/>\n\t<meta property=\"og:image:height\" content=\"180\" \/>\n\t<meta property=\"og:image:type\" content=\"image\/png\" \/>\n<meta name=\"twitter:card\" content=\"summary_large_image\" \/>\n<script type=\"application\/ld+json\" class=\"yoast-schema-graph\">{\"@context\":\"https:\\\/\\\/schema.org\",\"@graph\":[{\"@type\":\"WebPage\",\"@id\":\"https:\\\/\\\/roflexs.shop\\\/impressum\\\/\",\"url\":\"https:\\\/\\\/roflexs.shop\\\/impressum\\\/\",\"name\":\"Impressum - RoFlexs\",\"isPartOf\":{\"@id\":\"https:\\\/\\\/roflexs.shop\\\/#website\"},\"datePublished\":\"2026-04-21T13:10:10+00:00\",\"description\":\"Entdecken Sie das Impressum von roflexs.shop \u2013 Ihrem Experten f\u00fcr mobile Z\u00e4une und Paddocks f\u00fcr Pferde. Erfahren Sie alles \u00fcber unsere Firmendaten, rechtliche Hinweise und Kontaktinformationen. Jetzt informieren!\",\"breadcrumb\":{\"@id\":\"https:\\\/\\\/roflexs.shop\\\/impressum\\\/#breadcrumb\"},\"inLanguage\":\"en-GB\",\"potentialAction\":[{\"@type\":\"ReadAction\",\"target\":[\"https:\\\/\\\/roflexs.shop\\\/impressum\\\/\"]}]},{\"@type\":\"BreadcrumbList\",\"@id\":\"https:\\\/\\\/roflexs.shop\\\/impressum\\\/#breadcrumb\",\"itemListElement\":[{\"@type\":\"ListItem\",\"position\":1,\"name\":\"Startseite\",\"item\":\"https:\\\/\\\/roflexs.shop\\\/\"},{\"@type\":\"ListItem\",\"position\":2,\"name\":\"Impressum\"}]},{\"@type\":\"WebSite\",\"@id\":\"https:\\\/\\\/roflexs.shop\\\/#website\",\"url\":\"https:\\\/\\\/roflexs.shop\\\/\",\"name\":\"RoFlexs\",\"description\":\"\",\"publisher\":{\"@id\":\"https:\\\/\\\/roflexs.shop\\\/#organization\"},\"potentialAction\":[{\"@type\":\"SearchAction\",\"target\":{\"@type\":\"EntryPoint\",\"urlTemplate\":\"https:\\\/\\\/roflexs.shop\\\/?s={search_term_string}\"},\"query-input\":{\"@type\":\"PropertyValueSpecification\",\"valueRequired\":true,\"valueName\":\"search_term_string\"}}],\"inLanguage\":\"en-GB\"},{\"@type\":\"Organization\",\"@id\":\"https:\\\/\\\/roflexs.shop\\\/#organization\",\"name\":\"RoFlexs GmbH\",\"url\":\"https:\\\/\\\/roflexs.shop\\\/\",\"logo\":{\"@type\":\"ImageObject\",\"inLanguage\":\"en-GB\",\"@id\":\"https:\\\/\\\/roflexs.shop\\\/#\\\/schema\\\/logo\\\/image\\\/\",\"url\":\"https:\\\/\\\/roflexs.shop\\\/wp-content\\\/uploads\\\/Logo-Roflex-quer.png\",\"contentUrl\":\"https:\\\/\\\/roflexs.shop\\\/wp-content\\\/uploads\\\/Logo-Roflex-quer.png\",\"width\":496,\"height\":180,\"caption\":\"RoFlexs GmbH\"},\"image\":{\"@id\":\"https:\\\/\\\/roflexs.shop\\\/#\\\/schema\\\/logo\\\/image\\\/\"},\"sameAs\":[\"https:\\\/\\\/www.facebook.com\\\/RoFlexs\",\"https:\\\/\\\/www.instagram.com\\\/roflexs_gmbh\\\/\",\"https:\\\/\\\/www.youtube.com\\\/user\\\/RoFlexs\\\/videos\"]}]}<\/script>\n<!-- \/ Yoast SEO plugin. -->","yoast_head_json":{"title":"Imprint - RoFlexs","description":"Discover the imprint of roflexs.shop - your expert for mobile fences and paddocks for horses. Find out all about our company details, legal information and contact details. Inform now!","robots":{"index":"noindex","follow":"nofollow"},"og_locale":"en_GB","og_type":"article","og_title":"Impressum - RoFlexs","og_description":"Entdecken Sie das Impressum von roflexs.shop \u2013 Ihrem Experten f\u00fcr mobile Z\u00e4une und Paddocks f\u00fcr Pferde. Erfahren Sie alles \u00fcber unsere Firmendaten, rechtliche Hinweise und Kontaktinformationen. Jetzt informieren!","og_url":"https:\/\/roflexs.shop\/en\/imprint\/","og_site_name":"RoFlexs","article_publisher":"https:\/\/www.facebook.com\/RoFlexs","og_image":[{"width":496,"height":180,"url":"https:\/\/roflexs.shop\/wp-content\/uploads\/Logo-Roflex-quer.png","type":"image\/png"}],"twitter_card":"summary_large_image","schema":{"@context":"https:\/\/schema.org","@graph":[{"@type":"WebPage","@id":"https:\/\/roflexs.shop\/impressum\/","url":"https:\/\/roflexs.shop\/impressum\/","name":"Imprint - RoFlexs","isPartOf":{"@id":"https:\/\/roflexs.shop\/#website"},"datePublished":"2026-04-21T13:10:10+00:00","description":"Discover the imprint of roflexs.shop - your expert for mobile fences and paddocks for horses. Find out all about our company details, legal information and contact details. Inform now!","breadcrumb":{"@id":"https:\/\/roflexs.shop\/impressum\/#breadcrumb"},"inLanguage":"en-GB","potentialAction":[{"@type":"ReadAction","target":["https:\/\/roflexs.shop\/impressum\/"]}]},{"@type":"BreadcrumbList","@id":"https:\/\/roflexs.shop\/impressum\/#breadcrumb","itemListElement":[{"@type":"ListItem","position":1,"name":"Startseite","item":"https:\/\/roflexs.shop\/"},{"@type":"ListItem","position":2,"name":"Impressum"}]},{"@type":"WebSite","@id":"https:\/\/roflexs.shop\/#website","url":"https:\/\/roflexs.shop\/","name":"RoFlexs","description":"","publisher":{"@id":"https:\/\/roflexs.shop\/#organization"},"potentialAction":[{"@type":"SearchAction","target":{"@type":"EntryPoint","urlTemplate":"https:\/\/roflexs.shop\/?s={search_term_string}"},"query-input":{"@type":"PropertyValueSpecification","valueRequired":true,"valueName":"search_term_string"}}],"inLanguage":"en-GB"},{"@type":"Organization","@id":"https:\/\/roflexs.shop\/#organization","name":"RoFlexs GmbH","url":"https:\/\/roflexs.shop\/","logo":{"@type":"ImageObject","inLanguage":"en-GB","@id":"https:\/\/roflexs.shop\/#\/schema\/logo\/image\/","url":"https:\/\/roflexs.shop\/wp-content\/uploads\/Logo-Roflex-quer.png","contentUrl":"https:\/\/roflexs.shop\/wp-content\/uploads\/Logo-Roflex-quer.png","width":496,"height":180,"caption":"RoFlexs GmbH"},"image":{"@id":"https:\/\/roflexs.shop\/#\/schema\/logo\/image\/"},"sameAs":["https:\/\/www.facebook.com\/RoFlexs","https:\/\/www.instagram.com\/roflexs_gmbh\/","https:\/\/www.youtube.com\/user\/RoFlexs\/videos"]}]}},"_links":{"self":[{"href":"https:\/\/roflexs.shop\/en\/wp-json\/wp\/v2\/pages\/6","targetHints":{"allow":["GET"]}}],"collection":[{"href":"https:\/\/roflexs.shop\/en\/wp-json\/wp\/v2\/pages"}],"about":[{"href":"https:\/\/roflexs.shop\/en\/wp-json\/wp\/v2\/types\/page"}],"author":[{"embeddable":true,"href":"https:\/\/roflexs.shop\/en\/wp-json\/wp\/v2\/users\/1"}],"replies":[{"embeddable":true,"href":"https:\/\/roflexs.shop\/en\/wp-json\/wp\/v2\/comments?post=6"}],"version-history":[{"count":0,"href":"https:\/\/roflexs.shop\/en\/wp-json\/wp\/v2\/pages\/6\/revisions"}],"wp:attachment":[{"href":"https:\/\/roflexs.shop\/en\/wp-json\/wp\/v2\/media?parent=6"}],"curies":[{"name":"wp","href":"https:\/\/api.w.org\/{rel}","templated":true}]}}