{"id":42,"date":"2024-03-04T12:25:29","date_gmt":"2024-03-04T11:25:29","guid":{"rendered":"https:\/\/roflexs.shop\/?page_id=42"},"modified":"2024-07-02T18:31:53","modified_gmt":"2024-07-02T16:31:53","slug":"cancellation-form","status":"publish","type":"page","link":"https:\/\/roflexs.shop\/en\/widerrufsformular\/","title":{"rendered":"Cancellation form"},"content":{"rendered":"<div data-elementor-type=\"wp-page\" data-elementor-id=\"42\" class=\"elementor elementor-42\" data-elementor-post-type=\"page\">\n\t\t\t\t<div class=\"elementor-element elementor-element-717c6d7e e-flex e-con-boxed e-con e-parent\" data-id=\"717c6d7e\" data-element_type=\"container\" data-e-type=\"container\">\n\t\t\t\t\t<div class=\"e-con-inner\">\n\t\t\t\t<div class=\"elementor-element elementor-element-4a363cc elementor-button-secondary elementor-widget elementor-widget-button\" data-id=\"4a363cc\" data-element_type=\"widget\" data-e-type=\"widget\" data-widget_type=\"button.default\">\n\t\t\t\t<div class=\"elementor-widget-container\">\n\t\t\t\t\t\t\t\t\t<div class=\"elementor-button-wrapper\">\n\t\t\t\t\t<a class=\"elementor-button elementor-button-link elementor-size-sm\" href=\"https:\/\/roflexs.shop\/en\/roflexs_widerrufsbelehrung_fuer_alle_praesenzen_ausser_amazon_ebay\/\" target=\"_blank\">\n\t\t\t\t\t\t<span class=\"elementor-button-content-wrapper\">\n\t\t\t\t\t\t<span class=\"elementor-button-icon\">\n\t\t\t\t<i aria-hidden=\"true\" class=\"far fa-file-download\"><\/i>\t\t\t<\/span>\n\t\t\t\t\t\t\t\t\t<span class=\"elementor-button-text\">Download cancellation policy<\/span>\n\t\t\t\t\t<\/span>\n\t\t\t\t\t<\/a>\n\t\t\t\t<\/div>\n\t\t\t\t\t\t\t\t<\/div>\n\t\t\t\t<\/div>\n\t\t\t\t\t<\/div>\n\t\t\t\t<\/div>\n\t\t\t\t<\/div>","protected":false},"excerpt":{"rendered":"<p>Download cancellation policy<\/p>","protected":false},"author":1,"featured_media":0,"parent":0,"menu_order":25,"comment_status":"closed","ping_status":"closed","template":"","meta":{"footnotes":""},"class_list":["post-42","page","type-page","status-publish","hentry"],"yoast_head":"<!-- This site is optimized with the Yoast SEO plugin v27.4 - https:\/\/yoast.com\/product\/yoast-seo-wordpress\/ -->\n<title>Widerrufsformular - RoFlexs<\/title>\n<meta name=\"description\" content=\"Finden Sie das Widerrufsformular bei roflexs.shop \u2013 Ihrem Experten f\u00fcr mobile Z\u00e4une und Paddocks f\u00fcr Pferde. Nutzen Sie unser einfaches Formular, um Ihren Widerruf schnell und unkompliziert abzuwickeln. Jetzt herunterladen!\" \/>\n<meta name=\"robots\" content=\"noindex, nofollow\" \/>\n<meta property=\"og:locale\" content=\"en_GB\" \/>\n<meta property=\"og:type\" content=\"article\" \/>\n<meta property=\"og:title\" content=\"Widerrufsformular - RoFlexs\" \/>\n<meta property=\"og:description\" content=\"Finden Sie das Widerrufsformular bei roflexs.shop \u2013 Ihrem Experten f\u00fcr mobile Z\u00e4une und Paddocks f\u00fcr Pferde. Nutzen Sie unser einfaches Formular, um Ihren Widerruf schnell und unkompliziert abzuwickeln. Jetzt herunterladen!\" \/>\n<meta property=\"og:url\" content=\"https:\/\/roflexs.shop\/en\/cancellation-form\/\" \/>\n<meta property=\"og:site_name\" content=\"RoFlexs\" \/>\n<meta property=\"article:publisher\" content=\"https:\/\/www.facebook.com\/RoFlexs\" \/>\n<meta property=\"article:modified_time\" content=\"2024-07-02T16:31:53+00:00\" \/>\n<meta property=\"og:image\" content=\"https:\/\/roflexs.shop\/wp-content\/uploads\/Logo-Roflex-quer.png\" \/>\n\t<meta property=\"og:image:width\" content=\"496\" \/>\n\t<meta property=\"og:image:height\" content=\"180\" \/>\n\t<meta property=\"og:image:type\" content=\"image\/png\" \/>\n<meta name=\"twitter:card\" content=\"summary_large_image\" \/>\n<meta name=\"twitter:label1\" content=\"Estimated reading time\" \/>\n\t<meta name=\"twitter:data1\" content=\"1 minute\" \/>\n<script type=\"application\/ld+json\" class=\"yoast-schema-graph\">{\"@context\":\"https:\\\/\\\/schema.org\",\"@graph\":[{\"@type\":\"WebPage\",\"@id\":\"https:\\\/\\\/roflexs.shop\\\/widerrufsformular\\\/\",\"url\":\"https:\\\/\\\/roflexs.shop\\\/widerrufsformular\\\/\",\"name\":\"Widerrufsformular - RoFlexs\",\"isPartOf\":{\"@id\":\"https:\\\/\\\/roflexs.shop\\\/#website\"},\"datePublished\":\"2024-03-04T11:25:29+00:00\",\"dateModified\":\"2024-07-02T16:31:53+00:00\",\"description\":\"Finden Sie das Widerrufsformular bei roflexs.shop \u2013 Ihrem Experten f\u00fcr mobile Z\u00e4une und Paddocks f\u00fcr Pferde. Nutzen Sie unser einfaches Formular, um Ihren Widerruf schnell und unkompliziert abzuwickeln. Jetzt herunterladen!\",\"breadcrumb\":{\"@id\":\"https:\\\/\\\/roflexs.shop\\\/widerrufsformular\\\/#breadcrumb\"},\"inLanguage\":\"en-GB\",\"potentialAction\":[{\"@type\":\"ReadAction\",\"target\":[\"https:\\\/\\\/roflexs.shop\\\/widerrufsformular\\\/\"]}]},{\"@type\":\"BreadcrumbList\",\"@id\":\"https:\\\/\\\/roflexs.shop\\\/widerrufsformular\\\/#breadcrumb\",\"itemListElement\":[{\"@type\":\"ListItem\",\"position\":1,\"name\":\"Startseite\",\"item\":\"https:\\\/\\\/roflexs.shop\\\/\"},{\"@type\":\"ListItem\",\"position\":2,\"name\":\"Widerrufsformular\"}]},{\"@type\":\"WebSite\",\"@id\":\"https:\\\/\\\/roflexs.shop\\\/#website\",\"url\":\"https:\\\/\\\/roflexs.shop\\\/\",\"name\":\"RoFlexs\",\"description\":\"\",\"publisher\":{\"@id\":\"https:\\\/\\\/roflexs.shop\\\/#organization\"},\"potentialAction\":[{\"@type\":\"SearchAction\",\"target\":{\"@type\":\"EntryPoint\",\"urlTemplate\":\"https:\\\/\\\/roflexs.shop\\\/?s={search_term_string}\"},\"query-input\":{\"@type\":\"PropertyValueSpecification\",\"valueRequired\":true,\"valueName\":\"search_term_string\"}}],\"inLanguage\":\"en-GB\"},{\"@type\":\"Organization\",\"@id\":\"https:\\\/\\\/roflexs.shop\\\/#organization\",\"name\":\"RoFlexs GmbH\",\"url\":\"https:\\\/\\\/roflexs.shop\\\/\",\"logo\":{\"@type\":\"ImageObject\",\"inLanguage\":\"en-GB\",\"@id\":\"https:\\\/\\\/roflexs.shop\\\/#\\\/schema\\\/logo\\\/image\\\/\",\"url\":\"https:\\\/\\\/roflexs.shop\\\/wp-content\\\/uploads\\\/Logo-Roflex-quer.png\",\"contentUrl\":\"https:\\\/\\\/roflexs.shop\\\/wp-content\\\/uploads\\\/Logo-Roflex-quer.png\",\"width\":496,\"height\":180,\"caption\":\"RoFlexs GmbH\"},\"image\":{\"@id\":\"https:\\\/\\\/roflexs.shop\\\/#\\\/schema\\\/logo\\\/image\\\/\"},\"sameAs\":[\"https:\\\/\\\/www.facebook.com\\\/RoFlexs\",\"https:\\\/\\\/www.instagram.com\\\/roflexs_gmbh\\\/\",\"https:\\\/\\\/www.youtube.com\\\/user\\\/RoFlexs\\\/videos\"]}]}<\/script>\n<!-- \/ Yoast SEO plugin. -->","yoast_head_json":{"title":"Cancellation form - RoFlexs","description":"Find the cancellation form at roflexs.shop - your expert for mobile fences and paddocks for horses. Use our simple form to process your cancellation quickly and easily. Download now!","robots":{"index":"noindex","follow":"nofollow"},"og_locale":"en_GB","og_type":"article","og_title":"Widerrufsformular - RoFlexs","og_description":"Finden Sie das Widerrufsformular bei roflexs.shop \u2013 Ihrem Experten f\u00fcr mobile Z\u00e4une und Paddocks f\u00fcr Pferde. Nutzen Sie unser einfaches Formular, um Ihren Widerruf schnell und unkompliziert abzuwickeln. Jetzt herunterladen!","og_url":"https:\/\/roflexs.shop\/en\/cancellation-form\/","og_site_name":"RoFlexs","article_publisher":"https:\/\/www.facebook.com\/RoFlexs","article_modified_time":"2024-07-02T16:31:53+00:00","og_image":[{"width":496,"height":180,"url":"https:\/\/roflexs.shop\/wp-content\/uploads\/Logo-Roflex-quer.png","type":"image\/png"}],"twitter_card":"summary_large_image","twitter_misc":{"Estimated reading time":"1 minute"},"schema":{"@context":"https:\/\/schema.org","@graph":[{"@type":"WebPage","@id":"https:\/\/roflexs.shop\/widerrufsformular\/","url":"https:\/\/roflexs.shop\/widerrufsformular\/","name":"Cancellation form - RoFlexs","isPartOf":{"@id":"https:\/\/roflexs.shop\/#website"},"datePublished":"2024-03-04T11:25:29+00:00","dateModified":"2024-07-02T16:31:53+00:00","description":"Find the cancellation form at roflexs.shop - your expert for mobile fences and paddocks for horses. Use our simple form to process your cancellation quickly and easily. Download now!","breadcrumb":{"@id":"https:\/\/roflexs.shop\/widerrufsformular\/#breadcrumb"},"inLanguage":"en-GB","potentialAction":[{"@type":"ReadAction","target":["https:\/\/roflexs.shop\/widerrufsformular\/"]}]},{"@type":"BreadcrumbList","@id":"https:\/\/roflexs.shop\/widerrufsformular\/#breadcrumb","itemListElement":[{"@type":"ListItem","position":1,"name":"Startseite","item":"https:\/\/roflexs.shop\/"},{"@type":"ListItem","position":2,"name":"Widerrufsformular"}]},{"@type":"WebSite","@id":"https:\/\/roflexs.shop\/#website","url":"https:\/\/roflexs.shop\/","name":"RoFlexs","description":"","publisher":{"@id":"https:\/\/roflexs.shop\/#organization"},"potentialAction":[{"@type":"SearchAction","target":{"@type":"EntryPoint","urlTemplate":"https:\/\/roflexs.shop\/?s={search_term_string}"},"query-input":{"@type":"PropertyValueSpecification","valueRequired":true,"valueName":"search_term_string"}}],"inLanguage":"en-GB"},{"@type":"Organization","@id":"https:\/\/roflexs.shop\/#organization","name":"RoFlexs GmbH","url":"https:\/\/roflexs.shop\/","logo":{"@type":"ImageObject","inLanguage":"en-GB","@id":"https:\/\/roflexs.shop\/#\/schema\/logo\/image\/","url":"https:\/\/roflexs.shop\/wp-content\/uploads\/Logo-Roflex-quer.png","contentUrl":"https:\/\/roflexs.shop\/wp-content\/uploads\/Logo-Roflex-quer.png","width":496,"height":180,"caption":"RoFlexs GmbH"},"image":{"@id":"https:\/\/roflexs.shop\/#\/schema\/logo\/image\/"},"sameAs":["https:\/\/www.facebook.com\/RoFlexs","https:\/\/www.instagram.com\/roflexs_gmbh\/","https:\/\/www.youtube.com\/user\/RoFlexs\/videos"]}]}},"_links":{"self":[{"href":"https:\/\/roflexs.shop\/en\/wp-json\/wp\/v2\/pages\/42","targetHints":{"allow":["GET"]}}],"collection":[{"href":"https:\/\/roflexs.shop\/en\/wp-json\/wp\/v2\/pages"}],"about":[{"href":"https:\/\/roflexs.shop\/en\/wp-json\/wp\/v2\/types\/page"}],"author":[{"embeddable":true,"href":"https:\/\/roflexs.shop\/en\/wp-json\/wp\/v2\/users\/1"}],"replies":[{"embeddable":true,"href":"https:\/\/roflexs.shop\/en\/wp-json\/wp\/v2\/comments?post=42"}],"version-history":[{"count":0,"href":"https:\/\/roflexs.shop\/en\/wp-json\/wp\/v2\/pages\/42\/revisions"}],"wp:attachment":[{"href":"https:\/\/roflexs.shop\/en\/wp-json\/wp\/v2\/media?parent=42"}],"curies":[{"name":"wp","href":"https:\/\/api.w.org\/{rel}","templated":true}]}}