{"id":40,"date":"2024-03-04T12:24:47","date_gmt":"2024-03-04T11:24:47","guid":{"rendered":"https:\/\/roflexs.shop\/?page_id=40"},"modified":"2025-09-18T10:35:32","modified_gmt":"2025-09-18T08:35:32","slug":"shipping-and-payment-terms","status":"publish","type":"page","link":"https:\/\/roflexs.shop\/en\/versand-u-zahlungsbedingungen\/","title":{"rendered":"Shipping and payment conditions"},"content":{"rendered":"<div data-elementor-type=\"wp-page\" data-elementor-id=\"40\" class=\"elementor elementor-40\" data-elementor-post-type=\"page\">\n\t\t\t\t<div class=\"elementor-element elementor-element-10d325a3 e-flex e-con-boxed e-con e-parent\" data-id=\"10d325a3\" data-element_type=\"container\" data-e-type=\"container\">\n\t\t\t\t\t<div class=\"e-con-inner\">\n\t\t\t\t<div class=\"elementor-element elementor-element-7d7f4b45 elementor-widget elementor-widget-text-editor\" data-id=\"7d7f4b45\" data-element_type=\"widget\" data-e-type=\"widget\" data-widget_type=\"text-editor.default\">\n\t\t\t\t<div class=\"elementor-widget-container\">\n\t\t\t\t\t\t\t\t\t<div class=\"content--wrapper\"><div class=\"custom-page--content content block\"><div class=\"content--custom\"><h1 class=\"custom-page--tab-headline\" style=\"text-align: left;\">Shipping and terms of payment<\/h1><p style=\"text-align: left;\"><strong>How do we deliver orders within Germany?<\/strong><\/p><p style=\"text-align: left;\">Depending on the item, quantity and delivery address, delivery will be made by DPD, GLS or a forwarding agent.<br \/>DHL express deliveries are possible for an additional charge. Shipments to post office boxes or post warehouse<br \/>are not possible. The transport costs depend on the weight and volume of the ordered goods.<br \/>We will be happy to quote your transport costs individually by telephone: <a href=\"tel:+4939037959760\">+49 (0)<\/a><br \/>39037.95 97 60 or by email: <a href=\"mailto:info@roflexs.com\">info@roflexs.com<\/a>.<\/p><p style=\"text-align: left;\"><br \/><strong>Delivery by parcel service:<\/strong><\/p><p style=\"text-align: left;\">Delivery usually takes place within 2-6 working days from receipt of payment, provided that the<br \/>goods are in stock. In order to ensure a smooth process, we need from you a<br \/>Delivery address where you or a deputy can be safely found during the day. Telephone number<br \/>and e-mail address are of course required for express deliveries.<\/p><p style=\"text-align: left;\"><strong>Delivery by forwarding agent:<\/strong><\/p><p style=\"text-align: left;\">Delivery usually takes place within 4-10 working days from receipt of payment, if the<br \/>goods are in stock. As a rule, the haulage company will contact you one day before delivery<br \/>by telephone to notify you of the delivery date. Delivery time: As a rule, we can deliver<br \/>We can deliver the desired article within the above-mentioned period. Nevertheless, we may also<br \/>supply bottlenecks may occur, which may result in a delay in delivery.<br \/>We will be happy to give you more information, just give us a call: <a href=\"tel:+4939037959760\">+49 (0) 39037.95 97 60<\/a> or<br \/>simply send us an email: <a href=\"mailto:info@roflexs.com\">info@roflexs.com<\/a>.<\/p><p style=\"text-align: left;\"><strong>Contractual partner\/purchase agreement:<\/strong><\/p><p style=\"text-align: left;\">For orders placed via the RoFlexs Online Shop, the contractual partner of the customer is RoFlexs<br \/>GmbH. The purchase contract is concluded by the delivery of the \"order confirmation\" on a<br \/>permanent data carrier (by e-mail), or tacitly by delivery of goods legally binding<br \/>closed.<\/p><p style=\"text-align: left;\"><strong>How do you pay domestically?<\/strong><\/p><p style=\"text-align: left;\">1. by advance transfer\/pre-payment<br \/>2. via PayPal<br \/>3. per stripes, whose offers such as: Klarna, credit card, PayPal, ApplePay, etc.,<br \/>4 RoFlexs GmbH reserves the right to exclude payment methods.<\/p><p style=\"text-align: left;\"><strong>How do you pay for deliveries abroad?<\/strong><\/p><p style=\"text-align: left;\">1. by advance transfer\/pre-payment<br \/>2. via PayPal<br \/>3. per stripes, whose offers such as: Klarna, credit card, PayPal, ApplePay, etc.,<br \/>4 RoFlexs GmbH reserves the right to exclude payment methods.<\/p><\/div><\/div><\/div>\t\t\t\t\t\t\t\t<\/div>\n\t\t\t\t<\/div>\n\t\t\t\t\t<\/div>\n\t\t\t\t<\/div>\n\t\t\t\t<\/div>","protected":false},"excerpt":{"rendered":"<p>Versand und Zahlungsbedingungen Wie liefern wir Bestellungen innerhalb Deutschlands? Je nach Artikel, Menge und Lieferadresse erfolgt die Lieferung mit DPD, GLS oder per Spedition. DHL-Express-Lieferungen sind gegen Aufpreis m\u00f6glich. Sendungen an Postf\u00e4cher oder postlagernd sind nicht m\u00f6glich. Die Transportkosten richten sich nach Gewicht und Volumen der bestellten Artikel, Ihren Transportkostenanteil nennen wir Ihnen gerne individuell&hellip;<\/p>","protected":false},"author":1,"featured_media":1585,"parent":0,"menu_order":8,"comment_status":"closed","ping_status":"closed","template":"","meta":{"footnotes":""},"class_list":["post-40","page","type-page","status-publish","has-post-thumbnail","hentry"],"yoast_head":"<!-- This site is optimized with the Yoast SEO plugin v27.4 - https:\/\/yoast.com\/product\/yoast-seo-wordpress\/ -->\n<title>Versand- u. Zahlungsbedingungen - RoFlexs<\/title>\n<meta name=\"robots\" content=\"index, follow, max-snippet:-1, max-image-preview:large, max-video-preview:-1\" \/>\n<link rel=\"canonical\" href=\"https:\/\/roflexs.shop\/en\/shipping-and-payment-terms\/\" \/>\n<meta property=\"og:locale\" content=\"en_GB\" \/>\n<meta property=\"og:type\" content=\"article\" \/>\n<meta property=\"og:title\" content=\"Versand- u. Zahlungsbedingungen - RoFlexs\" \/>\n<meta property=\"og:description\" content=\"Versand und Zahlungsbedingungen Wie liefern wir Bestellungen innerhalb Deutschlands? Je nach Artikel, Menge und Lieferadresse erfolgt die Lieferung mit DPD, GLS oder per Spedition. DHL-Express-Lieferungen sind gegen Aufpreis m\u00f6glich. Sendungen an Postf\u00e4cher oder postlagernd sind nicht m\u00f6glich. Die Transportkosten richten sich nach Gewicht und Volumen der bestellten Artikel, Ihren Transportkostenanteil nennen wir Ihnen gerne individuell&hellip;\" \/>\n<meta property=\"og:url\" content=\"https:\/\/roflexs.shop\/en\/shipping-and-payment-terms\/\" \/>\n<meta property=\"og:site_name\" content=\"RoFlexs\" \/>\n<meta property=\"article:publisher\" content=\"https:\/\/www.facebook.com\/RoFlexs\" \/>\n<meta property=\"article:modified_time\" content=\"2025-09-18T08:35:32+00:00\" \/>\n<meta property=\"og:image\" content=\"https:\/\/roflexs.shop\/wp-content\/uploads\/oldenburger_delfina61963-scaled.jpg\" \/>\n\t<meta property=\"og:image:width\" content=\"2560\" \/>\n\t<meta property=\"og:image:height\" content=\"1707\" \/>\n\t<meta property=\"og:image:type\" content=\"image\/jpeg\" \/>\n<meta name=\"twitter:card\" content=\"summary_large_image\" \/>\n<meta name=\"twitter:label1\" content=\"Estimated reading time\" \/>\n\t<meta name=\"twitter:data1\" content=\"2 minutes\" \/>\n<script type=\"application\/ld+json\" class=\"yoast-schema-graph\">{\"@context\":\"https:\\\/\\\/schema.org\",\"@graph\":[{\"@type\":\"WebPage\",\"@id\":\"https:\\\/\\\/roflexs.shop\\\/versand-u-zahlungsbedingungen\\\/\",\"url\":\"https:\\\/\\\/roflexs.shop\\\/versand-u-zahlungsbedingungen\\\/\",\"name\":\"Versand- u. Zahlungsbedingungen - RoFlexs\",\"isPartOf\":{\"@id\":\"https:\\\/\\\/roflexs.shop\\\/#website\"},\"primaryImageOfPage\":{\"@id\":\"https:\\\/\\\/roflexs.shop\\\/versand-u-zahlungsbedingungen\\\/#primaryimage\"},\"image\":{\"@id\":\"https:\\\/\\\/roflexs.shop\\\/versand-u-zahlungsbedingungen\\\/#primaryimage\"},\"thumbnailUrl\":\"https:\\\/\\\/roflexs.shop\\\/wp-content\\\/uploads\\\/oldenburger_delfina61963-scaled.jpg\",\"datePublished\":\"2024-03-04T11:24:47+00:00\",\"dateModified\":\"2025-09-18T08:35:32+00:00\",\"breadcrumb\":{\"@id\":\"https:\\\/\\\/roflexs.shop\\\/versand-u-zahlungsbedingungen\\\/#breadcrumb\"},\"inLanguage\":\"en-GB\",\"potentialAction\":[{\"@type\":\"ReadAction\",\"target\":[\"https:\\\/\\\/roflexs.shop\\\/versand-u-zahlungsbedingungen\\\/\"]}]},{\"@type\":\"ImageObject\",\"inLanguage\":\"en-GB\",\"@id\":\"https:\\\/\\\/roflexs.shop\\\/versand-u-zahlungsbedingungen\\\/#primaryimage\",\"url\":\"https:\\\/\\\/roflexs.shop\\\/wp-content\\\/uploads\\\/oldenburger_delfina61963-scaled.jpg\",\"contentUrl\":\"https:\\\/\\\/roflexs.shop\\\/wp-content\\\/uploads\\\/oldenburger_delfina61963-scaled.jpg\",\"width\":2560,\"height\":1707},{\"@type\":\"BreadcrumbList\",\"@id\":\"https:\\\/\\\/roflexs.shop\\\/versand-u-zahlungsbedingungen\\\/#breadcrumb\",\"itemListElement\":[{\"@type\":\"ListItem\",\"position\":1,\"name\":\"Startseite\",\"item\":\"https:\\\/\\\/roflexs.shop\\\/\"},{\"@type\":\"ListItem\",\"position\":2,\"name\":\"Versand- u. Zahlungsbedingungen\"}]},{\"@type\":\"WebSite\",\"@id\":\"https:\\\/\\\/roflexs.shop\\\/#website\",\"url\":\"https:\\\/\\\/roflexs.shop\\\/\",\"name\":\"RoFlexs\",\"description\":\"\",\"publisher\":{\"@id\":\"https:\\\/\\\/roflexs.shop\\\/#organization\"},\"potentialAction\":[{\"@type\":\"SearchAction\",\"target\":{\"@type\":\"EntryPoint\",\"urlTemplate\":\"https:\\\/\\\/roflexs.shop\\\/?s={search_term_string}\"},\"query-input\":{\"@type\":\"PropertyValueSpecification\",\"valueRequired\":true,\"valueName\":\"search_term_string\"}}],\"inLanguage\":\"en-GB\"},{\"@type\":\"Organization\",\"@id\":\"https:\\\/\\\/roflexs.shop\\\/#organization\",\"name\":\"RoFlexs GmbH\",\"url\":\"https:\\\/\\\/roflexs.shop\\\/\",\"logo\":{\"@type\":\"ImageObject\",\"inLanguage\":\"en-GB\",\"@id\":\"https:\\\/\\\/roflexs.shop\\\/#\\\/schema\\\/logo\\\/image\\\/\",\"url\":\"https:\\\/\\\/roflexs.shop\\\/wp-content\\\/uploads\\\/Logo-Roflex-quer.png\",\"contentUrl\":\"https:\\\/\\\/roflexs.shop\\\/wp-content\\\/uploads\\\/Logo-Roflex-quer.png\",\"width\":496,\"height\":180,\"caption\":\"RoFlexs GmbH\"},\"image\":{\"@id\":\"https:\\\/\\\/roflexs.shop\\\/#\\\/schema\\\/logo\\\/image\\\/\"},\"sameAs\":[\"https:\\\/\\\/www.facebook.com\\\/RoFlexs\",\"https:\\\/\\\/www.instagram.com\\\/roflexs_gmbh\\\/\",\"https:\\\/\\\/www.youtube.com\\\/user\\\/RoFlexs\\\/videos\"]}]}<\/script>\n<!-- \/ Yoast SEO plugin. -->","yoast_head_json":{"title":"Shipping and payment conditions - RoFlexs","robots":{"index":"index","follow":"follow","max-snippet":"max-snippet:-1","max-image-preview":"max-image-preview:large","max-video-preview":"max-video-preview:-1"},"canonical":"https:\/\/roflexs.shop\/en\/shipping-and-payment-terms\/","og_locale":"en_GB","og_type":"article","og_title":"Versand- u. Zahlungsbedingungen - RoFlexs","og_description":"Versand und Zahlungsbedingungen Wie liefern wir Bestellungen innerhalb Deutschlands? Je nach Artikel, Menge und Lieferadresse erfolgt die Lieferung mit DPD, GLS oder per Spedition. DHL-Express-Lieferungen sind gegen Aufpreis m\u00f6glich. Sendungen an Postf\u00e4cher oder postlagernd sind nicht m\u00f6glich. Die Transportkosten richten sich nach Gewicht und Volumen der bestellten Artikel, Ihren Transportkostenanteil nennen wir Ihnen gerne individuell&hellip;","og_url":"https:\/\/roflexs.shop\/en\/shipping-and-payment-terms\/","og_site_name":"RoFlexs","article_publisher":"https:\/\/www.facebook.com\/RoFlexs","article_modified_time":"2025-09-18T08:35:32+00:00","og_image":[{"width":2560,"height":1707,"url":"https:\/\/roflexs.shop\/wp-content\/uploads\/oldenburger_delfina61963-scaled.jpg","type":"image\/jpeg"}],"twitter_card":"summary_large_image","twitter_misc":{"Estimated reading time":"2 minutes"},"schema":{"@context":"https:\/\/schema.org","@graph":[{"@type":"WebPage","@id":"https:\/\/roflexs.shop\/versand-u-zahlungsbedingungen\/","url":"https:\/\/roflexs.shop\/versand-u-zahlungsbedingungen\/","name":"Shipping and payment conditions - RoFlexs","isPartOf":{"@id":"https:\/\/roflexs.shop\/#website"},"primaryImageOfPage":{"@id":"https:\/\/roflexs.shop\/versand-u-zahlungsbedingungen\/#primaryimage"},"image":{"@id":"https:\/\/roflexs.shop\/versand-u-zahlungsbedingungen\/#primaryimage"},"thumbnailUrl":"https:\/\/roflexs.shop\/wp-content\/uploads\/oldenburger_delfina61963-scaled.jpg","datePublished":"2024-03-04T11:24:47+00:00","dateModified":"2025-09-18T08:35:32+00:00","breadcrumb":{"@id":"https:\/\/roflexs.shop\/versand-u-zahlungsbedingungen\/#breadcrumb"},"inLanguage":"en-GB","potentialAction":[{"@type":"ReadAction","target":["https:\/\/roflexs.shop\/versand-u-zahlungsbedingungen\/"]}]},{"@type":"ImageObject","inLanguage":"en-GB","@id":"https:\/\/roflexs.shop\/versand-u-zahlungsbedingungen\/#primaryimage","url":"https:\/\/roflexs.shop\/wp-content\/uploads\/oldenburger_delfina61963-scaled.jpg","contentUrl":"https:\/\/roflexs.shop\/wp-content\/uploads\/oldenburger_delfina61963-scaled.jpg","width":2560,"height":1707},{"@type":"BreadcrumbList","@id":"https:\/\/roflexs.shop\/versand-u-zahlungsbedingungen\/#breadcrumb","itemListElement":[{"@type":"ListItem","position":1,"name":"Startseite","item":"https:\/\/roflexs.shop\/"},{"@type":"ListItem","position":2,"name":"Versand- u. Zahlungsbedingungen"}]},{"@type":"WebSite","@id":"https:\/\/roflexs.shop\/#website","url":"https:\/\/roflexs.shop\/","name":"RoFlexs","description":"","publisher":{"@id":"https:\/\/roflexs.shop\/#organization"},"potentialAction":[{"@type":"SearchAction","target":{"@type":"EntryPoint","urlTemplate":"https:\/\/roflexs.shop\/?s={search_term_string}"},"query-input":{"@type":"PropertyValueSpecification","valueRequired":true,"valueName":"search_term_string"}}],"inLanguage":"en-GB"},{"@type":"Organization","@id":"https:\/\/roflexs.shop\/#organization","name":"RoFlexs GmbH","url":"https:\/\/roflexs.shop\/","logo":{"@type":"ImageObject","inLanguage":"en-GB","@id":"https:\/\/roflexs.shop\/#\/schema\/logo\/image\/","url":"https:\/\/roflexs.shop\/wp-content\/uploads\/Logo-Roflex-quer.png","contentUrl":"https:\/\/roflexs.shop\/wp-content\/uploads\/Logo-Roflex-quer.png","width":496,"height":180,"caption":"RoFlexs GmbH"},"image":{"@id":"https:\/\/roflexs.shop\/#\/schema\/logo\/image\/"},"sameAs":["https:\/\/www.facebook.com\/RoFlexs","https:\/\/www.instagram.com\/roflexs_gmbh\/","https:\/\/www.youtube.com\/user\/RoFlexs\/videos"]}]}},"_links":{"self":[{"href":"https:\/\/roflexs.shop\/en\/wp-json\/wp\/v2\/pages\/40","targetHints":{"allow":["GET"]}}],"collection":[{"href":"https:\/\/roflexs.shop\/en\/wp-json\/wp\/v2\/pages"}],"about":[{"href":"https:\/\/roflexs.shop\/en\/wp-json\/wp\/v2\/types\/page"}],"author":[{"embeddable":true,"href":"https:\/\/roflexs.shop\/en\/wp-json\/wp\/v2\/users\/1"}],"replies":[{"embeddable":true,"href":"https:\/\/roflexs.shop\/en\/wp-json\/wp\/v2\/comments?post=40"}],"version-history":[{"count":0,"href":"https:\/\/roflexs.shop\/en\/wp-json\/wp\/v2\/pages\/40\/revisions"}],"wp:featuredmedia":[{"embeddable":true,"href":"https:\/\/roflexs.shop\/en\/wp-json\/wp\/v2\/media\/1585"}],"wp:attachment":[{"href":"https:\/\/roflexs.shop\/en\/wp-json\/wp\/v2\/media?parent=40"}],"curies":[{"name":"wp","href":"https:\/\/api.w.org\/{rel}","templated":true}]}}