{"id":10,"date":"2024-02-22T13:49:26","date_gmt":"2024-02-22T12:49:26","guid":{"rendered":"https:\/\/roflexs.shop\/shop\/"},"modified":"2024-10-30T10:51:02","modified_gmt":"2024-10-30T09:51:02","slug":"shop","status":"publish","type":"page","link":"https:\/\/roflexs.shop\/en\/shop\/","title":{"rendered":"Shop"},"content":{"rendered":"<div data-elementor-type=\"wp-page\" data-elementor-id=\"10\" class=\"elementor elementor-10\" data-elementor-post-type=\"page\">\n\t\t\t\t<div class=\"elementor-element elementor-element-3851705 e-flex e-con-boxed e-con e-parent\" data-id=\"3851705\" data-element_type=\"container\" data-e-type=\"container\">\n\t\t\t\t\t<div class=\"e-con-inner\">\n\t\t\t\t\t<\/div>\n\t\t\t\t<\/div>\n\t\t\t\t<\/div>","protected":false},"excerpt":{"rendered":"","protected":false},"author":1,"featured_media":0,"parent":0,"menu_order":20,"comment_status":"closed","ping_status":"closed","template":"","meta":{"footnotes":""},"class_list":["post-10","page","type-page","status-publish","hentry"],"yoast_head":"<!-- This site is optimized with the Yoast SEO plugin v27.3 - https:\/\/yoast.com\/product\/yoast-seo-wordpress\/ -->\n<title>Shop - RoFlexs<\/title>\n<meta name=\"description\" content=\"&quot;Besuchen Sie den Onlineshop von roflexs.shop \u2013 Ihr Experte f\u00fcr mobile Z\u00e4une und Paddocks f\u00fcr Pferde. Entdecken Sie unser umfangreiches Sortiment an hochwertigen Produkten f\u00fcr Ihre Pferdehaltung. Jetzt online bestellen!&quot;\" \/>\n<meta name=\"robots\" content=\"noindex, nofollow\" \/>\n<meta property=\"og:locale\" content=\"en_GB\" \/>\n<meta property=\"og:type\" content=\"article\" \/>\n<meta property=\"og:title\" content=\"Shop - RoFlexs\" \/>\n<meta property=\"og:description\" content=\"&quot;Besuchen Sie den Onlineshop von roflexs.shop \u2013 Ihr Experte f\u00fcr mobile Z\u00e4une und Paddocks f\u00fcr Pferde. Entdecken Sie unser umfangreiches Sortiment an hochwertigen Produkten f\u00fcr Ihre Pferdehaltung. Jetzt online bestellen!&quot;\" \/>\n<meta property=\"og:url\" content=\"https:\/\/roflexs.shop\/en\/shop\/\" \/>\n<meta property=\"og:site_name\" content=\"RoFlexs\" \/>\n<meta property=\"article:publisher\" content=\"https:\/\/www.facebook.com\/RoFlexs\" \/>\n<meta property=\"article:modified_time\" content=\"2024-10-30T09:51:02+00:00\" \/>\n<meta property=\"og:image\" content=\"https:\/\/roflexs.shop\/wp-content\/uploads\/Logo-Roflex-quer.png\" \/>\n\t<meta property=\"og:image:width\" content=\"496\" \/>\n\t<meta property=\"og:image:height\" content=\"180\" \/>\n\t<meta property=\"og:image:type\" content=\"image\/png\" \/>\n<meta name=\"twitter:card\" content=\"summary_large_image\" \/>\n<script type=\"application\/ld+json\" class=\"yoast-schema-graph\">{\"@context\":\"https:\\\/\\\/schema.org\",\"@graph\":[{\"@type\":\"WebPage\",\"@id\":\"https:\\\/\\\/roflexs.shop\\\/shop\\\/\",\"url\":\"https:\\\/\\\/roflexs.shop\\\/shop\\\/\",\"name\":\"Shop - RoFlexs\",\"isPartOf\":{\"@id\":\"https:\\\/\\\/roflexs.shop\\\/#website\"},\"datePublished\":\"2024-02-22T12:49:26+00:00\",\"dateModified\":\"2024-10-30T09:51:02+00:00\",\"description\":\"\\\"Besuchen Sie den Onlineshop von roflexs.shop \u2013 Ihr Experte f\u00fcr mobile Z\u00e4une und Paddocks f\u00fcr Pferde. Entdecken Sie unser umfangreiches Sortiment an hochwertigen Produkten f\u00fcr Ihre Pferdehaltung. Jetzt online bestellen!\\\"\",\"breadcrumb\":{\"@id\":\"https:\\\/\\\/roflexs.shop\\\/shop\\\/#breadcrumb\"},\"inLanguage\":\"en-GB\",\"potentialAction\":[{\"@type\":\"ReadAction\",\"target\":[\"https:\\\/\\\/roflexs.shop\\\/shop\\\/\"]}]},{\"@type\":\"BreadcrumbList\",\"@id\":\"https:\\\/\\\/roflexs.shop\\\/shop\\\/#breadcrumb\",\"itemListElement\":[{\"@type\":\"ListItem\",\"position\":1,\"name\":\"Startseite\",\"item\":\"https:\\\/\\\/roflexs.shop\\\/\"},{\"@type\":\"ListItem\",\"position\":2,\"name\":\"Shop\"}]},{\"@type\":\"WebSite\",\"@id\":\"https:\\\/\\\/roflexs.shop\\\/#website\",\"url\":\"https:\\\/\\\/roflexs.shop\\\/\",\"name\":\"RoFlexs\",\"description\":\"\",\"publisher\":{\"@id\":\"https:\\\/\\\/roflexs.shop\\\/#organization\"},\"potentialAction\":[{\"@type\":\"SearchAction\",\"target\":{\"@type\":\"EntryPoint\",\"urlTemplate\":\"https:\\\/\\\/roflexs.shop\\\/?s={search_term_string}\"},\"query-input\":{\"@type\":\"PropertyValueSpecification\",\"valueRequired\":true,\"valueName\":\"search_term_string\"}}],\"inLanguage\":\"en-GB\"},{\"@type\":\"Organization\",\"@id\":\"https:\\\/\\\/roflexs.shop\\\/#organization\",\"name\":\"RoFlexs GmbH\",\"url\":\"https:\\\/\\\/roflexs.shop\\\/\",\"logo\":{\"@type\":\"ImageObject\",\"inLanguage\":\"en-GB\",\"@id\":\"https:\\\/\\\/roflexs.shop\\\/#\\\/schema\\\/logo\\\/image\\\/\",\"url\":\"https:\\\/\\\/roflexs.shop\\\/wp-content\\\/uploads\\\/Logo-Roflex-quer.png\",\"contentUrl\":\"https:\\\/\\\/roflexs.shop\\\/wp-content\\\/uploads\\\/Logo-Roflex-quer.png\",\"width\":496,\"height\":180,\"caption\":\"RoFlexs GmbH\"},\"image\":{\"@id\":\"https:\\\/\\\/roflexs.shop\\\/#\\\/schema\\\/logo\\\/image\\\/\"},\"sameAs\":[\"https:\\\/\\\/www.facebook.com\\\/RoFlexs\",\"https:\\\/\\\/www.instagram.com\\\/roflexs_gmbh\\\/\",\"https:\\\/\\\/www.youtube.com\\\/user\\\/RoFlexs\\\/videos\"]}]}<\/script>\n<!-- \/ Yoast SEO plugin. -->","yoast_head_json":{"title":"Shop - RoFlexs","description":"\"Visit the online shop of roflexs.shop - your expert for mobile fences and paddocks for horses. Discover our extensive range of high-quality products for keeping your horses. Order online now!\"","robots":{"index":"noindex","follow":"nofollow"},"og_locale":"en_GB","og_type":"article","og_title":"Shop - RoFlexs","og_description":"\"Besuchen Sie den Onlineshop von roflexs.shop \u2013 Ihr Experte f\u00fcr mobile Z\u00e4une und Paddocks f\u00fcr Pferde. Entdecken Sie unser umfangreiches Sortiment an hochwertigen Produkten f\u00fcr Ihre Pferdehaltung. Jetzt online bestellen!\"","og_url":"https:\/\/roflexs.shop\/en\/shop\/","og_site_name":"RoFlexs","article_publisher":"https:\/\/www.facebook.com\/RoFlexs","article_modified_time":"2024-10-30T09:51:02+00:00","og_image":[{"width":496,"height":180,"url":"https:\/\/roflexs.shop\/wp-content\/uploads\/Logo-Roflex-quer.png","type":"image\/png"}],"twitter_card":"summary_large_image","schema":{"@context":"https:\/\/schema.org","@graph":[{"@type":"WebPage","@id":"https:\/\/roflexs.shop\/shop\/","url":"https:\/\/roflexs.shop\/shop\/","name":"Shop - RoFlexs","isPartOf":{"@id":"https:\/\/roflexs.shop\/#website"},"datePublished":"2024-02-22T12:49:26+00:00","dateModified":"2024-10-30T09:51:02+00:00","description":"\"Visit the online shop of roflexs.shop - your expert for mobile fences and paddocks for horses. Discover our extensive range of high-quality products for keeping your horses. Order online now!\"","breadcrumb":{"@id":"https:\/\/roflexs.shop\/shop\/#breadcrumb"},"inLanguage":"en-GB","potentialAction":[{"@type":"ReadAction","target":["https:\/\/roflexs.shop\/shop\/"]}]},{"@type":"BreadcrumbList","@id":"https:\/\/roflexs.shop\/shop\/#breadcrumb","itemListElement":[{"@type":"ListItem","position":1,"name":"Startseite","item":"https:\/\/roflexs.shop\/"},{"@type":"ListItem","position":2,"name":"Shop"}]},{"@type":"WebSite","@id":"https:\/\/roflexs.shop\/#website","url":"https:\/\/roflexs.shop\/","name":"RoFlexs","description":"","publisher":{"@id":"https:\/\/roflexs.shop\/#organization"},"potentialAction":[{"@type":"SearchAction","target":{"@type":"EntryPoint","urlTemplate":"https:\/\/roflexs.shop\/?s={search_term_string}"},"query-input":{"@type":"PropertyValueSpecification","valueRequired":true,"valueName":"search_term_string"}}],"inLanguage":"en-GB"},{"@type":"Organization","@id":"https:\/\/roflexs.shop\/#organization","name":"RoFlexs GmbH","url":"https:\/\/roflexs.shop\/","logo":{"@type":"ImageObject","inLanguage":"en-GB","@id":"https:\/\/roflexs.shop\/#\/schema\/logo\/image\/","url":"https:\/\/roflexs.shop\/wp-content\/uploads\/Logo-Roflex-quer.png","contentUrl":"https:\/\/roflexs.shop\/wp-content\/uploads\/Logo-Roflex-quer.png","width":496,"height":180,"caption":"RoFlexs GmbH"},"image":{"@id":"https:\/\/roflexs.shop\/#\/schema\/logo\/image\/"},"sameAs":["https:\/\/www.facebook.com\/RoFlexs","https:\/\/www.instagram.com\/roflexs_gmbh\/","https:\/\/www.youtube.com\/user\/RoFlexs\/videos"]}]}},"_links":{"self":[{"href":"https:\/\/roflexs.shop\/en\/wp-json\/wp\/v2\/pages\/10","targetHints":{"allow":["GET"]}}],"collection":[{"href":"https:\/\/roflexs.shop\/en\/wp-json\/wp\/v2\/pages"}],"about":[{"href":"https:\/\/roflexs.shop\/en\/wp-json\/wp\/v2\/types\/page"}],"author":[{"embeddable":true,"href":"https:\/\/roflexs.shop\/en\/wp-json\/wp\/v2\/users\/1"}],"replies":[{"embeddable":true,"href":"https:\/\/roflexs.shop\/en\/wp-json\/wp\/v2\/comments?post=10"}],"version-history":[{"count":0,"href":"https:\/\/roflexs.shop\/en\/wp-json\/wp\/v2\/pages\/10\/revisions"}],"wp:attachment":[{"href":"https:\/\/roflexs.shop\/en\/wp-json\/wp\/v2\/media?parent=10"}],"curies":[{"name":"wp","href":"https:\/\/api.w.org\/{rel}","templated":true}]}}